{"id":9532,"date":"2020-08-06T13:32:50","date_gmt":"2020-08-06T16:32:50","guid":{"rendered":"https:\/\/ampid.org.br\/site2020\/?page_id=9532"},"modified":"2020-08-06T13:32:50","modified_gmt":"2020-08-06T16:32:50","slug":"lei-12213","status":"publish","type":"page","link":"https:\/\/ampid.org.br\/site2020\/?page_id=9532","title":{"rendered":"Lei N\u00ba 12.213, de 29 de Setembro de 2010"},"content":{"rendered":"<section class=\"l-section wpb_row height_small\"><div class=\"l-section-h i-cf\"><div class=\"g-cols vc_row via_flex valign_top type_default stacking_default\"><div class=\"vc_col-sm-12 wpb_column vc_column_container\"><div class=\"vc_column-inner\"><div class=\"wpb_wrapper\"><div class=\"w-image align_left\"><div class=\"w-image-h\"><img decoding=\"async\" width=\"90\" height=\"91\" src=\"https:\/\/ampid.org.br\/site2020\/wp-content\/uploads\/2020\/08\/brasao_brasil.png\" class=\"attachment-full size-full\" alt=\"\" loading=\"lazy\" \/><\/div><\/div><div class=\"w-separator size_small\"><\/div><div class=\"wpb_text_column\"><div class=\"wpb_wrapper\"><div class=\"titulo\">\n<h3><strong>Presid\u00eancia da Rep\u00fablica<\/strong><br \/>\nCasa Civil<br \/>\nSubchefia para Assuntos Jur\u00eddicos<\/h3>\n<\/div>\n<\/div><\/div><div class=\"w-separator size_medium\"><\/div><div class=\"wpb_text_column\"><div class=\"wpb_wrapper\"><div class=\"titulo\">\n<p><strong><u>Lei N\u00ba 12.213, de 29 de Setembro de 2010<\/u><\/strong><\/p>\n<div>Institui o Fundo Nacional do Idoso e autoriza deduzir do imposto de renda devido pelas pessoas f\u00edsicas e jur\u00eddicas as doa\u00e7\u00f5es efetuadas aos Fundos Municipais, Estaduais e Nacional do Idoso; e altera a Lei no 9.250, de 26 de dezembro de 1995.<\/div>\n<p>&nbsp;<\/p>\n<p><b>O\u00a0PRESIDENTE\u00a0DA\u00a0REP\u00daBLICA<\/b> Fa\u00e7o saber que o Congresso Nacional decreta e eu sanciono a seguinte Lei:<\/p>\n<p>Art. 1\u00ba Fica institu\u00eddo o Fundo Nacional do Idoso, destinado a financiar os programas e as a\u00e7\u00f5es relativas ao idoso com vistas em assegurar os seus direitos sociais e criar condi\u00e7\u00f5es para promover sua autonomia, integra\u00e7\u00e3o e participa\u00e7\u00e3o efetiva na sociedade.<\/p>\n<p><b>Par\u00e1grafo \u00fanico<\/b>. O Fundo a que se refere o caputdeste artigo ter\u00e1 como receita:<\/p>\n<div>\n<p>I &#8211; os recursos que, em conformidade com o art. 115 da Lei no 10.741, de 1o de outubro de 2003, foram destinados ao Fundo Nacional de Assist\u00eancia Social, para aplica\u00e7\u00e3o em programas e a\u00e7\u00f5es relativos ao idoso;<\/p>\n<p>II &#8211; as contribui\u00e7\u00f5es referidas nos arts. 2o e 3o desta Lei, que lhe forem destinadas;<\/p>\n<p>III &#8211; os recursos que lhe forem destinados no or\u00e7amento da Uni\u00e3o;<\/p>\n<p>IV &#8211; contribui\u00e7\u00f5es dos governos e organismos estrangeiros e internacionais;<\/p>\n<p>V &#8211; o resultado de aplica\u00e7\u00f5es do governo e organismo estrangeiros e internacionais;<\/p>\n<p>VI &#8211; o resultado de aplica\u00e7\u00f5es no mercado financeiro, observada a legisla\u00e7\u00e3o pertinente;<\/p>\n<p>VII &#8211; outros recursos que lhe forem destinados.<\/p>\n<\/div>\n<p><b>Art. 2\u00ba<\/b> O inciso I do caput do art. 12 da <a href=\"http:\/\/www.planalto.gov.br\/ccivil_03\/LEIS\/L9250.htm\" target=\"_blank\" rel=\"noopener noreferrer\">Lei no 9.250, de 26 de dezembro de 1995<\/a>, passa a vigorar com a seguinte reda\u00e7\u00e3o:<\/p>\n<div>\n<p>&#8220;<b>Art. 12.<\/b> &#8230;&#8230;&#8230;&#8230; &#8230;&#8230;&#8230; &#8230;&#8230;&#8230; &#8230;&#8230;&#8230; &#8230;&#8230;&#8230;<\/p>\n<p>I &#8211; as contribui\u00e7\u00f5es feitas aos Fundos controlados pelos Conselhos Municipais, Estaduais e Nacional dos Direitos da Crian\u00e7a e do Adolescente e pelos Conselhos Municipais, Estaduais e Nacional do Idoso;<\/p>\n<p>&#8230;&#8230;&#8230;&#8230; &#8230;&#8230;&#8230; &#8230;&#8230;&#8230; &#8230;&#8230;&#8230; &#8230;&#8230;&#8230; &#8230;&#8230;&#8230; &#8230;&#8230;&#8230; &#8230;&#8230;&#8230; &#8230;&#8221; (NR)<\/p>\n<\/div>\n<p><b>Art. 3\u00ba<\/b> A pessoa jur\u00eddica poder\u00e1 deduzir do imposto de renda devido, em cada per\u00edodo de apura\u00e7\u00e3o, o total das doa\u00e7\u00f5es feitas aos Fundos Nacional, Estaduais ou Municipais do Idoso devidamente comprovadas, vedada a dedu\u00e7\u00e3o como despesa operacional.<\/p>\n<p><b>Par\u00e1grafo \u00fanico.<\/b> A dedu\u00e7\u00e3o a que se refere o caput deste artigo, somada \u00e0 dedu\u00e7\u00e3o relativa \u00e0s doa\u00e7\u00f5es efetuadas aos Fundos dos Direitos da Crian\u00e7a e do Adolescente, a que se refere o <a href=\"http:\/\/www.planalto.gov.br\/ccivil_03\/LEIS\/L8069.htm#art260\" target=\"_blank\" rel=\"noopener noreferrer\">art. 260 da Lei n\u00ba 8.069, de 13 de julho de 1990<\/a>, com a reda\u00e7\u00e3o dada pelo art. 10 da Lei n\u00ba 8.242, de 12 de outubro de 1991, n\u00e3o poder\u00e1 ultrapassar 1% (um por cento) do imposto devido.<\/p>\n<p><b>Art. 4\u00ba<\/b> \u00c9 compet\u00eancia do Conselho Nacional dos Direitos da Pessoa Idosa &#8211; CNDI gerir o Fundo Nacional do Idoso e fixar os crit\u00e9rios para sua utiliza\u00e7\u00e3o.<\/p>\n<p><b>Art. 5\u00ba<\/b> Esta Lei entra em vigor em 1\u00ba de janeiro do ano seguinte ao de sua publica\u00e7\u00e3o oficial.<\/p>\n<p>Bras\u00edlia,\u00a0 20 de janeiro de 2010; 189\u00ba da Independ\u00eancia e 122\u00ba da Rep\u00fablica.<\/p>\n<p>LUIZ IN\u00c1CIO LULA DA SILVA<br \/>\n<i>Luiz Paulo Teles Ferreira Barreto<br \/>\nGuido Mantega<br \/>\nJos\u00e9 Gomes Tempor\u00e3o<br \/>\nPaulo Bernardo Silva<br \/>\nPatrus Ananias<\/i><\/p>\n<p><b>Este texto n\u00e3o substitui o publicado no DOU de 21.1.2010<\/b><\/p>\n<\/div>\n<\/div><\/div><\/div><\/div><\/div><\/div><\/div><\/section>\n","protected":false},"excerpt":{"rendered":"Presid\u00eancia da Rep\u00fablica Casa Civil Subchefia para Assuntos Jur\u00eddicos Lei N\u00ba 12.213, de 29 de Setembro de 2010 Institui o Fundo Nacional do Idoso e autoriza deduzir do imposto de renda devido pelas pessoas f\u00edsicas e jur\u00eddicas as doa\u00e7\u00f5es efetuadas aos Fundos Municipais, Estaduais e Nacional do Idoso; e altera a Lei no 9.250, de...","protected":false},"author":1,"featured_media":0,"parent":0,"menu_order":0,"comment_status":"closed","ping_status":"closed","template":"","meta":{"_acf_changed":false,"inline_featured_image":false,"footnotes":""},"class_list":["post-9532","page","type-page","status-publish","hentry"],"acf":[],"_links":{"self":[{"href":"https:\/\/ampid.org.br\/site2020\/index.php?rest_route=\/wp\/v2\/pages\/9532","targetHints":{"allow":["GET"]}}],"collection":[{"href":"https:\/\/ampid.org.br\/site2020\/index.php?rest_route=\/wp\/v2\/pages"}],"about":[{"href":"https:\/\/ampid.org.br\/site2020\/index.php?rest_route=\/wp\/v2\/types\/page"}],"author":[{"embeddable":true,"href":"https:\/\/ampid.org.br\/site2020\/index.php?rest_route=\/wp\/v2\/users\/1"}],"replies":[{"embeddable":true,"href":"https:\/\/ampid.org.br\/site2020\/index.php?rest_route=%2Fwp%2Fv2%2Fcomments&post=9532"}],"version-history":[{"count":0,"href":"https:\/\/ampid.org.br\/site2020\/index.php?rest_route=\/wp\/v2\/pages\/9532\/revisions"}],"wp:attachment":[{"href":"https:\/\/ampid.org.br\/site2020\/index.php?rest_route=%2Fwp%2Fv2%2Fmedia&parent=9532"}],"curies":[{"name":"wp","href":"https:\/\/api.w.org\/{rel}","templated":true}]}}