{"id":9530,"date":"2020-08-06T13:31:27","date_gmt":"2020-08-06T16:31:27","guid":{"rendered":"https:\/\/ampid.org.br\/site2020\/?page_id=9530"},"modified":"2020-08-06T13:31:27","modified_gmt":"2020-08-06T16:31:27","slug":"lei-11551","status":"publish","type":"page","link":"https:\/\/ampid.org.br\/site2020\/?page_id=9530","title":{"rendered":"Lei N\u00ba 11.551, de 19 de Novembro de 2007"},"content":{"rendered":"<section class=\"l-section wpb_row height_small\"><div class=\"l-section-h i-cf\"><div class=\"g-cols vc_row via_flex valign_top type_default stacking_default\"><div class=\"vc_col-sm-12 wpb_column vc_column_container\"><div class=\"vc_column-inner\"><div class=\"wpb_wrapper\"><div class=\"w-image align_left\"><div class=\"w-image-h\"><img decoding=\"async\" width=\"90\" height=\"91\" src=\"https:\/\/ampid.org.br\/site2020\/wp-content\/uploads\/2020\/08\/brasao_brasil.png\" class=\"attachment-full size-full\" alt=\"\" loading=\"lazy\" \/><\/div><\/div><div class=\"w-separator size_small\"><\/div><div class=\"wpb_text_column\"><div class=\"wpb_wrapper\"><div class=\"titulo\">\n<h3><strong>Presid\u00eancia da Rep\u00fablica<\/strong><br \/>\nCasa Civil<br \/>\nSubchefia para Assuntos Jur\u00eddicos<\/h3>\n<\/div>\n<\/div><\/div><div class=\"w-separator size_medium\"><\/div><div class=\"wpb_text_column\"><div class=\"wpb_wrapper\"><div class=\"titulo\">\n<p><strong><u>Lei N\u00ba 11.551, de 19 de Novembro de 2007<\/u><\/strong><\/p>\n<div>Institui o Programa Disque Idoso.<\/div>\n<p>&nbsp;<\/p>\n<p><b>O\u00a0PRESIDENTE\u00a0DA\u00a0REP\u00daBLICA<\/b> Fa\u00e7o saber que o Congresso Nacional decreta e eu sanciono a seguinte Lei:<\/p>\n<p>Art. 1\u00ba\u00a0 \u00c9 institu\u00eddo o Programa Disque Idoso, com a finalidade de atendimento a den\u00fancias de maus-tratos e viol\u00eancia contra os idosos a partir de 60 (sessenta) anos.<\/p>\n<p>Art. 2\u00ba\u00a0 Esta Lei entra em vigor na data de sua publica\u00e7\u00e3o.<\/p>\n<p>Bras\u00edlia,\u00a0 19\u00a0 de novembro de 2007; 186\u00ba da Independ\u00eancia e 119\u00ba da Rep\u00fablica.<\/p>\n<p>LUIZ IN\u00c1CIO LULA DA SILVA<br \/>\nPatrus Ananias<\/p>\n<p><b>Este texto n\u00e3o substitui o publicado no DOU de 20.11.2007<\/b><\/p>\n<\/div>\n<\/div><\/div><\/div><\/div><\/div><\/div><\/div><\/section>\n","protected":false},"excerpt":{"rendered":"Presid\u00eancia da Rep\u00fablica Casa Civil Subchefia para Assuntos Jur\u00eddicos Lei N\u00ba 11.551, de 19 de Novembro de 2007 Institui o Programa Disque Idoso. &nbsp; O\u00a0PRESIDENTE\u00a0DA\u00a0REP\u00daBLICA Fa\u00e7o saber que o Congresso Nacional decreta e eu sanciono a seguinte Lei: Art. 1\u00ba\u00a0 \u00c9 institu\u00eddo o Programa Disque Idoso, com a finalidade de atendimento a den\u00fancias de maus-tratos...","protected":false},"author":1,"featured_media":0,"parent":0,"menu_order":0,"comment_status":"closed","ping_status":"closed","template":"","meta":{"_acf_changed":false,"inline_featured_image":false,"footnotes":""},"class_list":["post-9530","page","type-page","status-publish","hentry"],"acf":[],"_links":{"self":[{"href":"https:\/\/ampid.org.br\/site2020\/index.php?rest_route=\/wp\/v2\/pages\/9530","targetHints":{"allow":["GET"]}}],"collection":[{"href":"https:\/\/ampid.org.br\/site2020\/index.php?rest_route=\/wp\/v2\/pages"}],"about":[{"href":"https:\/\/ampid.org.br\/site2020\/index.php?rest_route=\/wp\/v2\/types\/page"}],"author":[{"embeddable":true,"href":"https:\/\/ampid.org.br\/site2020\/index.php?rest_route=\/wp\/v2\/users\/1"}],"replies":[{"embeddable":true,"href":"https:\/\/ampid.org.br\/site2020\/index.php?rest_route=%2Fwp%2Fv2%2Fcomments&post=9530"}],"version-history":[{"count":0,"href":"https:\/\/ampid.org.br\/site2020\/index.php?rest_route=\/wp\/v2\/pages\/9530\/revisions"}],"wp:attachment":[{"href":"https:\/\/ampid.org.br\/site2020\/index.php?rest_route=%2Fwp%2Fv2%2Fmedia&parent=9530"}],"curies":[{"name":"wp","href":"https:\/\/api.w.org\/{rel}","templated":true}]}}