{"id":9526,"date":"2020-08-06T13:18:42","date_gmt":"2020-08-06T16:18:42","guid":{"rendered":"https:\/\/ampid.org.br\/site2020\/?page_id=9526"},"modified":"2020-08-06T13:18:42","modified_gmt":"2020-08-06T16:18:42","slug":"lei-11737","status":"publish","type":"page","link":"https:\/\/ampid.org.br\/site2020\/?page_id=9526","title":{"rendered":"Lei N\u00ba 11.737, de 14 de Julho de 2008"},"content":{"rendered":"<section class=\"l-section wpb_row height_small\"><div class=\"l-section-h i-cf\"><div class=\"g-cols vc_row via_flex valign_top type_default stacking_default\"><div class=\"vc_col-sm-12 wpb_column vc_column_container\"><div class=\"vc_column-inner\"><div class=\"wpb_wrapper\"><div class=\"w-image align_left\"><div class=\"w-image-h\"><img decoding=\"async\" width=\"90\" height=\"91\" src=\"https:\/\/ampid.org.br\/site2020\/wp-content\/uploads\/2020\/08\/brasao_brasil.png\" class=\"attachment-full size-full\" alt=\"\" loading=\"lazy\" \/><\/div><\/div><div class=\"w-separator size_small\"><\/div><div class=\"wpb_text_column\"><div class=\"wpb_wrapper\"><div class=\"titulo\">\n<h3><strong>Presid\u00eancia da Rep\u00fablica<\/strong><br \/>\nCasa Civil<br \/>\nSubchefia para Assuntos Jur\u00eddicos<\/h3>\n<\/div>\n<\/div><\/div><div class=\"w-separator size_medium\"><\/div><div class=\"wpb_text_column\"><div class=\"wpb_wrapper\"><div class=\"titulo\">\n<p><u>Lei N\u00ba 11.737, de 14 de Julho de 2008<\/u><\/p>\n<div>Altera o art. 13 da Lei no 10.741, de 1\u00ba de outubro de 2003 &#8211; Estatuto do Idoso, para atribuir aos Defensores P\u00fablicos o poder de referendar transa\u00e7\u00f5es relativas a alimentos.<\/div>\n<p>&nbsp;<\/p>\n<p><b>O\u00a0PRESIDENTE\u00a0DA\u00a0REP\u00daBLICA<\/b> Fa\u00e7o saber que o Congresso Nacional decreta e eu sanciono a seguinte Lei:<\/p>\n<p><b>Art. 1\u00ba<\/b> Esta Lei altera o art. 13 da Lei n\u00ba 10.741, de 1\u00ba de outubro de 2003 &#8211; Estatuto do Idoso, para atribuir aos Defensores P\u00fablicos o poder de referendar transa\u00e7\u00f5es relativas a alimentos.<\/p>\n<p><b>Art. 2\u00ba<\/b> O art. 13 da Lei n\u00ba 10.741, de 1\u00ba de outubro de 2003, passa a vigorar com a seguinte reda\u00e7\u00e3o:<\/p>\n<div>\n<p>&#8220;Art. 13. As transa\u00e7\u00f5es relativas a alimentos poder\u00e3o ser celebradas perante o Promotor de Justi\u00e7a ou Defensor P\u00fablico, que as referendar\u00e1, e passar\u00e3o a ter efeito de t\u00edtulo executivo extrajudicial nos termos da lei processual civil.&#8221; (NR)<\/p>\n<\/div>\n<p><b>Art. 3\u00ba<\/b> Esta Lei entra em vigor na data de sua publica\u00e7\u00e3o.<\/p>\n<p>Bras\u00edlia, 14 de julho de 2008; 187\u00ba da Independ\u00eancia e 120\u00ba da Rep\u00fablica.<\/p>\n<p>&nbsp;<\/p>\n<p>LUIZ IN\u00c1CIO LULA DA SILVA<\/p>\n<\/div>\n<\/div><\/div><\/div><\/div><\/div><\/div><\/div><\/section>\n","protected":false},"excerpt":{"rendered":"Presid\u00eancia da Rep\u00fablica Casa Civil Subchefia para Assuntos Jur\u00eddicos Lei N\u00ba 11.737, de 14 de Julho de 2008 Altera o art. 13 da Lei no 10.741, de 1\u00ba de outubro de 2003 &#8211; Estatuto do Idoso, para atribuir aos Defensores P\u00fablicos o poder de referendar transa\u00e7\u00f5es relativas a alimentos. &nbsp; O\u00a0PRESIDENTE\u00a0DA\u00a0REP\u00daBLICA Fa\u00e7o saber que o...","protected":false},"author":1,"featured_media":0,"parent":0,"menu_order":0,"comment_status":"closed","ping_status":"closed","template":"","meta":{"_acf_changed":false,"inline_featured_image":false,"footnotes":""},"class_list":["post-9526","page","type-page","status-publish","hentry"],"acf":[],"_links":{"self":[{"href":"https:\/\/ampid.org.br\/site2020\/index.php?rest_route=\/wp\/v2\/pages\/9526","targetHints":{"allow":["GET"]}}],"collection":[{"href":"https:\/\/ampid.org.br\/site2020\/index.php?rest_route=\/wp\/v2\/pages"}],"about":[{"href":"https:\/\/ampid.org.br\/site2020\/index.php?rest_route=\/wp\/v2\/types\/page"}],"author":[{"embeddable":true,"href":"https:\/\/ampid.org.br\/site2020\/index.php?rest_route=\/wp\/v2\/users\/1"}],"replies":[{"embeddable":true,"href":"https:\/\/ampid.org.br\/site2020\/index.php?rest_route=%2Fwp%2Fv2%2Fcomments&post=9526"}],"version-history":[{"count":0,"href":"https:\/\/ampid.org.br\/site2020\/index.php?rest_route=\/wp\/v2\/pages\/9526\/revisions"}],"wp:attachment":[{"href":"https:\/\/ampid.org.br\/site2020\/index.php?rest_route=%2Fwp%2Fv2%2Fmedia&parent=9526"}],"curies":[{"name":"wp","href":"https:\/\/api.w.org\/{rel}","templated":true}]}}