{"id":9520,"date":"2020-08-06T13:11:09","date_gmt":"2020-08-06T16:11:09","guid":{"rendered":"https:\/\/ampid.org.br\/site2020\/?page_id=9520"},"modified":"2020-08-06T13:11:09","modified_gmt":"2020-08-06T16:11:09","slug":"lei-12008","status":"publish","type":"page","link":"https:\/\/ampid.org.br\/site2020\/?page_id=9520","title":{"rendered":"Lei N\u00ba 12.008, de 29 de Julho de 2009"},"content":{"rendered":"<section class=\"l-section wpb_row height_small\"><div class=\"l-section-h i-cf\"><div class=\"g-cols vc_row via_flex valign_top type_default stacking_default\"><div class=\"vc_col-sm-12 wpb_column vc_column_container\"><div class=\"vc_column-inner\"><div class=\"wpb_wrapper\"><div class=\"w-image align_left\"><div class=\"w-image-h\"><img decoding=\"async\" width=\"90\" height=\"91\" src=\"https:\/\/ampid.org.br\/site2020\/wp-content\/uploads\/2020\/08\/brasao_brasil.png\" class=\"attachment-full size-full\" alt=\"\" loading=\"lazy\" \/><\/div><\/div><div class=\"w-separator size_small\"><\/div><div class=\"wpb_text_column\"><div class=\"wpb_wrapper\"><div class=\"titulo\">\n<h3><strong>Presid\u00eancia da Rep\u00fablica<\/strong><br \/>\nCasa Civil<br \/>\nSubchefia para Assuntos Jur\u00eddicos<\/h3>\n<\/div>\n<\/div><\/div><div class=\"w-separator size_medium\"><\/div><div class=\"wpb_text_column\"><div class=\"wpb_wrapper\"><div class=\"titulo\">\n<p><u>Lei N\u00ba 12.008, de 29 de Julho de 2009<\/u><\/p>\n<div><a href=\"http:\/\/www.planalto.gov.br\/ccivil_03\/_Ato2007-2010\/2009\/Msg\/VEP-609-09.htm\" target=\"_blank\" rel=\"noopener noreferrer\">Mensagem de veto<\/a><\/div>\n<div>Altera os arts. 1.211-A, 1.211-B e 1.211-C da Lei no 5.869, de 11 de janeiro de 1973 &#8211; C\u00f3digo de Processo Civil, e acrescenta o art. 69-A \u00e0 Lei no 9.784, de 29 de janeiro de 1999, que regula o processo administrativo no \u00e2mbito da administra\u00e7\u00e3o p\u00fablica federal, a fim de estender a prioridade na tramita\u00e7\u00e3o de procedimentos judiciais e administrativos \u00e0s pessoas que especifica.<\/div>\n<p>&nbsp;<\/p>\n<p><b>O\u00a0PRESIDENTE\u00a0DA\u00a0REP\u00daBLICA<\/b> Fa\u00e7o saber que o Congresso Nacional decreta e eu sanciono a seguinte Lei:<\/p>\n<p>Art. 1\u00ba O art. 1.211-A da Lei no 5.869, de 11 de janeiro de 1973 &#8211; C\u00f3digo de Processo Civil, passa a vigorar com a seguinte reda\u00e7\u00e3o:<\/p>\n<p>&#8220;Art. 1.211-A.\u00a0 Os procedimentos judiciais em que figure como parte ou interessado pessoa com idade igual ou superior a 60 (sessenta) anos, ou portadora de doen\u00e7a grave, ter\u00e3o prioridade de tramita\u00e7\u00e3o em todas as inst\u00e2ncias.<\/p>\n<p>Par\u00e1grafo \u00fanico.\u00a0 (VETADO)&#8221; (NR)<\/p>\n<p>Art. 2\u00ba O art. 1.211-B da Lei no 5.869, de 1973 &#8211; C\u00f3digo de Processo Civil, passa a vigorar com a seguinte reda\u00e7\u00e3o:<\/p>\n<p>&#8220;Art. 1.211-B.\u00a0 A pessoa interessada na obten\u00e7\u00e3o do benef\u00edcio, juntando prova de sua condi\u00e7\u00e3o, dever\u00e1 requer\u00ea-lo \u00e0 autoridade judici\u00e1ria competente para decidir o feito, que determinar\u00e1 ao cart\u00f3rio do ju\u00edzo as provid\u00eancias a serem cumpridas.<\/p>\n<p>\u00a7 1\u00ba Deferida a prioridade, os autos receber\u00e3o identifica\u00e7\u00e3o pr\u00f3pria que evidencie o regime de tramita\u00e7\u00e3o priorit\u00e1ria.<\/p>\n<p>\u00a7 2\u00ba (VETADO)<\/p>\n<p>\u00a7 3\u00ba (VETADO)&#8221; (NR)<\/p>\n<p>Art. 3\u00ba O art. 1.211-C da Lei no 5.869, de 1973 &#8211; C\u00f3digo de Processo Civil, passa a vigorar com a seguinte reda\u00e7\u00e3o:<\/p>\n<p>&#8220;Art. 1.211-C.\u00a0 Concedida a prioridade, essa n\u00e3o cessar\u00e1 com a morte do beneficiado, estendendo-se em favor do c\u00f4njuge sup\u00e9rstite, companheiro ou companheira, em uni\u00e3o est\u00e1vel.&#8221; (NR)<\/p>\n<p>Art. 4\u00ba A Lei no 9.784, de 29 de janeiro de 1999, passa a vigorar acrescida do seguinte art. 69-A:<\/p>\n<p>Art. 69-A.\u00a0 Ter\u00e3o prioridade na tramita\u00e7\u00e3o, em qualquer \u00f3rg\u00e3o ou inst\u00e2ncia, os procedimentos administrativos em que figure como parte ou interessado:<\/p>\n<p>I &#8211; pessoa com idade igual ou superior a 60 (sessenta) anos;<\/p>\n<p>II &#8211; pessoa portadora de defici\u00eancia, f\u00edsica ou mental;<\/p>\n<p>III &#8211; (VETADO)<\/p>\n<p>IV &#8211; pessoa portadora de tuberculose ativa, esclerose m\u00faltipla, neoplasia maligna, hansen\u00edase, paralisia irrevers\u00edvel e incapacitante, cardiopatia grave, doen\u00e7a de Parkinson, espondiloartrose anquilosante, nefropatia grave, hepatopatia grave, estados avan\u00e7ados da doen\u00e7a de Paget (oste\u00edte deformante), contamina\u00e7\u00e3o por radia\u00e7\u00e3o, s\u00edndrome de imunodefici\u00eancia adquirida, ou outra doen\u00e7a grave, com base em conclus\u00e3o da medicina especializada, mesmo que a doen\u00e7a tenha sido contra\u00edda ap\u00f3s o in\u00edcio do processo.<\/p>\n<p>\u00a7 1\u00ba A pessoa interessada na obten\u00e7\u00e3o do benef\u00edcio, juntando prova de sua condi\u00e7\u00e3o, dever\u00e1 requer\u00ea-lo \u00e0 autoridade administrativa competente, que determinar\u00e1 as provid\u00eancias a serem cumpridas.<\/p>\n<p>\u00a7 2\u00ba Deferida a prioridade, os autos receber\u00e3o identifica\u00e7\u00e3o pr\u00f3pria que evidencie o regime de tramita\u00e7\u00e3o priorit\u00e1ria.<\/p>\n<p>\u00a7 3\u00ba (VETADO)<\/p>\n<p>\u00a7 4\u00ba (VETADO)<\/p>\n<p>Art. 5\u00ba Esta Lei entra em vigor na data de sua publica\u00e7\u00e3o.<\/p>\n<p>Bras\u00edlia,\u00a0 29\u00a0 de julho de 2009; 188\u00ba da Independ\u00eancia e 121\u00ba da Rep\u00fablica.<\/p>\n<p>LUIZ IN\u00c1CIO LULA DA SILVA<br \/>\nTarso Genro<br \/>\nGuido Mantega<br \/>\nCarlos Lupi<br \/>\nJos\u00e9 Gomes Tempor\u00e3o<br \/>\nJos\u00e9 Pimentel<br \/>\nJos\u00e9 Antonio Dias Toffoli<\/p>\n<p><b>Este texto n\u00e3o substitui o publicado no DOU de 30.7.2009<\/b><\/p>\n<\/div>\n<\/div><\/div><\/div><\/div><\/div><\/div><\/div><\/section>\n","protected":false},"excerpt":{"rendered":"Presid\u00eancia da Rep\u00fablica Casa Civil Subchefia para Assuntos Jur\u00eddicos Lei N\u00ba 12.008, de 29 de Julho de 2009 Mensagem de veto Altera os arts. 1.211-A, 1.211-B e 1.211-C da Lei no 5.869, de 11 de janeiro de 1973 &#8211; C\u00f3digo de Processo Civil, e acrescenta o art. 69-A \u00e0 Lei no 9.784, de 29 de...","protected":false},"author":1,"featured_media":0,"parent":0,"menu_order":0,"comment_status":"closed","ping_status":"closed","template":"","meta":{"_acf_changed":false,"inline_featured_image":false,"footnotes":""},"class_list":["post-9520","page","type-page","status-publish","hentry"],"acf":[],"_links":{"self":[{"href":"https:\/\/ampid.org.br\/site2020\/index.php?rest_route=\/wp\/v2\/pages\/9520","targetHints":{"allow":["GET"]}}],"collection":[{"href":"https:\/\/ampid.org.br\/site2020\/index.php?rest_route=\/wp\/v2\/pages"}],"about":[{"href":"https:\/\/ampid.org.br\/site2020\/index.php?rest_route=\/wp\/v2\/types\/page"}],"author":[{"embeddable":true,"href":"https:\/\/ampid.org.br\/site2020\/index.php?rest_route=\/wp\/v2\/users\/1"}],"replies":[{"embeddable":true,"href":"https:\/\/ampid.org.br\/site2020\/index.php?rest_route=%2Fwp%2Fv2%2Fcomments&post=9520"}],"version-history":[{"count":0,"href":"https:\/\/ampid.org.br\/site2020\/index.php?rest_route=\/wp\/v2\/pages\/9520\/revisions"}],"wp:attachment":[{"href":"https:\/\/ampid.org.br\/site2020\/index.php?rest_route=%2Fwp%2Fv2%2Fmedia&parent=9520"}],"curies":[{"name":"wp","href":"https:\/\/api.w.org\/{rel}","templated":true}]}}