{"id":9517,"date":"2020-08-06T13:08:59","date_gmt":"2020-08-06T16:08:59","guid":{"rendered":"https:\/\/ampid.org.br\/site2020\/?page_id=9517"},"modified":"2020-08-06T13:08:59","modified_gmt":"2020-08-06T16:08:59","slug":"lei-11982","status":"publish","type":"page","link":"https:\/\/ampid.org.br\/site2020\/?page_id=9517","title":{"rendered":"Lei N\u00ba 11.982, de 16 de Julho de 2009"},"content":{"rendered":"<section class=\"l-section wpb_row height_small\"><div class=\"l-section-h i-cf\"><div class=\"g-cols vc_row via_flex valign_top type_default stacking_default\"><div class=\"vc_col-sm-12 wpb_column vc_column_container\"><div class=\"vc_column-inner\"><div class=\"wpb_wrapper\"><div class=\"w-image align_left\"><div class=\"w-image-h\"><img decoding=\"async\" width=\"90\" height=\"91\" src=\"https:\/\/ampid.org.br\/site2020\/wp-content\/uploads\/2020\/08\/brasao_brasil.png\" class=\"attachment-full size-full\" alt=\"\" loading=\"lazy\" \/><\/div><\/div><div class=\"w-separator size_small\"><\/div><div class=\"wpb_text_column\"><div class=\"wpb_wrapper\"><div class=\"titulo\">\n<h3><strong>Presid\u00eancia da Rep\u00fablica<\/strong><br \/>\nCasa Civil<br \/>\nSubchefia para Assuntos Jur\u00eddicos<\/h3>\n<\/div>\n<\/div><\/div><div class=\"w-separator size_medium\"><\/div><div class=\"wpb_text_column\"><div class=\"wpb_wrapper\"><div class=\"titulo\">\n<p><strong><u>Lei N\u00ba 11.982, de 16 de Julho de 2009<\/u><\/strong><\/p>\n<div>Acrescenta par\u00e1grafo \u00fanico ao art. 4\u00ba da Lei n\u00ba 10.098, de 19 de dezembro de 2000, para determinar a adapta\u00e7\u00e3o de parte dos brinquedos e equipamentos dos parques de divers\u00f5es \u00e0s necessidades das pessoas com defici\u00eancia ou com mobilidade reduzida.<\/div>\n<h1><\/h1>\n<p><b>O\u00a0PRESIDENTE\u00a0DA\u00a0REP\u00daBLICA<\/b> Fa\u00e7o saber que o Congresso Nacional decreta e eu sanciono a seguinte Lei:<\/p>\n<p>Art. 1\u00ba Esta Lei acrescenta par\u00e1grafo \u00fanico ao art. 4o da Lei no 10.098, de 19 de dezembro de 2000, para determinar a adapta\u00e7\u00e3o de parte dos brinquedos e equipamentos dos parques de divers\u00f5es \u00e0s necessidades das pessoas portadoras de defici\u00eancia ou com mobilidade reduzida.<\/p>\n<p>Art. 2\u00ba O art. 4\u00ba da Lei no 10.098, de 19 de dezembro de 2000, passa a vigorar acrescido do seguinte par\u00e1grafo \u00fanico:<\/p>\n<div>\n<p>&#8220;Art. 4o\u00a0 &#8230;&#8230;&#8230;&#8230;&#8230;&#8230;&#8230;&#8230;&#8230;&#8230;&#8230;&#8230;&#8230;&#8230;&#8230;&#8230;&#8230;&#8230;&#8230;&#8230;&#8230;&#8230;&#8230;..<\/p>\n<p><b>Par\u00e1grafo \u00fanico.<\/b>\u00a0 Os parques de divers\u00f5es, p\u00fablicos e privados, devem adaptar, no m\u00ednimo, 5% (cinco por cento) de cada brinquedo e equipamento e identific\u00e1-lo para possibilitar sua utiliza\u00e7\u00e3o por pessoas com defici\u00eancia ou com mobilidade reduzida, tanto quanto tecnicamente poss\u00edvel.&#8221; (NR)<\/p>\n<\/div>\n<p>Art. 3\u00ba\u00a0 Esta Lei entra em vigor na data de sua publica\u00e7\u00e3o.<\/p>\n<p>Bras\u00edlia,\u00a0 16\u00a0 de julho de 2009; 188\u00ba da Independ\u00eancia e 121\u00ba da Rep\u00fablica.<\/p>\n<p>LUIZ IN\u00c1CIO LULA DA SILVA<br \/>\nTarso Genro<br \/>\nWelber Oliveira Barral<\/p>\n<p><b>Este texto n\u00e3o substitui o publicado no DOU de 17.7.2009<\/b><\/p>\n<\/div>\n<\/div><\/div><\/div><\/div><\/div><\/div><\/div><\/section>\n","protected":false},"excerpt":{"rendered":"Presid\u00eancia da Rep\u00fablica Casa Civil Subchefia para Assuntos Jur\u00eddicos Lei N\u00ba 11.982, de 16 de Julho de 2009 Acrescenta par\u00e1grafo \u00fanico ao art. 4\u00ba da Lei n\u00ba 10.098, de 19 de dezembro de 2000, para determinar a adapta\u00e7\u00e3o de parte dos brinquedos e equipamentos dos parques de divers\u00f5es \u00e0s necessidades das pessoas com defici\u00eancia ou...","protected":false},"author":1,"featured_media":0,"parent":0,"menu_order":0,"comment_status":"closed","ping_status":"closed","template":"","meta":{"_acf_changed":false,"inline_featured_image":false,"footnotes":""},"class_list":["post-9517","page","type-page","status-publish","hentry"],"acf":[],"_links":{"self":[{"href":"https:\/\/ampid.org.br\/site2020\/index.php?rest_route=\/wp\/v2\/pages\/9517","targetHints":{"allow":["GET"]}}],"collection":[{"href":"https:\/\/ampid.org.br\/site2020\/index.php?rest_route=\/wp\/v2\/pages"}],"about":[{"href":"https:\/\/ampid.org.br\/site2020\/index.php?rest_route=\/wp\/v2\/types\/page"}],"author":[{"embeddable":true,"href":"https:\/\/ampid.org.br\/site2020\/index.php?rest_route=\/wp\/v2\/users\/1"}],"replies":[{"embeddable":true,"href":"https:\/\/ampid.org.br\/site2020\/index.php?rest_route=%2Fwp%2Fv2%2Fcomments&post=9517"}],"version-history":[{"count":0,"href":"https:\/\/ampid.org.br\/site2020\/index.php?rest_route=\/wp\/v2\/pages\/9517\/revisions"}],"wp:attachment":[{"href":"https:\/\/ampid.org.br\/site2020\/index.php?rest_route=%2Fwp%2Fv2%2Fmedia&parent=9517"}],"curies":[{"name":"wp","href":"https:\/\/api.w.org\/{rel}","templated":true}]}}