{"id":9381,"date":"2020-08-04T02:35:22","date_gmt":"2020-08-04T05:35:22","guid":{"rendered":"https:\/\/ampid.org.br\/site2020\/?page_id=9381"},"modified":"2020-08-04T06:21:34","modified_gmt":"2020-08-04T09:21:34","slug":"notas","status":"publish","type":"page","link":"https:\/\/ampid.org.br\/site2020\/?page_id=9381","title":{"rendered":"Notas e Mo\u00e7\u00f5es"},"content":{"rendered":"<section class=\"l-section wpb_row height_small\"><div class=\"l-section-h i-cf\"><div class=\"g-cols vc_row via_flex valign_top type_default stacking_default\"><div class=\"vc_col-sm-12 wpb_column vc_column_container\"><div class=\"vc_column-inner\"><div class=\"wpb_wrapper\"><div class=\"wpb_text_column\"><div class=\"wpb_wrapper\"><h1>Notas e Mo\u00e7\u00f5es<\/h1>\n<\/div><\/div><div class=\"w-separator size_large\"><\/div><div class=\"w-grid type_grid layout_blog_14\" id=\"us_grid_1\" style=\"--gap:1.5rem;\" data-filterable=\"true\"><style>.layout_blog_14 .w-grid-item-h{}@media(max-width:479px){.layout_blog_14 .usg_post_image_1{display:none!important}}.layout_blog_14 .usg_hwrapper_1{color:var(--color-content-text)!important;margin-left:10%!important;padding-top:6%!important;padding-bottom:6%!important;background:var(--color-content-bg-alt)!important}.layout_blog_14 .usg_post_image_1{width:50%!important;margin-left:-11%!important;margin-right:0!important}.layout_blog_14 .usg_vwrapper_1{width:48%!important;margin-left:7%!important}.layout_blog_14 .usg_post_date_1{font-size:0.9rem!important}.layout_blog_14 .usg_post_title_1{font-weight:700!important;line-height:1.2!important}.layout_blog_14 .usg_post_content_1{font-size:0.9rem!important}@media (max-width:600px){.layout_blog_14 .usg_hwrapper_1{margin-left:0!important;margin-right:0!important;padding-top:0!important;padding-bottom:0!important}.layout_blog_14 .usg_post_image_1{width:100%!important;margin-left:0!important;margin-right:0!important}.layout_blog_14 .usg_vwrapper_1{width:86%!important;margin:5% 7% 7% 7%!important}}<\/style><div class=\"w-grid-list\">\t<article class=\"w-grid-item size_1x1 post-11791 post type-post status-publish format-standard has-post-thumbnail hentry category-195 category-notas category-pessoas-com-deficiencia category-publicacoes-em-destaque tag-direitosdaspessoascomdeficiencia tag-ampid tag-ministerio-publico\" data-id=\"11791\">\r\n\t\t<div class=\"w-grid-item-h\">\r\n\t\t\t\t\t\t<div class=\"w-hwrapper usg_hwrapper_1 has_text_color align_none valign_center wrap\"><div class=\"w-post-elm post_image usg_post_image_1 has_width stretched\"><a href=\"https:\/\/ampid.org.br\/site2020\/?p=11791\" aria-label=\"Nota P\u00fablica de Apoio \u00e0 Pol\u00edtica Nacional de Educa\u00e7\u00e3o Especial Inclusiva (Decreto N\u00ba 12.686\/2025)\"><img loading=\"lazy\" decoding=\"async\" width=\"1024\" height=\"427\" src=\"https:\/\/ampid.org.br\/site2020\/wp-content\/uploads\/2020\/07\/pub-1-1024x427.jpg\" class=\"attachment-large size-large wp-post-image\" alt=\"\" srcset=\"https:\/\/ampid.org.br\/site2020\/wp-content\/uploads\/2020\/07\/pub-1-1024x427.jpg 1024w, https:\/\/ampid.org.br\/site2020\/wp-content\/uploads\/2020\/07\/pub-1-300x125.jpg 300w, https:\/\/ampid.org.br\/site2020\/wp-content\/uploads\/2020\/07\/pub-1.jpg 1920w\" sizes=\"auto, (max-width: 1024px) 100vw, 1024px\" \/><\/a><\/div><div class=\"w-vwrapper usg_vwrapper_1 align_none valign_top\"><time class=\"w-post-elm post_date usg_post_date_1 entry-date published\" datetime=\"2025-11-05T10:41:59-03:00\" title=\"5 novembro 2025 \u00e0s 10:41:59 America\/Sao_Paulo\">6 meses atr\u00e1s<\/time><h2 class=\"w-post-elm post_title usg_post_title_1 entry-title color_link_inherit\"><a href=\"https:\/\/ampid.org.br\/site2020\/?p=11791\">Nota P\u00fablica de Apoio \u00e0 Pol\u00edtica Nacional de Educa\u00e7\u00e3o Especial Inclusiva (Decreto N\u00ba 12.686\/2025)<\/a><\/h2><div class=\"w-post-elm post_content usg_post_content_1\">NOTA P\u00daBLICA DE APOIO \u00c0 POL\u00cdTICA NACIONAL DE EDUCA\u00c7\u00c3O ESPECIAL INCLUSIVA (DECRETO N\u00ba 12.686\/2025) A Associa\u00e7\u00e3o Nacional dos Membros do Minist\u00e9rio P\u00fablico de Defesa dos Direitos das Pessoas com Defici\u00eancia&hellip;<\/div><\/div><\/div>\t\t<\/div>\r\n\t\t\t<\/article>\r\n\t<article class=\"w-grid-item size_1x1 post-11675 post type-post status-publish format-standard has-post-thumbnail hentry category-195 category-idosos category-notas category-pessoas-com-deficiencia category-publicacoes-em-destaque tag-direitosdaspessoascomdeficiencia tag-ampid tag-autismo tag-conade tag-conselhos-municipais tag-ministerio-publico\" data-id=\"11675\">\r\n\t\t<div class=\"w-grid-item-h\">\r\n\t\t\t\t\t\t<div class=\"w-hwrapper usg_hwrapper_1 has_text_color align_none valign_center wrap\"><div class=\"w-post-elm post_image usg_post_image_1 has_width stretched\"><a href=\"https:\/\/ampid.org.br\/site2020\/?p=11675\" aria-label=\"Nota de Esclarecimento &#8211; Elei\u00e7\u00e3o no Conade\"><img loading=\"lazy\" decoding=\"async\" width=\"1024\" height=\"427\" src=\"https:\/\/ampid.org.br\/site2020\/wp-content\/uploads\/2020\/07\/esc-1024x427.jpg\" class=\"attachment-large size-large wp-post-image\" alt=\"\" srcset=\"https:\/\/ampid.org.br\/site2020\/wp-content\/uploads\/2020\/07\/esc-1024x427.jpg 1024w, https:\/\/ampid.org.br\/site2020\/wp-content\/uploads\/2020\/07\/esc-300x125.jpg 300w, https:\/\/ampid.org.br\/site2020\/wp-content\/uploads\/2020\/07\/esc.jpg 1920w\" sizes=\"auto, (max-width: 1024px) 100vw, 1024px\" \/><\/a><\/div><div class=\"w-vwrapper usg_vwrapper_1 align_none valign_top\"><time class=\"w-post-elm post_date usg_post_date_1 entry-date published\" datetime=\"2025-05-19T09:59:11-03:00\" title=\"19 maio 2025 \u00e0s 09:59:11 America\/Sao_Paulo\">11 meses atr\u00e1s<\/time><h2 class=\"w-post-elm post_title usg_post_title_1 entry-title color_link_inherit\"><a href=\"https:\/\/ampid.org.br\/site2020\/?p=11675\">Nota de Esclarecimento &#8211; Elei\u00e7\u00e3o no Conade<\/a><\/h2><div class=\"w-post-elm post_content usg_post_content_1\">NOTA DE ESCLARECIMENTO Elei\u00e7\u00e3o no Conade A AMPID vem a p\u00fablico esclarecer e evitar not\u00edcias falsas sobre a elei\u00e7\u00e3o para o CONADE que ocorrer\u00e1 em rela\u00e7\u00e3o \u00e0s vagas destinadas para&hellip;<\/div><\/div><\/div>\t\t<\/div>\r\n\t\t\t<\/article>\r\n\t<article class=\"w-grid-item size_1x1 post-11652 post type-post status-publish format-standard has-post-thumbnail hentry category-195 category-idosos category-notas category-publicacoes-em-destaque tag-direitosdaspessoascomdeficiencia tag-naoaopl1584-2025 tag-pl1584-2025 tag-ampid tag-lbi tag-slider\" data-id=\"11652\">\r\n\t\t<div class=\"w-grid-item-h\">\r\n\t\t\t\t\t\t<div class=\"w-hwrapper usg_hwrapper_1 has_text_color align_none valign_center wrap\"><div class=\"w-post-elm post_image usg_post_image_1 has_width stretched\"><a href=\"https:\/\/ampid.org.br\/site2020\/?p=11652\" aria-label=\"Audi\u00eancia P\u00fablica &#8211; Cria\u00e7\u00e3o do C\u00f3digo Brasileiro de Inclus\u00e3o &#8211; Defesa dos Direitos das Pessoas com Defici\u00eancia\"><img loading=\"lazy\" decoding=\"async\" width=\"1024\" height=\"576\" src=\"https:\/\/ampid.org.br\/site2020\/wp-content\/uploads\/2025\/05\/Imagem-do-WhatsApp-de-2025-05-07-as-07.40.56_18dc83c7-1024x576.jpg\" class=\"attachment-large size-large wp-post-image\" alt=\"\" srcset=\"https:\/\/ampid.org.br\/site2020\/wp-content\/uploads\/2025\/05\/Imagem-do-WhatsApp-de-2025-05-07-as-07.40.56_18dc83c7-1024x576.jpg 1024w, https:\/\/ampid.org.br\/site2020\/wp-content\/uploads\/2025\/05\/Imagem-do-WhatsApp-de-2025-05-07-as-07.40.56_18dc83c7-300x169.jpg 300w, https:\/\/ampid.org.br\/site2020\/wp-content\/uploads\/2025\/05\/Imagem-do-WhatsApp-de-2025-05-07-as-07.40.56_18dc83c7-600x337.jpg 600w, https:\/\/ampid.org.br\/site2020\/wp-content\/uploads\/2025\/05\/Imagem-do-WhatsApp-de-2025-05-07-as-07.40.56_18dc83c7.jpg 1600w\" sizes=\"auto, (max-width: 1024px) 100vw, 1024px\" \/><\/a><\/div><div class=\"w-vwrapper usg_vwrapper_1 align_none valign_top\"><time class=\"w-post-elm post_date usg_post_date_1 entry-date published\" datetime=\"2025-05-08T22:51:46-03:00\" title=\"8 maio 2025 \u00e0s 22:51:46 America\/Sao_Paulo\">12 meses atr\u00e1s<\/time><h2 class=\"w-post-elm post_title usg_post_title_1 entry-title color_link_inherit\"><a href=\"https:\/\/ampid.org.br\/site2020\/?p=11652\">Audi\u00eancia P\u00fablica &#8211; Cria\u00e7\u00e3o do C\u00f3digo Brasileiro de Inclus\u00e3o &#8211; Defesa dos Direitos das Pessoas com Defici\u00eancia<\/a><\/h2><div class=\"w-post-elm post_content usg_post_content_1\">Audi\u00eancia P\u00fablica &#8211; Cria\u00e7\u00e3o do C\u00f3digo Brasileiro de Inclus\u00e3o &#8211; Defesa dos Direitos das Pessoas com Defici\u00eancia Acompanhe alguns pontos apresentados por Maria Aparecida Gugel durante sua fala representando a&hellip;<\/div><\/div><\/div>\t\t<\/div>\r\n\t\t\t<\/article>\r\n\t<article class=\"w-grid-item size_1x1 post-11640 post type-post status-publish format-standard has-post-thumbnail hentry category-195 category-idosos category-notas category-publicacoes-em-destaque tag-aposentados tag-direitosdosidosos tag-fraudeinss tag-idosos tag-inss tag-ampid tag-slider\" data-id=\"11640\">\r\n\t\t<div class=\"w-grid-item-h\">\r\n\t\t\t\t\t\t<div class=\"w-hwrapper usg_hwrapper_1 has_text_color align_none valign_center wrap\"><div class=\"w-post-elm post_image usg_post_image_1 has_width stretched\"><a href=\"https:\/\/ampid.org.br\/site2020\/?p=11640\" aria-label=\"AMPID pede rigorosa apura\u00e7\u00e3o das Fraudes\u00a0no\u00a0INSS\"><img loading=\"lazy\" decoding=\"async\" width=\"1024\" height=\"427\" src=\"https:\/\/ampid.org.br\/site2020\/wp-content\/uploads\/2020\/07\/pub-1-1024x427.jpg\" class=\"attachment-large size-large wp-post-image\" alt=\"\" srcset=\"https:\/\/ampid.org.br\/site2020\/wp-content\/uploads\/2020\/07\/pub-1-1024x427.jpg 1024w, https:\/\/ampid.org.br\/site2020\/wp-content\/uploads\/2020\/07\/pub-1-300x125.jpg 300w, https:\/\/ampid.org.br\/site2020\/wp-content\/uploads\/2020\/07\/pub-1.jpg 1920w\" sizes=\"auto, (max-width: 1024px) 100vw, 1024px\" \/><\/a><\/div><div class=\"w-vwrapper usg_vwrapper_1 align_none valign_top\"><time class=\"w-post-elm post_date usg_post_date_1 entry-date published\" datetime=\"2025-04-25T10:01:22-03:00\" title=\"25 abril 2025 \u00e0s 10:01:22 America\/Sao_Paulo\">12 meses atr\u00e1s<\/time><h2 class=\"w-post-elm post_title usg_post_title_1 entry-title color_link_inherit\"><a href=\"https:\/\/ampid.org.br\/site2020\/?p=11640\">AMPID pede rigorosa apura\u00e7\u00e3o das Fraudes\u00a0no\u00a0INSS<\/a><\/h2><div class=\"w-post-elm post_content usg_post_content_1\">NOTA P\u00daBLICA AMPID PEDE RIGOROSA APURA\u00c7\u00c3O DAS FRAUDES NO INSS A Associa\u00e7\u00e3o Nacional dos Membros do Minist\u00e9rio P\u00fablico de Defesa dos Direitos das Pessoas com Defici\u00eancia e Idosos \u2013 AMPID&hellip;<\/div><\/div><\/div>\t\t<\/div>\r\n\t\t\t<\/article>\r\n\t<article class=\"w-grid-item size_1x1 post-11616 post type-post status-publish format-standard has-post-thumbnail hentry category-195 category-notas category-pessoas-com-deficiencia category-publicacoes-em-destaque tag-ampid tag-justica-do-trabalho tag-pessoas-com-deficiencia-2\" data-id=\"11616\">\r\n\t\t<div class=\"w-grid-item-h\">\r\n\t\t\t\t\t\t<div class=\"w-hwrapper usg_hwrapper_1 has_text_color align_none valign_center wrap\"><div class=\"w-post-elm post_image usg_post_image_1 has_width stretched\"><a href=\"https:\/\/ampid.org.br\/site2020\/?p=11616\" aria-label=\"Nota de apoio \u00e0s Notas de Rep\u00fadio da Anamatra, da ANPT, da AATSP sobre a suspens\u00e3o de processos na Justi\u00e7a do Trabalho\"><img loading=\"lazy\" decoding=\"async\" width=\"1024\" height=\"427\" src=\"https:\/\/ampid.org.br\/site2020\/wp-content\/uploads\/2025\/04\/apoio-1024x427-1.jpg\" class=\"attachment-large size-large wp-post-image\" alt=\"\" srcset=\"https:\/\/ampid.org.br\/site2020\/wp-content\/uploads\/2025\/04\/apoio-1024x427-1.jpg 1024w, https:\/\/ampid.org.br\/site2020\/wp-content\/uploads\/2025\/04\/apoio-1024x427-1-300x125.jpg 300w\" sizes=\"auto, (max-width: 1024px) 100vw, 1024px\" \/><\/a><\/div><div class=\"w-vwrapper usg_vwrapper_1 align_none valign_top\"><time class=\"w-post-elm post_date usg_post_date_1 entry-date published\" datetime=\"2025-04-15T23:01:21-03:00\" title=\"15 abril 2025 \u00e0s 23:01:21 America\/Sao_Paulo\">1 ano atr\u00e1s<\/time><h2 class=\"w-post-elm post_title usg_post_title_1 entry-title color_link_inherit\"><a href=\"https:\/\/ampid.org.br\/site2020\/?p=11616\">Nota de apoio \u00e0s Notas de Rep\u00fadio da Anamatra, da ANPT, da AATSP sobre a suspens\u00e3o de processos na Justi\u00e7a do Trabalho<\/a><\/h2><div class=\"w-post-elm post_content usg_post_content_1\">NOTA DE APOIO \u00c0S NOTAS DE REP\u00daDIO DA ANAMATRA, DA ANPT E DA AATSP SOBRE A SUSPENS\u00c3O DE PROCESSOS NA JUSTI\u00c7A DO TRABALHO \u2013 TEMA 1389\/STF A Associa\u00e7\u00e3o Nacional dos&hellip;<\/div><\/div><\/div>\t\t<\/div>\r\n\t\t\t<\/article>\r\n\t<article class=\"w-grid-item size_1x1 post-11608 post type-post status-publish format-standard has-post-thumbnail hentry category-195 category-notas category-pessoas-com-deficiencia category-publicacoes-em-destaque tag-lbi tag-lei-brasileira-de-inclusao-da-pessoa-com-deficiencia-lbi tag-pessoas-com-deficiencia-2 tag-slider\" data-id=\"11608\">\r\n\t\t<div class=\"w-grid-item-h\">\r\n\t\t\t\t\t\t<div class=\"w-hwrapper usg_hwrapper_1 has_text_color align_none valign_center wrap\"><div class=\"w-post-elm post_image usg_post_image_1 has_width stretched\"><a href=\"https:\/\/ampid.org.br\/site2020\/?p=11608\" aria-label=\"O PL 1584\/2025 e a Lei Brasileira de Inclus\u00e3o\"><img loading=\"lazy\" decoding=\"async\" width=\"1024\" height=\"427\" src=\"https:\/\/ampid.org.br\/site2020\/wp-content\/uploads\/2020\/07\/preo-1024x427.jpg\" class=\"attachment-large size-large wp-post-image\" alt=\"\" srcset=\"https:\/\/ampid.org.br\/site2020\/wp-content\/uploads\/2020\/07\/preo-1024x427.jpg 1024w, https:\/\/ampid.org.br\/site2020\/wp-content\/uploads\/2020\/07\/preo-300x125.jpg 300w, https:\/\/ampid.org.br\/site2020\/wp-content\/uploads\/2020\/07\/preo.jpg 1920w\" sizes=\"auto, (max-width: 1024px) 100vw, 1024px\" \/><\/a><\/div><div class=\"w-vwrapper usg_vwrapper_1 align_none valign_top\"><time class=\"w-post-elm post_date usg_post_date_1 entry-date published\" datetime=\"2025-04-11T18:27:27-03:00\" title=\"11 abril 2025 \u00e0s 18:27:27 America\/Sao_Paulo\">1 ano atr\u00e1s<\/time><h2 class=\"w-post-elm post_title usg_post_title_1 entry-title color_link_inherit\"><a href=\"https:\/\/ampid.org.br\/site2020\/?p=11608\">O PL 1584\/2025 e a Lei Brasileira de Inclus\u00e3o<\/a><\/h2><div class=\"w-post-elm post_content usg_post_content_1\">O PL 1584\/2025 E A LEI BRASILEIRA DE INCLUS\u00c3O A AMPID vem a p\u00fablico compartilhar sua perplexidade sobre o PL 1584\/2025 de autoria do Deputado Federal Duarte Jr. (PSB-MA) e&hellip;<\/div><\/div><\/div>\t\t<\/div>\r\n\t\t\t<\/article>\r\n\t<article class=\"w-grid-item size_1x1 post-11600 post type-post status-publish format-standard has-post-thumbnail hentry category-195 category-notas category-pessoas-com-deficiencia category-publicacoes-em-destaque tag-instituto-trabalho-digno tag-pessoas-com-deficiencia-2 tag-slider\" data-id=\"11600\">\r\n\t\t<div class=\"w-grid-item-h\">\r\n\t\t\t\t\t\t<div class=\"w-hwrapper usg_hwrapper_1 has_text_color align_none valign_center wrap\"><div class=\"w-post-elm post_image usg_post_image_1 has_width stretched\"><a href=\"https:\/\/ampid.org.br\/site2020\/?p=11600\" aria-label=\"A AMPID se solidariza \u00e0 nota de rep\u00fadio do Instituto Trabalho Digno (ITD) sobre a falta de acessibilidade no curso de forma\u00e7\u00e3o de auditores fiscais do trabalho\"><img loading=\"lazy\" decoding=\"async\" width=\"1024\" height=\"427\" src=\"https:\/\/ampid.org.br\/site2020\/wp-content\/uploads\/2025\/04\/apoio-1024x427-1.jpg\" class=\"attachment-large size-large wp-post-image\" alt=\"\" srcset=\"https:\/\/ampid.org.br\/site2020\/wp-content\/uploads\/2025\/04\/apoio-1024x427-1.jpg 1024w, https:\/\/ampid.org.br\/site2020\/wp-content\/uploads\/2025\/04\/apoio-1024x427-1-300x125.jpg 300w\" sizes=\"auto, (max-width: 1024px) 100vw, 1024px\" \/><\/a><\/div><div class=\"w-vwrapper usg_vwrapper_1 align_none valign_top\"><time class=\"w-post-elm post_date usg_post_date_1 entry-date published\" datetime=\"2025-04-11T18:09:33-03:00\" title=\"11 abril 2025 \u00e0s 18:09:33 America\/Sao_Paulo\">1 ano atr\u00e1s<\/time><h2 class=\"w-post-elm post_title usg_post_title_1 entry-title color_link_inherit\"><a href=\"https:\/\/ampid.org.br\/site2020\/?p=11600\">A AMPID se solidariza \u00e0 nota de rep\u00fadio do Instituto Trabalho Digno (ITD) sobre a falta de acessibilidade no curso de forma\u00e7\u00e3o de auditores fiscais do trabalho<\/a><\/h2><div class=\"w-post-elm post_content usg_post_content_1\">A AMPID se solidariza \u00e0 nota de rep\u00fadio do Instituto Trabalho Digno (ITD) sobre a falta de acessibilidade no curso de forma\u00e7\u00e3o de auditores fiscais do trabalho. O curso de&hellip;<\/div><\/div><\/div>\t\t<\/div>\r\n\t\t\t<\/article>\r\n\t<article class=\"w-grid-item size_1x1 post-11586 post type-post status-publish format-standard has-post-thumbnail hentry category-195 category-notas category-pessoas-com-deficiencia category-publicacoes-em-destaque tag-conade tag-pessoas-com-deficiencia-2\" data-id=\"11586\">\r\n\t\t<div class=\"w-grid-item-h\">\r\n\t\t\t\t\t\t<div class=\"w-hwrapper usg_hwrapper_1 has_text_color align_none valign_center wrap\"><div class=\"w-post-elm post_image usg_post_image_1 has_width stretched\"><a href=\"https:\/\/ampid.org.br\/site2020\/?p=11586\" aria-label=\"Nota P\u00fablica sobre o Decreto N\u00ba 12.411, de 14 de mar\u00e7o de 2025 que disp\u00f5e sobre o Conselho Nacional dos Direitos da Pessoa\u00a0com\u00a0Defici\u00eancia\"><img loading=\"lazy\" decoding=\"async\" width=\"1024\" height=\"427\" src=\"https:\/\/ampid.org.br\/site2020\/wp-content\/uploads\/2020\/07\/pub-1-1024x427.jpg\" class=\"attachment-large size-large wp-post-image\" alt=\"\" srcset=\"https:\/\/ampid.org.br\/site2020\/wp-content\/uploads\/2020\/07\/pub-1-1024x427.jpg 1024w, https:\/\/ampid.org.br\/site2020\/wp-content\/uploads\/2020\/07\/pub-1-300x125.jpg 300w, https:\/\/ampid.org.br\/site2020\/wp-content\/uploads\/2020\/07\/pub-1.jpg 1920w\" sizes=\"auto, (max-width: 1024px) 100vw, 1024px\" \/><\/a><\/div><div class=\"w-vwrapper usg_vwrapper_1 align_none valign_top\"><time class=\"w-post-elm post_date usg_post_date_1 entry-date published\" datetime=\"2025-03-17T16:14:35-03:00\" title=\"17 mar\u00e7o 2025 \u00e0s 16:14:35 America\/Sao_Paulo\">1 ano atr\u00e1s<\/time><h2 class=\"w-post-elm post_title usg_post_title_1 entry-title color_link_inherit\"><a href=\"https:\/\/ampid.org.br\/site2020\/?p=11586\">Nota P\u00fablica sobre o Decreto N\u00ba 12.411, de 14 de mar\u00e7o de 2025 que disp\u00f5e sobre o Conselho Nacional dos Direitos da Pessoa\u00a0com\u00a0Defici\u00eancia<\/a><\/h2><div class=\"w-post-elm post_content usg_post_content_1\">NOTA P\u00daBLICA SOBRE O DECRETO N\u00ba 12.411, DE\u00a0 14 DE MAR\u00c7O DE 2025 QUE DISP\u00d5E SOBRE O CONSELHO NACIONAL DOS DIREITOS DA PESSOA COM DEFICI\u00caNCIA A Associa\u00e7\u00e3o Nacional dos Membros&hellip;<\/div><\/div><\/div>\t\t<\/div>\r\n\t\t\t<\/article>\r\n<\/div><div class=\"w-grid-preloader\">\t<div class=\"g-preloader type_custom\">\r\n\t\t<div><img loading=\"lazy\" decoding=\"async\" width=\"300\" height=\"300\" src=\"https:\/\/ampid.org.br\/site2020\/wp-content\/uploads\/2020\/06\/icon-300x300.png\" class=\"attachment-medium size-medium\" alt=\"\" srcset=\"https:\/\/ampid.org.br\/site2020\/wp-content\/uploads\/2020\/06\/icon-300x300.png 300w, https:\/\/ampid.org.br\/site2020\/wp-content\/uploads\/2020\/06\/icon-150x150.png 150w, https:\/\/ampid.org.br\/site2020\/wp-content\/uploads\/2020\/06\/icon.png 512w\" sizes=\"auto, (max-width: 300px) 100vw, 300px\" \/><\/div>\r\n\t<\/div>\r\n\t<\/div>\t\t\t<div class=\"g-loadmore \">\r\n\t\t\t\t<div class=\"g-preloader type_1\">\r\n\t\t\t\t\t<div><\/div>\r\n\t\t\t\t<\/div>\r\n\t\t\t\t<button class=\"w-btn us-btn-style_1\">\r\n\t\t\t\t\t<span class=\"w-btn-label\">Carregar mais<\/span>\r\n\t\t\t\t<\/button>\r\n\t\t\t<\/div>\r\n\t\t\t\t<div class=\"w-grid-json hidden\" onclick='return {&quot;action&quot;:&quot;us_ajax_grid&quot;,&quot;infinite_scroll&quot;:true,&quot;max_num_pages&quot;:18,&quot;pagination&quot;:&quot;ajax&quot;,&quot;template_vars&quot;:{&quot;columns&quot;:&quot;1&quot;,&quot;exclude_items&quot;:&quot;none&quot;,&quot;img_size&quot;:&quot;default&quot;,&quot;ignore_items_size&quot;:0,&quot;items_layout&quot;:&quot;blog_14&quot;,&quot;items_offset&quot;:&quot;1&quot;,&quot;load_animation&quot;:&quot;none&quot;,&quot;overriding_link&quot;:&quot;{\\&quot;url\\&quot;:\\&quot;\\&quot;}&quot;,&quot;post_id&quot;:0,&quot;query_args&quot;:{&quot;post_type&quot;:[&quot;post&quot;],&quot;tax_query&quot;:[{&quot;taxonomy&quot;:&quot;category&quot;,&quot;field&quot;:&quot;slug&quot;,&quot;terms&quot;:[&quot;notas&quot;]}],&quot;post_status&quot;:[&quot;publish&quot;,&quot;acf-disabled&quot;],&quot;posts_per_page&quot;:&quot;8&quot;},&quot;orderby_query_args&quot;:{&quot;orderby&quot;:{&quot;date&quot;:&quot;DESC&quot;}},&quot;type&quot;:&quot;grid&quot;,&quot;us_grid_ajax_index&quot;:1,&quot;us_grid_filter_params&quot;:[],&quot;us_grid_index&quot;:1,&quot;_us_grid_post_type&quot;:&quot;post&quot;,&quot;page_args&quot;:[]}}'><\/div>\r\n\t<\/div><\/div><\/div><\/div><\/div><\/div><\/section>\n","protected":false},"excerpt":{"rendered":"NOTA P\u00daBLICA SOBRE O DECRETO N\u00ba 12.411, DE\u00a0 14 DE MAR\u00c7O DE 2025 QUE DISP\u00d5E SOBRE O CONSELHO NACIONAL DOS DIREITOS DA PESSOA COM DEFICI\u00caNCIA A Associa\u00e7\u00e3o Nacional dos Membros do Minist\u00e9rio P\u00fablico de Defesa dos Direitos das Pessoas com Defici\u00eancia e Idosos \u2013 AMPID vem a p\u00fablico informar o retorno da Associa\u00e7\u00e3o como uma...","protected":false},"author":1,"featured_media":0,"parent":0,"menu_order":0,"comment_status":"closed","ping_status":"open","template":"","meta":{"_acf_changed":false,"inline_featured_image":false,"footnotes":""},"class_list":["post-9381","page","type-page","status-publish","hentry"],"acf":[],"_links":{"self":[{"href":"https:\/\/ampid.org.br\/site2020\/index.php?rest_route=\/wp\/v2\/pages\/9381","targetHints":{"allow":["GET"]}}],"collection":[{"href":"https:\/\/ampid.org.br\/site2020\/index.php?rest_route=\/wp\/v2\/pages"}],"about":[{"href":"https:\/\/ampid.org.br\/site2020\/index.php?rest_route=\/wp\/v2\/types\/page"}],"author":[{"embeddable":true,"href":"https:\/\/ampid.org.br\/site2020\/index.php?rest_route=\/wp\/v2\/users\/1"}],"replies":[{"embeddable":true,"href":"https:\/\/ampid.org.br\/site2020\/index.php?rest_route=%2Fwp%2Fv2%2Fcomments&post=9381"}],"version-history":[{"count":0,"href":"https:\/\/ampid.org.br\/site2020\/index.php?rest_route=\/wp\/v2\/pages\/9381\/revisions"}],"wp:attachment":[{"href":"https:\/\/ampid.org.br\/site2020\/index.php?rest_route=%2Fwp%2Fv2%2Fmedia&parent=9381"}],"curies":[{"name":"wp","href":"https:\/\/api.w.org\/{rel}","templated":true}]}}