{"id":9210,"date":"2020-07-17T08:33:11","date_gmt":"2020-07-17T11:33:11","guid":{"rendered":"https:\/\/ampid.org.br\/site2020\/?page_id=9210"},"modified":"2020-07-17T08:38:21","modified_gmt":"2020-07-17T11:38:21","slug":"convencao-pessoas-deficiencia","status":"publish","type":"page","link":"https:\/\/ampid.org.br\/site2020\/?page_id=9210","title":{"rendered":"Conven\u00e7\u00e3o &#8211; Pessoas com Defici\u00eancia"},"content":{"rendered":"<section class=\"l-section wpb_row height_small\"><div class=\"l-section-h i-cf\"><div class=\"g-cols vc_row via_flex valign_top type_default stacking_default\"><div class=\"vc_col-sm-8 wpb_column vc_column_container\"><div class=\"vc_column-inner\"><div class=\"wpb_wrapper\"><div class=\"wpb_text_column\"><div class=\"wpb_wrapper\"><h1><strong>11\u00aa Confer\u00eancia dos Estados Partes da Conven\u00e7\u00e3o sobre os Direitos da Pessoa com Defici\u00eancia <\/strong><\/h1>\n<\/div><\/div><div class=\"w-separator size_medium\"><\/div><div class=\"w-image align_left\"><div class=\"w-image-h\"><img decoding=\"async\" width=\"1920\" height=\"984\" src=\"https:\/\/ampid.org.br\/site2020\/wp-content\/uploads\/2020\/07\/United_Nations_Headquarters_in_New_York_City_view_from_Roosevelt_Island.jpg\" class=\"attachment-full size-full\" alt=\"\" loading=\"lazy\" srcset=\"https:\/\/ampid.org.br\/site2020\/wp-content\/uploads\/2020\/07\/United_Nations_Headquarters_in_New_York_City_view_from_Roosevelt_Island.jpg 1920w, https:\/\/ampid.org.br\/site2020\/wp-content\/uploads\/2020\/07\/United_Nations_Headquarters_in_New_York_City_view_from_Roosevelt_Island-300x154.jpg 300w, https:\/\/ampid.org.br\/site2020\/wp-content\/uploads\/2020\/07\/United_Nations_Headquarters_in_New_York_City_view_from_Roosevelt_Island-1024x525.jpg 1024w\" sizes=\"auto, (max-width: 1920px) 100vw, 1920px\" \/><\/div><\/div><div class=\"w-separator size_small\"><\/div><div class=\"wpb_text_column\"><div class=\"wpb_wrapper\"><h4><strong>Sede da Organiza\u00e7\u00e3o das Na\u00e7\u00f5es Unidas \u2013 Nova Iorque \u2013 EUA<\/strong><\/h4>\n<\/div><\/div><div class=\"w-separator size_medium\"><\/div><div class=\"wpb_text_column\"><div class=\"wpb_wrapper\"><p>Desde 2008 os Estados Partes da Conven\u00e7\u00e3o sobre os direitos da pessoa com defici\u00eancia re\u00fanem-se anualmente para debater o cumprimento da Conven\u00e7\u00e3o e outros temas correlatos. Este ano realizou-se a 11\u00aa sess\u00e3o da Confer\u00eancia cujo tema principal foi: \u201cDeixando ningu\u00e9m para tr\u00e1s atrav\u00e9s da implementa\u00e7\u00e3o completa da Conven\u00e7\u00e3o sobre os direitos da Pessoa com Defici\u00eancia\u201d.<\/p>\n<p>A Confer\u00eancia foi dividida em tr\u00eas subtemas: a) Espa\u00e7o fiscal nacional, parcerias p\u00fablico privadas e coopera\u00e7\u00e3o internacional; b) Mulheres e meninas com defici\u00eancia e c) Participa\u00e7\u00e3o pol\u00edtica e reconhecimento igualit\u00e1rio perante a lei. Foi proposto tamb\u00e9m o tema transversal <em>\u201cPromo\u00e7\u00e3o de estat\u00edstica de alta qualidade sobre defici\u00eancia e desagrega\u00e7\u00e3o de dados por status de defici\u00eancia para a plena realiza\u00e7\u00e3o dos direitos das pessoas com defici\u00eancias<\/em>.\u201d<\/p>\n<p>A abertura da Confer\u00eancia no dia 12 de junho foi presidida pelo Sr. Georgi Pasyotov, representante permanente da Bulg\u00e1ria e presidente da Confer\u00eancia. Estavam presentes o Secret\u00e1rio Geral das Na\u00e7\u00f5es Unidas, a enviada especial da Secretaria Geral da Acessibilidade para pessoas com defici\u00eancia, a Presidente do Comit\u00ea das Na\u00e7\u00f5es Unidas sobre os Direitos da Pessoa com Defici\u00eancia, a relatora especial da ONU sobre os Direitos da Pessoa com Defici\u00eancia e o coordenador do representante do mecanismo da sociedade civil<\/p>\n<p>Foi realizada a elei\u00e7\u00e3o dos novos membros do Comit\u00ea Permanente de monitoramento. Entre os candidatos estava a Deputada Federal Mara Gabrilli, representando o Brasil. A Deputada Mara foi eleita em segundo turno com o maior n\u00famero de votos. Juntamente com ela foram eleitos representantes do M\u00e9xico, Gana, Nig\u00e9ria, Su\u00ed\u00e7a, Litu\u00e2nia, Austr\u00e1lia e Cor\u00e9ia e Indon\u00e9sia.<\/p>\n<p>Os eventos de destaque para a atua\u00e7\u00e3o do Minist\u00e9rio P\u00fablico dentre os 23 eventos realizados paralelamente durante o primeiro dia de Confer\u00eancia foram: <em>Tecnologia Assistiva e sa\u00fade Mental em um mundo em transforma\u00e7\u00e3o<\/em> apresentado pela Ability Awareness; <em>Igualdade e Inclus\u00e3o em Educa\u00e7\u00e3o para crian\u00e7as com defici\u00eancia<\/em> apresentado pela The Work Bank\/UNICEF; <em>Combatendo estere\u00f3tipos, preconceito e discrimina\u00e7\u00e3o atrav\u00e9s de inclus\u00e3o empregat\u00edcia com foco em pessoas com defici\u00eancia psicossociais<\/em> apresentado pelas Miss\u00f5es Permanentes de Israel e Argentina; <em>Permita-me decidir e prosperar: assegurar a sa\u00fade, sexualidade, reprodu\u00e7\u00e3o e direitos de meninas e mulheres com defici\u00eancia<\/em>, realizado pelas Miss\u00f5es Permanentes da Austr\u00e1lia e Noruega; <em>Deficiencia, Sexualidade e responsabiliza\u00e7\u00e3o dos Estados: estrat\u00e9gias locais e globais<\/em>, realizado por CREA\/WEI; <em>Deixando ningu\u00e9m para tr\u00e1s: boas praticas na transfer\u00eancia de institui\u00e7\u00f5es para cuidados comunit\u00e1rios<\/em>, realizada por Human Rights Watch, Lumos, Unicef, Global Partnership on Children Disabilities, nesse evento houve a participa\u00e7\u00e3o da Secret\u00e1ria Nacional de Assist\u00eancia Social do Brasil e a ONG Human Rights Watch apresentou um relat\u00f3rio no qual apontou que muitas crian\u00e7as com defici\u00eancia no Brasil ainda vivem em institui\u00e7\u00f5es onde s\u00e3o privadas de seus direitos fundamentais.<\/p>\n<p>No segundo dia da Confer\u00eancia na parte foram abordados assuntos relacionados a implementa\u00e7\u00e3o da Conven\u00e7\u00e3o. Na mesa Redonda 1 a participa\u00e7\u00e3o do fiscal nacional, parceria publico-privada e coopera\u00e7\u00e3o internacional para o fortalecimento da Conven\u00e7\u00e3o. Paineis dos representantes do Jap\u00e3o, Rep\u00fablica Dominicana, Global Action on Disability, Argentina e Palestina. Na mesa Redonda 2 discutiu-se sobre Mulheres e Meninas com Defici\u00eancia, presidido pelo representante permanente do Sri Lanka na ONU e Vice Presidente da Confer\u00eancia e a representante da Alian\u00e7a Global sobre tecnologias acess\u00edveis e Ambientes. Os painelistas foram o representante do Qu\u00eania, a representante do Conselho Nacional para o desenvolvimento e inclus\u00e3o das pessoas com defici\u00eancia do M\u00e9xico, da representante da Organiza\u00e7\u00e3o Nacional dos cegos da Espanha, a Presidente do Comit\u00ea das Na\u00e7\u00f5es Unidas sobre os direitos das pessoas com defici\u00eancia, da representante da Associa\u00e7\u00e3o Nacional de pessoas com defici\u00eancia da Nig\u00e9ria e da Representante do Alto Comissariado das Na\u00e7\u00f5es Unidas pelos Direitos Humanos.<\/p>\n<p>Ao longo do dia diversas apresenta\u00e7\u00f5es aconteceram. Destacamos as mais relevantes para o desempenho do Minist\u00e9rio P\u00fablico: <em>Incluindo os mais prov\u00e1veis de serem deixados para tr\u00e1s: mulheres e meninas com defici\u00eancia em ambientes rurais remotos<\/em> realizado pela CBM\/Rehabilitation International; <em>Quem consegue um lugar na mesa, perspectivas do Sul Global e do Norte Global \u2013 quando \u201ctudo significa apenas alguns\u201d<\/em> realizado pela Keystone Human Services International\/YAI;\u00a0 <em>N\u00e3o deixar ningu\u00e9m para tr\u00e1s: a sa\u00fade sexual e reprodutiva e os direitos das mulheres e meninas com defici\u00eancia no desenvolvimento internacional e contextos fr\u00e1geis<\/em> realizado pelas Miss\u00f5es Permanentes da Finl\u00e2ndia e Qu\u00eania; <em>Apoiando as capacidades de alfabetiza\u00e7\u00e3o de estudantes com defici\u00eancia<\/em> realizado pela University Research Co.; <em>Educa\u00e7\u00e3o inclusiva para pessoas com defici\u00eancia \u201cde escolas especiais a educa\u00e7\u00e3o inclusiva\u201d<\/em> realizado pela Rehabilitation International\/Governo da Noruega; <em>Capacitando pessoas om defici\u00eancia e construindo sociedades inclusivas. Direito a educa\u00e7\u00e3o, liberdade de express\u00e3o e acesso \u00e0 informa\u00e7\u00e3o, participa\u00e7\u00e3o e desfrute da cultura<\/em> realizado pela Miss\u00e3o Permanente da Bulg\u00e1ria; <em>\u201cNada sobre n\u00f3s sem n\u00f3s\u201d \u2013 acessibilidade e participa\u00e7\u00e3o pol\u00edtica das pessoas com defici\u00eancia<\/em> realizado pela Miss\u00e3o Permanente da Hungria; <em>Estrat\u00e9gias bem sucedidas para reconhecimento igualit\u00e1rio antes da lei<\/em> realizado pela Miss\u00e3o Permanente da \u00c1ustria; <em>Pessoas com defici\u00eancia nas pris\u00f5es: desafios e boas praticas<\/em> realizado por Australia disabilities Rights Fund\/Human Rights Watch; <em>Direitos da Pessoa com defici\u00eancia \u2013 inova\u00e7\u00f5es legais<\/em> realizado pelo Governo do Brasil. Apresentado pela Secretaria Nacional dos Direitos da Pessoa com Defici\u00eancia do Minist\u00e9rio dos Direitos Humanos, contou com palestra do Secret\u00e1rio executivo do Ministerio de Direitos Humanos, Engels Augusto Muniz, da Deputada Federal Mara Gabrilli e agora membro do Comit\u00ea pelos pr\u00f3ximos 2 anos; da Ministra Nancy Andrighi do STJ, do Procurador do TCU Sergio Carib\u00e9, do Promotor de Justi\u00e7a da Para\u00edba Francisco Glauberto Bezerra, da Sra Alicia Loza Vice-Presidente do Ceddis da OEA e do assessor especial da Presid\u00eancia da Rep\u00fablica Bruno Leal.<\/p>\n<p>Ap\u00f3s esse painel foi celebrado acordo de coopera\u00e7\u00e3o para tratar de aspectos relacionados a pessoa com defici\u00eancia entre representantes do Brasil e da Rep\u00fablica Dominicana.<\/p>\n<p>No terceiro e \u00faltimo dia da Confer\u00eancia, na mesa Redonda 3 discutiu-se assuntos relacionados com a implementa\u00e7\u00e3o da Conven\u00e7\u00e3o, participa\u00e7\u00e3o pol\u00edtica e reconhecimento igual perante a lei, presidida pelo Vice Presidente da Confer\u00eancia e a representante da Inclus\u00e3o Interncaional. Houve a apresenta\u00e7\u00e3o de pain\u00e9is por parte do representante da Uni\u00e3o das pessoas deficientes do Quenia; da representante da Federa\u00e7\u00e3o das Pessoas com deficiencia da China; do representante do Minist\u00e9rio de Direitos Humanos do Brasil; da representante da Beit Issie Shapiro de Israel; da Relatora Especial sobre os direitos da pessoa com defici\u00eancia das Na\u00e7\u00f5es Unidas e da representante da Associa\u00e7\u00e3o de Sa\u00fade Mental da Indon\u00e9sia.<\/p>\n<p>Nos pain\u00e9is foram discutidas a participa\u00e7\u00e3o pol\u00edtica como parte integrante dos direitos humanos universais sendo crucial para a democracia e para a boa governan\u00e7a.<\/p>\n<p>Nos eventos paralelos destacamos: <em>N\u00e3o deixar ningu\u00e9m para tr\u00e1s \u2013 como incluir pessoas com defici\u00eancia intelectual<\/em>\u00a0 realizado pela New South Wales Concil for Intelectual Disabilities; <em>Tornar o ensino superior acess\u00edvel a alunos com defici\u00eancia<\/em> realizado pela G3ict\/Unesco; Dados sobre defici\u00eancia: explorando o uso das quest\u00f5es do grupo Washington em contextos program\u00e1ticos , humanit\u00e1rios e de desenvolvimento realizado pela Leonard Cheschire; <em>Nada sobre n\u00f3s sem n\u00f3s: coment\u00e1rio geral sobre participa\u00e7\u00e3o significativa<\/em> realizado pelas Miss\u00f5es permanentes da Alemanha, Tailandia e Dinamarca; <em>Uma experi\u00eancia tripartida de promo\u00e7\u00e3o de trabalho decente para pessoas com defici\u00eancia<\/em> realizado patrocinado pela Organiza\u00e7\u00e3o Internacional do Trabalho (OIT) e \u00f3rg\u00e3os do governo brasileiro bem como Minist\u00e9rio P\u00fablico do Trabalho, da Escola Nacional de Administra\u00e7\u00e3o P\u00fablica (ENAP) da OIT e de organiza\u00e7\u00f5es da sociedade civil.<\/p>\n<p>A Confer\u00eancia foi encerrada com declara\u00e7\u00f5es dos 4 Vice-Presidentes da Confer\u00eancia (Alemanha, Sri Lanka, Equador e Tun\u00edsia) e do representante permanente da Bulg\u00e1ria na ONU e presidente da Confer\u00eancia Sr. Georgi Panayotov.<\/p>\n<\/div><\/div><div class=\"w-separator size_small\"><\/div><\/div><\/div><\/div><div class=\"vc_col-sm-4 vc_hidden-xs wpb_column vc_column_container has_bg_color\"><div class=\"vc_column-inner us_custom_0d15be52 type_sticky\"><div class=\"wpb_wrapper\"><div class=\"w-image align_center\"><div class=\"w-image-h\"><img decoding=\"async\" width=\"960\" height=\"960\" src=\"https:\/\/ampid.org.br\/site2020\/wp-content\/uploads\/2020\/07\/ONU.jpg\" class=\"attachment-full size-full\" alt=\"\" loading=\"lazy\" srcset=\"https:\/\/ampid.org.br\/site2020\/wp-content\/uploads\/2020\/07\/ONU.jpg 960w, https:\/\/ampid.org.br\/site2020\/wp-content\/uploads\/2020\/07\/ONU-300x300.jpg 300w, https:\/\/ampid.org.br\/site2020\/wp-content\/uploads\/2020\/07\/ONU-150x150.jpg 150w, https:\/\/ampid.org.br\/site2020\/wp-content\/uploads\/2020\/07\/ONU-600x600.jpg 600w\" sizes=\"auto, (max-width: 960px) 100vw, 960px\" \/><\/div><\/div><div class=\"w-separator size_medium\"><\/div><div class=\"wpb_text_column\"><div class=\"wpb_wrapper\"><h3>\u00daltimas Not\u00edcias<\/h3>\n<\/div><\/div><div class=\"w-separator size_small\"><\/div><div class=\"w-grid type_grid layout_blog_4\" id=\"us_grid_1\" style=\"--gap:1.5rem;\" data-filterable=\"true\"><style>@media (min-width:1024px){#us_grid_1 .w-post-elm.post_title{font-size:1rem!important}}.layout_blog_4 .w-grid-item-h{}.layout_blog_4 .usg_post_image_1{margin-bottom:0.6rem!important}.layout_blog_4 .usg_post_title_1{font-size:1.2rem!important;margin-bottom:0.3rem!important}.layout_blog_4 .usg_post_date_1{color:var(--color-content-faded)!important;font-size:0.8rem!important;line-height:1.6!important}<\/style><div class=\"w-grid-list\">\t<article class=\"w-grid-item size_1x1 post-11574 post type-post status-publish format-standard has-post-thumbnail hentry category-190 category-noticias category-pessoas-com-deficiencia category-publicacoes-em-destaque tag-191 tag-bpc tag-pessoas-com-deficiencia-2\" data-id=\"11574\">\r\n\t\t<div class=\"w-grid-item-h\">\r\n\t\t\t\t\t\t<div class=\"w-post-elm post_image usg_post_image_1 stretched\"><a href=\"https:\/\/ampid.org.br\/site2020\/?p=11574\" aria-label=\"\u201cCarta ao Governo Lula\u201d pede a revers\u00e3o do PL 4614\/2024 sobre a altera\u00e7\u00e3o de BPC para pessoas com defici\u00eancia\"><img loading=\"lazy\" decoding=\"async\" width=\"600\" height=\"295\" src=\"https:\/\/ampid.org.br\/site2020\/wp-content\/uploads\/2024\/12\/Sem-titulologo-600x295.png\" class=\"attachment-us_600_337_crop size-us_600_337_crop wp-post-image\" alt=\"\" \/><\/a><\/div><h2 class=\"w-post-elm post_title usg_post_title_1 entry-title color_link_inherit\"><a href=\"https:\/\/ampid.org.br\/site2020\/?p=11574\">\u201cCarta ao Governo Lula\u201d pede a revers\u00e3o do PL 4614\/2024 sobre a altera\u00e7\u00e3o de BPC para pessoas com defici\u00eancia<\/a><\/h2><time class=\"w-post-elm post_date usg_post_date_1 has_text_color entry-date published\" datetime=\"2024-12-17T18:12:35-03:00\" title=\"17 dezembro 2024 \u00e0s 18:12:35 America\/Sao_Paulo\">1 ano atr\u00e1s<\/time>\t\t<\/div>\r\n\t\t\t<\/article>\r\n\t<article class=\"w-grid-item size_1x1 post-10925 post type-post status-publish format-standard has-post-thumbnail hentry category-175 category-notas category-noticias category-pessoas-com-deficiencia category-publicacoes-em-destaque tag-154 tag-ampid tag-avaliacao-biopsicossocial tag-direitos-das-pessoas-com-deficiencia\" data-id=\"10925\">\r\n\t\t<div class=\"w-grid-item-h\">\r\n\t\t\t\t\t\t<div class=\"w-post-elm post_image usg_post_image_1 stretched\"><a href=\"https:\/\/ampid.org.br\/site2020\/?p=10925\" aria-label=\"Nota de Preocupa\u00e7\u00e3o com Concurso P\u00fablico do INSS e Rep\u00fadio ao Manual\u00a0do\u00a0Cebraspe\"><img loading=\"lazy\" decoding=\"async\" width=\"600\" height=\"337\" src=\"https:\/\/ampid.org.br\/site2020\/wp-content\/uploads\/2020\/07\/rep-600x337.jpg\" class=\"attachment-us_600_337_crop size-us_600_337_crop wp-post-image\" alt=\"\" \/><\/a><\/div><h2 class=\"w-post-elm post_title usg_post_title_1 entry-title color_link_inherit\"><a href=\"https:\/\/ampid.org.br\/site2020\/?p=10925\">Nota de Preocupa\u00e7\u00e3o com Concurso P\u00fablico do INSS e Rep\u00fadio ao Manual\u00a0do\u00a0Cebraspe<\/a><\/h2><time class=\"w-post-elm post_date usg_post_date_1 has_text_color entry-date published\" datetime=\"2023-01-18T09:58:17-03:00\" title=\"18 janeiro 2023 \u00e0s 09:58:17 America\/Sao_Paulo\">3 anos atr\u00e1s<\/time>\t\t<\/div>\r\n\t\t\t<\/article>\r\n\t<article class=\"w-grid-item size_1x1 post-10918 post type-post status-publish format-standard has-post-thumbnail hentry category-175 category-notas category-noticias category-publicacoes-em-destaque tag-154 tag-capacitismo tag-direitos-das-pessoas-com-deficiencia tag-rede-in\" data-id=\"10918\">\r\n\t\t<div class=\"w-grid-item-h\">\r\n\t\t\t\t\t\t<div class=\"w-post-elm post_image usg_post_image_1 stretched\"><a href=\"https:\/\/ampid.org.br\/site2020\/?p=10918\" aria-label=\"Carta Aberta ao Presidente Lula sobre a redu\u00e7\u00e3o da estrutura de cargos da Secretaria Nacional dos Direitos da Pessoa com Defici\u00eancia\"><img loading=\"lazy\" decoding=\"async\" width=\"600\" height=\"337\" src=\"https:\/\/ampid.org.br\/site2020\/wp-content\/uploads\/2023\/01\/secretaria_das_cidades_df_widelg-600x337.jpg\" class=\"attachment-us_600_337_crop size-us_600_337_crop wp-post-image\" alt=\"\" srcset=\"https:\/\/ampid.org.br\/site2020\/wp-content\/uploads\/2023\/01\/secretaria_das_cidades_df_widelg-600x337.jpg 600w, https:\/\/ampid.org.br\/site2020\/wp-content\/uploads\/2023\/01\/secretaria_das_cidades_df_widelg-300x169.jpg 300w, https:\/\/ampid.org.br\/site2020\/wp-content\/uploads\/2023\/01\/secretaria_das_cidades_df_widelg-1024x576.jpg 1024w, https:\/\/ampid.org.br\/site2020\/wp-content\/uploads\/2023\/01\/secretaria_das_cidades_df_widelg.jpg 1200w\" sizes=\"auto, (max-width: 600px) 100vw, 600px\" \/><\/a><\/div><h2 class=\"w-post-elm post_title usg_post_title_1 entry-title color_link_inherit\"><a href=\"https:\/\/ampid.org.br\/site2020\/?p=10918\">Carta Aberta ao Presidente Lula sobre a redu\u00e7\u00e3o da estrutura de cargos da Secretaria Nacional dos Direitos da Pessoa com Defici\u00eancia<\/a><\/h2><time class=\"w-post-elm post_date usg_post_date_1 has_text_color entry-date published\" datetime=\"2023-01-13T18:28:58-03:00\" title=\"13 janeiro 2023 \u00e0s 18:28:58 America\/Sao_Paulo\">3 anos atr\u00e1s<\/time>\t\t<\/div>\r\n\t\t\t<\/article>\r\n<\/div><div class=\"w-grid-preloader\">\t<div class=\"g-preloader type_custom\">\r\n\t\t<div><img loading=\"lazy\" decoding=\"async\" width=\"300\" height=\"300\" src=\"https:\/\/ampid.org.br\/site2020\/wp-content\/uploads\/2020\/06\/icon-300x300.png\" class=\"attachment-medium size-medium\" alt=\"\" srcset=\"https:\/\/ampid.org.br\/site2020\/wp-content\/uploads\/2020\/06\/icon-300x300.png 300w, https:\/\/ampid.org.br\/site2020\/wp-content\/uploads\/2020\/06\/icon-150x150.png 150w, https:\/\/ampid.org.br\/site2020\/wp-content\/uploads\/2020\/06\/icon.png 512w\" sizes=\"auto, (max-width: 300px) 100vw, 300px\" \/><\/div>\r\n\t<\/div>\r\n\t<\/div>\t<div class=\"w-grid-json hidden\" onclick='return {&quot;action&quot;:&quot;us_ajax_grid&quot;,&quot;infinite_scroll&quot;:0,&quot;max_num_pages&quot;:9,&quot;pagination&quot;:&quot;none&quot;,&quot;template_vars&quot;:{&quot;columns&quot;:&quot;1&quot;,&quot;exclude_items&quot;:&quot;none&quot;,&quot;img_size&quot;:&quot;us_600_337_crop&quot;,&quot;ignore_items_size&quot;:0,&quot;items_layout&quot;:&quot;blog_4&quot;,&quot;items_offset&quot;:&quot;1&quot;,&quot;load_animation&quot;:&quot;none&quot;,&quot;overriding_link&quot;:&quot;{\\&quot;url\\&quot;:\\&quot;\\&quot;}&quot;,&quot;post_id&quot;:0,&quot;query_args&quot;:{&quot;post_type&quot;:[&quot;post&quot;],&quot;tax_query&quot;:[{&quot;taxonomy&quot;:&quot;category&quot;,&quot;field&quot;:&quot;slug&quot;,&quot;terms&quot;:[&quot;noticias&quot;]}],&quot;post_status&quot;:[&quot;publish&quot;,&quot;acf-disabled&quot;],&quot;ignore_sticky_posts&quot;:1,&quot;posts_per_page&quot;:&quot;3&quot;},&quot;orderby_query_args&quot;:{&quot;orderby&quot;:{&quot;date&quot;:&quot;DESC&quot;}},&quot;type&quot;:&quot;grid&quot;,&quot;us_grid_ajax_index&quot;:1,&quot;us_grid_filter_params&quot;:[],&quot;us_grid_index&quot;:1,&quot;_us_grid_post_type&quot;:&quot;post&quot;,&quot;page_args&quot;:[]}}'><\/div>\r\n\t<\/div><\/div><\/div><\/div><\/div><\/div><\/section>\n","protected":false},"excerpt":{"rendered":"&nbsp; 13 de janeiro de 2023 &nbsp; Carta Aberta ao Presidente Lula sobre a inaceit\u00e1vel redu\u00e7\u00e3o da estrutura de cargos da Secretaria Nac. dos Direitos da Pessoa com Defici\u00eancia A Rede-In (Rede Brasileira de Inclus\u00e3o da Pessoa com Defici\u00eancia) manifesta sua\u00a0preocupa\u00e7\u00e3o com a incompreens\u00edvel redu\u00e7\u00e3o da estrutura da Secretaria Nacional dos Direitos da Pessoa com...","protected":false},"author":1,"featured_media":0,"parent":0,"menu_order":0,"comment_status":"closed","ping_status":"open","template":"","meta":{"_acf_changed":false,"inline_featured_image":false,"footnotes":""},"class_list":["post-9210","page","type-page","status-publish","hentry"],"acf":[],"_links":{"self":[{"href":"https:\/\/ampid.org.br\/site2020\/index.php?rest_route=\/wp\/v2\/pages\/9210","targetHints":{"allow":["GET"]}}],"collection":[{"href":"https:\/\/ampid.org.br\/site2020\/index.php?rest_route=\/wp\/v2\/pages"}],"about":[{"href":"https:\/\/ampid.org.br\/site2020\/index.php?rest_route=\/wp\/v2\/types\/page"}],"author":[{"embeddable":true,"href":"https:\/\/ampid.org.br\/site2020\/index.php?rest_route=\/wp\/v2\/users\/1"}],"replies":[{"embeddable":true,"href":"https:\/\/ampid.org.br\/site2020\/index.php?rest_route=%2Fwp%2Fv2%2Fcomments&post=9210"}],"version-history":[{"count":0,"href":"https:\/\/ampid.org.br\/site2020\/index.php?rest_route=\/wp\/v2\/pages\/9210\/revisions"}],"wp:attachment":[{"href":"https:\/\/ampid.org.br\/site2020\/index.php?rest_route=%2Fwp%2Fv2%2Fmedia&parent=9210"}],"curies":[{"name":"wp","href":"https:\/\/api.w.org\/{rel}","templated":true}]}}