{"id":9206,"date":"2020-07-17T08:26:03","date_gmt":"2020-07-17T11:26:03","guid":{"rendered":"https:\/\/ampid.org.br\/site2020\/?page_id=9206"},"modified":"2020-07-17T08:26:03","modified_gmt":"2020-07-17T11:26:03","slug":"termo-de-adesao","status":"publish","type":"page","link":"https:\/\/ampid.org.br\/site2020\/?page_id=9206","title":{"rendered":"Termo de Ades\u00e3o"},"content":{"rendered":"<section class=\"l-section wpb_row height_small\"><div class=\"l-section-h i-cf\"><div class=\"g-cols vc_row via_flex valign_top type_default stacking_default\"><div class=\"vc_col-sm-8 wpb_column vc_column_container\"><div class=\"vc_column-inner\"><div class=\"wpb_wrapper\"><div class=\"wpb_text_column\"><div class=\"wpb_wrapper\"><h1>Ades\u00e3o da AMPID a Campanha de Acessibilidade do CONADE<\/h1>\n<\/div><\/div><div class=\"w-separator size_medium\"><\/div><div class=\"w-image align_left\"><div class=\"w-image-h\"><img decoding=\"async\" width=\"90\" height=\"91\" src=\"https:\/\/ampid.org.br\/site2020\/wp-content\/uploads\/2020\/07\/brasao_brasil.png\" class=\"attachment-full size-full\" alt=\"\" loading=\"lazy\" \/><\/div><\/div><div class=\"w-separator size_medium\"><\/div><div class=\"wpb_text_column\"><div class=\"wpb_wrapper\"><p>Secretaria Especial de Direitos Humanos<\/p>\n<p>Conselho Nacional dos Direitos da Pessoa Portadora de Defici\u00eancia<\/p>\n<\/div><\/div><div class=\"w-separator size_medium\"><\/div><div class=\"wpb_text_column\"><div class=\"wpb_wrapper\"><p>Ades\u00e3o da AMPID a Campanha de Acessibilidade do CONADE Bras\u00e3o Acessibilidade PRESID\u00caNCIA DA REP\u00daBLICA Secretaria Especial de Direitos Humanos Conselho Nacional dos Direitos da Pessoa Portadora de Defici\u00eancia AMPID Termo de ades\u00e3o que entre si celebram a Associa\u00e7\u00e3o Nacional do Minist\u00e9rio P\u00fablico de Defesa dos Direitos das Pessoas Idosa e com Defici\u00eancia e o Conselho Nacional dos Direitos das Pessoas Portadoras de Defici\u00eancia \u2013 CONADE.<\/p>\n<p>O CONSELHO NACIONAL DOS DIREITOS DA PESSOA PORTADORA DE DEFICI\u00caNCIA \u2013 CONADE est\u00e1 buscando parcerias junto aos \u00f3rg\u00e3os da administra\u00e7\u00e3o p\u00fablica e da sociedade civil organizada visando implementar a acessibilidade das pessoas com defici\u00eancia a bens e servi\u00e7os no Brasil.<\/p>\n<p>Para tanto, utilizar-se-\u00e1 do instrumento de Termo de Ades\u00e3o \u00e0 Campanha da Acessibilidade \u2013 Acessibilidade Siga Essa Id\u00e9ia. Considerando os termos da Resolu\u00e7\u00e3o n\u00ba 50, de 12 de abril de 2007, na qual o CONADE disp\u00f5e sobre a Campanha da Acessibilidade \u2013 \u201cAcessibilidade Siga essa Id\u00e9ia\u201d, reconhecendo que \u00e9 imprescind\u00edvel estabelecer parceria com institui\u00e7\u00f5es comprometidas com a inclus\u00e3o social da pessoa com defici\u00eancia; Considerando que a Campanha da Acessibilidade tem por objetivo a sensibiliza\u00e7\u00e3o, conscientiza\u00e7\u00e3o e mobiliza\u00e7\u00e3o da sociedade em prol da elimina\u00e7\u00e3o de todas as barreiras que, na realidade di\u00e1ria, impedem as pessoas com defici\u00eancia e com mobilidade reduzida de exercerem o direito de ir e vir com liberdade; Considerando que al\u00e9m do envolvimento de emissoras de TV e r\u00e1dio nesse processo e de \u00f3rg\u00e3os governamentais \u00e9 necess\u00e1rio que os \u00f3rg\u00e3os da administra\u00e7\u00e3o p\u00fablica, a iniciativa privada e seus \u00f3rg\u00e3os representativos bem como, as organiza\u00e7\u00f5es n\u00e3o governamentais, demonstrem na pr\u00e1tica quais s\u00e3o as medidas que tomam para a elimina\u00e7\u00e3o das barreiras atitudinais, arquitet\u00f4nicas, urban\u00edsticas e de comunica\u00e7\u00e3o que atualmente impedem as pessoas com defici\u00eancia e com mobilidade reduzida de desfrutarem dos bens e servi\u00e7os existentes na sociedade; Considerando que \u00e9 pr\u00f3prio que as institui\u00e7\u00f5es que integram o CONADE demonstrem na pr\u00e1tica seu compromisso com a acessibilidade; Propomos \u00e0 ASSOCIA\u00c7\u00c3O NACIONAL DO MINIST\u00c9RIO P\u00daBLICO DE DEFESA DAS PESSOAS IDOSA E COM DEFICI\u00caNCIA (AMPID), em vista de sua natureza e objetivos estatut\u00e1rios, a aderir formalmente \u00e0 Campanha da Acessibilidade, por meio de Termo de Ades\u00e3o, para desenvolver programa de acesso das pessoas com defici\u00eancia f\u00edsica, sensorial (visual e auditiva), mental e m\u00faltipla aos seus ambientes, com plena utiliza\u00e7\u00e3o dos espa\u00e7os f\u00edsicos de uso coletivo, inclusive em rela\u00e7\u00e3o aos servi\u00e7os prestados com mecanismos e procedimentos acess\u00edveis e, a manuten\u00e7\u00e3o das informa\u00e7\u00f5es em meios e s\u00edtios eletr\u00f4nicos acess\u00edveis \u00e0s pessoas com defici\u00eancia.<\/p>\n<p>TERMO DE ADES\u00c3O \u00c0 CAMPANHA DA ACESSIBILIDADE DO CONADE\u2013ACESSIBILIDADE SIGA ESSA ID\u00c9IA A ASSOCIA\u00c7\u00c3O NACIONAL DO MINIST\u00c9RIO P\u00daBLICO DE DEFESA DAS PESSOAS IDOSA E COM DEFICI\u00caNCIA (AMPID), com sede em Bras\u00edlia \/ DF, CNPJ\u2026\u2026., neste ato representado pela sua Vice-Presidente, DR\u00aa MARIA APARECIDA GUGEL, no uso das atribui\u00e7\u00f5es que lhe s\u00e3o conferidas, adere formalmente \u00e0 Campanha da Acessibilidade \u2013 Siga essa Id\u00e9ia, do CONADE, \u00f3rg\u00e3o integrante da estrutura b\u00e1sica da Secretaria Especial dos Direitos Humanos da Presid\u00eancia da Rep\u00fablica, com sede na Esplanada dos Minist\u00e9rios, Bloco T, Anexo II, Sala 211, Bras\u00edlia-DF, CNPJ 05.478.625\/0001-87, neste ato representado pelo seu Presidente, Sr. Alexandre Carvalho Baroni e pelo Secret\u00e1rio Especial dos Direitos Humanos da Presid\u00eancia da Rep\u00fablica, Sr. Paulo de Tarso Vannuchi, com o objetivo de desenvolver programa de acesso das pessoas com defici\u00eancia f\u00edsica, sensorial (visual e auditiva), mental e m\u00faltipla aos seus ambientes, com plena utiliza\u00e7\u00e3o dos espa\u00e7os f\u00edsicos de uso coletivo, inclusive em rela\u00e7\u00e3o aos servi\u00e7os prestados com mecanismos e procedimentos acess\u00edveis e, a manuten\u00e7\u00e3o das informa\u00e7\u00f5es em meios e s\u00edtios eletr\u00f4nicos acess\u00edveis \u00e0s pessoas com defici\u00eancia.<\/p>\n<\/div><\/div><div class=\"w-separator size_small\"><\/div><\/div><\/div><\/div><div class=\"vc_col-sm-4 vc_hidden-xs wpb_column vc_column_container has_bg_color\"><div class=\"vc_column-inner us_custom_0d15be52 type_sticky\"><div class=\"wpb_wrapper\"><div class=\"w-image align_center\"><div class=\"w-image-h\"><img decoding=\"async\" width=\"960\" height=\"960\" src=\"https:\/\/ampid.org.br\/site2020\/wp-content\/uploads\/2020\/07\/img-conade.jpg\" class=\"attachment-full size-full\" alt=\"\" loading=\"lazy\" srcset=\"https:\/\/ampid.org.br\/site2020\/wp-content\/uploads\/2020\/07\/img-conade.jpg 960w, https:\/\/ampid.org.br\/site2020\/wp-content\/uploads\/2020\/07\/img-conade-300x300.jpg 300w, https:\/\/ampid.org.br\/site2020\/wp-content\/uploads\/2020\/07\/img-conade-150x150.jpg 150w, https:\/\/ampid.org.br\/site2020\/wp-content\/uploads\/2020\/07\/img-conade-600x600.jpg 600w\" sizes=\"auto, (max-width: 960px) 100vw, 960px\" \/><\/div><\/div><div class=\"w-separator size_medium\"><\/div><div class=\"wpb_text_column\"><div class=\"wpb_wrapper\"><h3>\u00daltimas Not\u00edcias<\/h3>\n<\/div><\/div><div class=\"w-separator size_small\"><\/div><div class=\"w-grid type_grid layout_blog_4\" id=\"us_grid_1\" style=\"--gap:1.5rem;\" data-filterable=\"true\"><style>@media (min-width:1024px){#us_grid_1 .w-post-elm.post_title{font-size:1rem!important}}.layout_blog_4 .w-grid-item-h{}.layout_blog_4 .usg_post_image_1{margin-bottom:0.6rem!important}.layout_blog_4 .usg_post_title_1{font-size:1.2rem!important;margin-bottom:0.3rem!important}.layout_blog_4 .usg_post_date_1{color:var(--color-content-faded)!important;font-size:0.8rem!important;line-height:1.6!important}<\/style><div class=\"w-grid-list\">\t<article class=\"w-grid-item size_1x1 post-11574 post type-post status-publish format-standard has-post-thumbnail hentry category-190 category-noticias category-pessoas-com-deficiencia category-publicacoes-em-destaque tag-191 tag-bpc tag-pessoas-com-deficiencia-2\" data-id=\"11574\">\r\n\t\t<div class=\"w-grid-item-h\">\r\n\t\t\t\t\t\t<div class=\"w-post-elm post_image usg_post_image_1 stretched\"><a href=\"https:\/\/ampid.org.br\/site2020\/?p=11574\" aria-label=\"\u201cCarta ao Governo Lula\u201d pede a revers\u00e3o do PL 4614\/2024 sobre a altera\u00e7\u00e3o de BPC para pessoas com defici\u00eancia\"><img loading=\"lazy\" decoding=\"async\" width=\"600\" height=\"295\" src=\"https:\/\/ampid.org.br\/site2020\/wp-content\/uploads\/2024\/12\/Sem-titulologo-600x295.png\" class=\"attachment-us_600_337_crop size-us_600_337_crop wp-post-image\" alt=\"\" \/><\/a><\/div><h2 class=\"w-post-elm post_title usg_post_title_1 entry-title color_link_inherit\"><a href=\"https:\/\/ampid.org.br\/site2020\/?p=11574\">\u201cCarta ao Governo Lula\u201d pede a revers\u00e3o do PL 4614\/2024 sobre a altera\u00e7\u00e3o de BPC para pessoas com defici\u00eancia<\/a><\/h2><time class=\"w-post-elm post_date usg_post_date_1 has_text_color entry-date published\" datetime=\"2024-12-17T18:12:35-03:00\" title=\"17 dezembro 2024 \u00e0s 18:12:35 America\/Sao_Paulo\">1 ano atr\u00e1s<\/time>\t\t<\/div>\r\n\t\t\t<\/article>\r\n\t<article class=\"w-grid-item size_1x1 post-10925 post type-post status-publish format-standard has-post-thumbnail hentry category-175 category-notas category-noticias category-pessoas-com-deficiencia category-publicacoes-em-destaque tag-154 tag-ampid tag-avaliacao-biopsicossocial tag-direitos-das-pessoas-com-deficiencia\" data-id=\"10925\">\r\n\t\t<div class=\"w-grid-item-h\">\r\n\t\t\t\t\t\t<div class=\"w-post-elm post_image usg_post_image_1 stretched\"><a href=\"https:\/\/ampid.org.br\/site2020\/?p=10925\" aria-label=\"Nota de Preocupa\u00e7\u00e3o com Concurso P\u00fablico do INSS e Rep\u00fadio ao Manual\u00a0do\u00a0Cebraspe\"><img loading=\"lazy\" decoding=\"async\" width=\"600\" height=\"337\" src=\"https:\/\/ampid.org.br\/site2020\/wp-content\/uploads\/2020\/07\/rep-600x337.jpg\" class=\"attachment-us_600_337_crop size-us_600_337_crop wp-post-image\" alt=\"\" \/><\/a><\/div><h2 class=\"w-post-elm post_title usg_post_title_1 entry-title color_link_inherit\"><a href=\"https:\/\/ampid.org.br\/site2020\/?p=10925\">Nota de Preocupa\u00e7\u00e3o com Concurso P\u00fablico do INSS e Rep\u00fadio ao Manual\u00a0do\u00a0Cebraspe<\/a><\/h2><time class=\"w-post-elm post_date usg_post_date_1 has_text_color entry-date published\" datetime=\"2023-01-18T09:58:17-03:00\" title=\"18 janeiro 2023 \u00e0s 09:58:17 America\/Sao_Paulo\">3 anos atr\u00e1s<\/time>\t\t<\/div>\r\n\t\t\t<\/article>\r\n\t<article class=\"w-grid-item size_1x1 post-10918 post type-post status-publish format-standard has-post-thumbnail hentry category-175 category-notas category-noticias category-publicacoes-em-destaque tag-154 tag-capacitismo tag-direitos-das-pessoas-com-deficiencia tag-rede-in\" data-id=\"10918\">\r\n\t\t<div class=\"w-grid-item-h\">\r\n\t\t\t\t\t\t<div class=\"w-post-elm post_image usg_post_image_1 stretched\"><a href=\"https:\/\/ampid.org.br\/site2020\/?p=10918\" aria-label=\"Carta Aberta ao Presidente Lula sobre a redu\u00e7\u00e3o da estrutura de cargos da Secretaria Nacional dos Direitos da Pessoa com Defici\u00eancia\"><img loading=\"lazy\" decoding=\"async\" width=\"600\" height=\"337\" src=\"https:\/\/ampid.org.br\/site2020\/wp-content\/uploads\/2023\/01\/secretaria_das_cidades_df_widelg-600x337.jpg\" class=\"attachment-us_600_337_crop size-us_600_337_crop wp-post-image\" alt=\"\" srcset=\"https:\/\/ampid.org.br\/site2020\/wp-content\/uploads\/2023\/01\/secretaria_das_cidades_df_widelg-600x337.jpg 600w, https:\/\/ampid.org.br\/site2020\/wp-content\/uploads\/2023\/01\/secretaria_das_cidades_df_widelg-300x169.jpg 300w, https:\/\/ampid.org.br\/site2020\/wp-content\/uploads\/2023\/01\/secretaria_das_cidades_df_widelg-1024x576.jpg 1024w, https:\/\/ampid.org.br\/site2020\/wp-content\/uploads\/2023\/01\/secretaria_das_cidades_df_widelg.jpg 1200w\" sizes=\"auto, (max-width: 600px) 100vw, 600px\" \/><\/a><\/div><h2 class=\"w-post-elm post_title usg_post_title_1 entry-title color_link_inherit\"><a href=\"https:\/\/ampid.org.br\/site2020\/?p=10918\">Carta Aberta ao Presidente Lula sobre a redu\u00e7\u00e3o da estrutura de cargos da Secretaria Nacional dos Direitos da Pessoa com Defici\u00eancia<\/a><\/h2><time class=\"w-post-elm post_date usg_post_date_1 has_text_color entry-date published\" datetime=\"2023-01-13T18:28:58-03:00\" title=\"13 janeiro 2023 \u00e0s 18:28:58 America\/Sao_Paulo\">3 anos atr\u00e1s<\/time>\t\t<\/div>\r\n\t\t\t<\/article>\r\n<\/div><div class=\"w-grid-preloader\">\t<div class=\"g-preloader type_custom\">\r\n\t\t<div><img loading=\"lazy\" decoding=\"async\" width=\"300\" height=\"300\" src=\"https:\/\/ampid.org.br\/site2020\/wp-content\/uploads\/2020\/06\/icon-300x300.png\" class=\"attachment-medium size-medium\" alt=\"\" srcset=\"https:\/\/ampid.org.br\/site2020\/wp-content\/uploads\/2020\/06\/icon-300x300.png 300w, https:\/\/ampid.org.br\/site2020\/wp-content\/uploads\/2020\/06\/icon-150x150.png 150w, https:\/\/ampid.org.br\/site2020\/wp-content\/uploads\/2020\/06\/icon.png 512w\" sizes=\"auto, (max-width: 300px) 100vw, 300px\" \/><\/div>\r\n\t<\/div>\r\n\t<\/div>\t<div class=\"w-grid-json hidden\" onclick='return {&quot;action&quot;:&quot;us_ajax_grid&quot;,&quot;infinite_scroll&quot;:0,&quot;max_num_pages&quot;:9,&quot;pagination&quot;:&quot;none&quot;,&quot;template_vars&quot;:{&quot;columns&quot;:&quot;1&quot;,&quot;exclude_items&quot;:&quot;none&quot;,&quot;img_size&quot;:&quot;us_600_337_crop&quot;,&quot;ignore_items_size&quot;:0,&quot;items_layout&quot;:&quot;blog_4&quot;,&quot;items_offset&quot;:&quot;1&quot;,&quot;load_animation&quot;:&quot;none&quot;,&quot;overriding_link&quot;:&quot;{\\&quot;url\\&quot;:\\&quot;\\&quot;}&quot;,&quot;post_id&quot;:0,&quot;query_args&quot;:{&quot;post_type&quot;:[&quot;post&quot;],&quot;tax_query&quot;:[{&quot;taxonomy&quot;:&quot;category&quot;,&quot;field&quot;:&quot;slug&quot;,&quot;terms&quot;:[&quot;noticias&quot;]}],&quot;post_status&quot;:[&quot;publish&quot;,&quot;acf-disabled&quot;],&quot;ignore_sticky_posts&quot;:1,&quot;posts_per_page&quot;:&quot;3&quot;},&quot;orderby_query_args&quot;:{&quot;orderby&quot;:{&quot;date&quot;:&quot;DESC&quot;}},&quot;type&quot;:&quot;grid&quot;,&quot;us_grid_ajax_index&quot;:1,&quot;us_grid_filter_params&quot;:[],&quot;us_grid_index&quot;:1,&quot;_us_grid_post_type&quot;:&quot;post&quot;,&quot;page_args&quot;:[]}}'><\/div>\r\n\t<\/div><\/div><\/div><\/div><\/div><\/div><\/section>\n","protected":false},"excerpt":{"rendered":"&nbsp; 13 de janeiro de 2023 &nbsp; Carta Aberta ao Presidente Lula sobre a inaceit\u00e1vel redu\u00e7\u00e3o da estrutura de cargos da Secretaria Nac. dos Direitos da Pessoa com Defici\u00eancia A Rede-In (Rede Brasileira de Inclus\u00e3o da Pessoa com Defici\u00eancia) manifesta sua\u00a0preocupa\u00e7\u00e3o com a incompreens\u00edvel redu\u00e7\u00e3o da estrutura da Secretaria Nacional dos Direitos da Pessoa com...","protected":false},"author":1,"featured_media":0,"parent":0,"menu_order":0,"comment_status":"closed","ping_status":"open","template":"","meta":{"_acf_changed":false,"inline_featured_image":false,"footnotes":""},"class_list":["post-9206","page","type-page","status-publish","hentry"],"acf":[],"_links":{"self":[{"href":"https:\/\/ampid.org.br\/site2020\/index.php?rest_route=\/wp\/v2\/pages\/9206","targetHints":{"allow":["GET"]}}],"collection":[{"href":"https:\/\/ampid.org.br\/site2020\/index.php?rest_route=\/wp\/v2\/pages"}],"about":[{"href":"https:\/\/ampid.org.br\/site2020\/index.php?rest_route=\/wp\/v2\/types\/page"}],"author":[{"embeddable":true,"href":"https:\/\/ampid.org.br\/site2020\/index.php?rest_route=\/wp\/v2\/users\/1"}],"replies":[{"embeddable":true,"href":"https:\/\/ampid.org.br\/site2020\/index.php?rest_route=%2Fwp%2Fv2%2Fcomments&post=9206"}],"version-history":[{"count":0,"href":"https:\/\/ampid.org.br\/site2020\/index.php?rest_route=\/wp\/v2\/pages\/9206\/revisions"}],"wp:attachment":[{"href":"https:\/\/ampid.org.br\/site2020\/index.php?rest_route=%2Fwp%2Fv2%2Fmedia&parent=9206"}],"curies":[{"name":"wp","href":"https:\/\/api.w.org\/{rel}","templated":true}]}}