{"id":9127,"date":"2020-07-03T10:58:52","date_gmt":"2020-07-03T13:58:52","guid":{"rendered":"https:\/\/ampid.org.br\/site2020\/?page_id=9127"},"modified":"2020-08-27T16:26:27","modified_gmt":"2020-08-27T19:26:27","slug":"promotorias-e-coordenadorias","status":"publish","type":"page","link":"https:\/\/ampid.org.br\/site2020\/?page_id=9127","title":{"rendered":"Promotorias e Coordenadorias"},"content":{"rendered":"<section class=\"l-section wpb_row height_small\"><div class=\"l-section-h i-cf\"><div class=\"g-cols vc_row via_flex valign_top type_default stacking_default\"><div class=\"vc_col-sm-8 wpb_column vc_column_container\"><div class=\"vc_column-inner\"><div class=\"wpb_wrapper\"><div class=\"wpb_text_column\"><div class=\"wpb_wrapper\"><h1>Promotorias e Coordenadorias<\/h1>\n<h3>Promotorias de Defesa da Pessoa com Defici\u00eancia e Idosos<\/h3>\n<div class=\"coluna1\">\n<h4>ARACAJU \u2013 SERGIPE<\/h4>\n<p><b>N\u00facleo de Defesa da Cidadania e Promotoria de Justi\u00e7a dos Direitos do Cidad\u00e3o<\/b><br \/>\nP\u00e7. Fausto Cardoso, 327 \u2013 Centro<br \/>\nEdif\u00edcio Walter Franco \u2013 Minist\u00e9rio P\u00fablico<br \/>\nTel: (79) 3216-2400 Fax: 3211-7472 | 3211-7479<br \/>\n<a href=\"http:\/\/www.mp.se.gov.br\/\">http:\/\/www.mp.se.gov.br<br \/>\n<\/a><a href=\"mailto:cao@mp.se.gov.br\">cao@mp.se.gov.br<\/a><\/p>\n<h4>BEL\u00c9M \u2013 PAR\u00c1<\/h4>\n<p><b>Promotoria de Justi\u00e7a de Defesa do Idoso e da Pessoa com Defici\u00eancia<\/b><br \/>\nRua \u00c2ngelo Cust\u00f3dio, 36 \u2013 Anexo do Minist\u00e9rio P\u00fablico \u2013 Cidade Velha<br \/>\nTel: (91) 4008-0410<br \/>\n<a href=\"http:\/\/www.mp.pa.gov.br\/\">http:\/\/www.mp.pa.gov.br<br \/>\n<\/a><a href=\"mailto:deficiente@mp.pa.gov.br\">deficiente@mp.pa.gov.br<\/a><\/p>\n<h4>BELO HORIZONTE \u2013 MG<\/h4>\n<p><b>Centro de Apoio Operacional \u2013 Pessoas com Defici\u00eancia e Idosos \u2013 CAO-PPDI<\/b><br \/>\nAv. Raja Gabaglia, 615 \u2013 T\u00e9rreo \u2013 Cidade Jardim<br \/>\nCEP 30180-090<br \/>\nTel: (31) 3295-2838 \/ 3295-1727 (fax)<br \/>\n<a href=\"http:\/\/www.ampid.org.br\/ampid\/%20www.mp.mg.gov.br\">http: www.mp.mg.gov.br<br \/>\n<\/a><a href=\"mailto:caoppdi@mp.mg.gov.br\">caoppdi@mp.mg.gov.br<\/a><\/p>\n<p><b>Promotoria de Justi\u00e7a de Defesa dos Direitos das Pessoas com Defici\u00eancia e Idosos de Belo Horizonte<\/b><br \/>\nRua dos Timbiras, 2928 \u2013 7\u00ba andar \u2013 Barro Preto<br \/>\nCEP: 30140-062<br \/>\nTel: (31) 3295-2045 \/ 3295-3935 (fax)<br \/>\n<a href=\"mailto:pj.idoso@mp.mg.gov.br\">pj.idoso@mp.mg.gov.br<\/a><br \/>\n<a href=\"mailto:pj.deficiente@mp.mg.gov.br\">pj.deficiente@mp.mg.gov.br<\/a><\/p>\n<h4>BOA VISTA \u2013 RORAIMA<\/h4>\n<p><b>Promotoria de Justi\u00e7a de Defesa da Pessoa com Defici\u00eancia e Idoso; direito \u00e0 Educa\u00e7\u00e3o \u2013 Pro-DIE<\/b><br \/>\nMinist\u00e9rio P\u00fablico do Estado de Roraima<br \/>\nPromotora de Justi\u00e7a Titular \u2013 Dra. Jana\u00edna Carneiro Costa Menezes<br \/>\nEndere\u00e7o: Av. Ville Roy, n\u00ba 557, Centro, Espa\u00e7o da Cidadania, Boa Vista-Roraima, CEP.69301.000<br \/>\nEmails:\u00a0<a href=\"http:\/\/www.ampid.org.br\/ampid\/janaina@mp.rr.gov.br\">janaina@mp.rr.gov.br<\/a>\u00a0:\u00a0<a href=\"http:\/\/www.ampid.org.br\/ampid\/prodie@mp.rr.gov.br\">prodie@mp.rr.gov.br<\/a><br \/>\nTelefones: 95-36212900 (ramal 410) e 95-91120968<\/p>\n<h4>BRAS\u00cdLIA \u2013 DISTRITO FEDERAL<\/h4>\n<p><b>Promotoria de Defesa do Idoso e do Portador de Defici\u00eancia \u2013 PRODIDE<br \/>\nEdif\u00edcio do Minist\u00e9rio P\u00fablico do Distrito Federal<\/b><br \/>\nEixo Monumental 1\u00ba andar, Salas 125 e 127<br \/>\nTel: (61) 3343-9414 | 9960<br \/>\nDisque-idoso: 0800-6441401<br \/>\n<a href=\"http:\/\/www.mpdft.gov.br\/\">http:\/\/www.mpdft.gov.br<\/a><\/p>\n<p><b>Minist\u00e9rio P\u00fablico do Trabalho<\/b><br \/>\nProcuradoria Geral do Trabalho<br \/>\nSAS Quadra 4, Bloco L, Sala 803<br \/>\nCEP: 70070-900<br \/>\nTel: (61) 3314-8533<\/p>\n<h4>CAMPO GRANDE \u2013 MATO GROSSO DO SUL<\/h4>\n<p><b>Promotoria de Justi\u00e7a de Defesa da Cidadania<\/b><br \/>\nRua Padre Jo\u00e3o Crippa, 753 \u2013 Centro<br \/>\nTel: (67) 3321-3250<br \/>\n<a href=\"http:\/\/www.nppd.ms.gov.br\/\">http:\/\/www.nppd.ms.gov.br<\/a><\/p>\n<h4>CURITIBA \u2013 PARAN\u00c1<\/h4>\n<p><b>Promotoria dos Direitos do Idoso<\/b><br \/>\nAv. Marechal Floriano Peixoto, 1251<br \/>\nTel: (41) 3219-5254<br \/>\n<a href=\"http:\/\/www.mp.pr.gov.br\/\">http:\/\/www.mp.pr.gov.br<\/a><\/p>\n<h4>CUIAB\u00c1 \u2013 MATO GROSSO<\/h4>\n<p><b>Promotoria de Justi\u00e7a em Defesa da Cidadania<\/b><br \/>\nRua 08, s\/n\u00ba \u2013 Edif\u00edcio das Promotorias de Justi\u00e7a \u2013 T\u00e9rreo<br \/>\nCentro Pol\u00edtico Administrativo, Cuiab\u00e1-MT<br \/>\nCEP 78050-070<br \/>\nTel: (65) 3613-5280 | 3613-5267 | Fax: 3613-5219<br \/>\nDisque- cidadania: 0800-6471700<br \/>\n<a href=\"http:\/\/www.mp.mt.gov.br\/\">http:\/\/www.mp.mt.gov.br<\/a><\/p>\n<h4>FORTALEZA \u2013 CEAR\u00c1<\/h4>\n<p><b>Promotoria do Idoso e do Deficiente<\/b><br \/>\nRua Assun\u00e7\u00e3o, 1100 \u2013 Jos\u00e9 Bonif\u00e1cio<br \/>\nTel: (85) 3452-3756<br \/>\nDisque-den\u00fancia: 0800-850022<br \/>\n<a href=\"http:\/\/www.mp.ce.gov.br\/\">http:\/\/www.mp.ce.gov.br<\/a><\/p>\n<h4>FLORIAN\u00d3POLIS \u2013 SANTA CATARINA<\/h4>\n<p><b>30\u00aa Promotoria de Justi\u00e7a de Florian\u00f3polis<\/b><br \/>\nAv. Othon Gama d\u2019E\u00e7a, 611, 3\u00ba andar, Edif\u00edcio Palas \u2013 Centro<br \/>\nTel: (48) 3229-7507 | 3229-7508<br \/>\n<a href=\"http:\/\/www.mp.sc.gov.br\/\">http:\/\/www.mp.sc.gov.br<\/a><\/p>\n<h4>GOI\u00c2NIA \u2013 GOI\u00c1S<\/h4>\n<p><b>Promotoria do Idoso e do Deficiente<\/b><br \/>\nRua 23, esquina com a Av. B, Quadra A-6, Lote 15\/24 \u2013 Jardim Goi\u00e1s<br \/>\nTel: (62) 3243-8070<br \/>\n<a href=\"mailto:esmp@mp.go.gov.br\">esmp@mp.go.gov.br<br \/>\n<\/a><a href=\"http:\/\/www.mp.go.gov.br\/\">http:\/\/www.mp.go.gov.br<\/a><\/p>\n<p><b>65\u00aa Promotoria de Justi\u00e7a de Defesa do Cidad\u00e3o<\/b><br \/>\nTel: (62) 3243-8130<br \/>\n<a href=\"mailto:65promotoria@mp.go.gov.br\">65promotoria@mp.go.gov.br<\/a><\/p>\n<h4>JO\u00c3O PESSOA \u2013 PARA\u00cdBA<\/h4>\n<p><b>Procuradoria de Defesa dos Direitos do Cidad\u00e3o<\/b><br \/>\nRua 13 de maio, 677 \u2013 Centro<br \/>\nTel: (83) 2107-6112<\/p>\n<h4>MACAP\u00c1 \u2013 AMAP\u00c1<\/h4>\n<p><b>Promotoria da Cidadania de Macap\u00e1<\/b><br \/>\nRua Paran\u00e1, 336 \u2013 Santa Rita<br \/>\nCEP: 68.900-000<br \/>\nTel: (96) 3212-1850<br \/>\n<a href=\"http:\/\/www.mp.ap.gov.br\/\">http:\/\/www.mp.ap.gov.br<br \/>\n<\/a><a href=\"mailto:mp@mp.ap.gov.br\">mp@mp.ap.gov.br<\/a><\/p>\n<h4>MACEI\u00d3 \u2013 ALAGOAS<\/h4>\n<p><b>Promotoria de Justi\u00e7a Coletiva Especializada de Defesa da Sa\u00fade, do Idoso e do Deficiente<\/b><br \/>\nRua Dr. Pedro Jorge Melo e Silva, 79, 1\u00ba andar \u2013 Po\u00e7o<br \/>\nTel: (82) 3326-2529<br \/>\n<a href=\"http:\/\/www.mp.al.gov.br\/\">http:\/\/www.mp.al.gov.br<br \/>\n<\/a><a href=\"mailto:helder@ofm.com.br\">helder@ofm.com.br<\/a><\/p>\n<h4><span style=\"font-family: inherit;\">MANAUS \u2013 AMAZONAS<\/span><\/h4>\n<\/div>\n<div class=\"coluna2\">\n<p><b>Promotorias Especializadas na Prote\u00e7\u00e3o e Defesa dos Direitos Constitucionais do Cidad\u00e3o \u2013 PRODEDIC<\/b><br \/>\nAv. Coronel Teixeira, 7955 \u2013 Nova Esperan\u00e7a<br \/>\nTel: (092) 3655-0500<br \/>\nDisque-den\u00fancia: 0800-920500<br \/>\n<a href=\"http:\/\/www.mp.am.gov.br\/\">http:\/\/www.mp.am.gov.br<\/a><\/p>\n<h4>NATAL \u2013 RIO GRANDE DO NORTE<\/h4>\n<p><b>Centro de Apoio a Pessoa com Defici\u00eancia e Idoso<\/b><br \/>\nRua Manoel Alves Pessoa Neto, 97, Candel\u00e1ria<br \/>\nCEP 59.065-555<br \/>\nTel: (84) 3232-5103<br \/>\n<a href=\"http:\/\/www.mp.rn.gov.br\/\">http:\/\/www.mp.rn.gov.br<\/a><br \/>\n<a href=\"mailto:caopminorias@yahoo.com.br\">caopminorias@yahoo.com.br<\/a><\/p>\n<p><b>9\u00aa, 30\u00aa e 42\u00aa Promotorias de Justi\u00e7a em defesa dos Direitos dos Idosos e das Pessoas com Defici\u00eancia da Comarca de Natal- Estado do Rio Grande do Norte<\/b><br \/>\nEndere\u00e7o: Av. Engenheiro Roberto Freire, 8790,<br \/>\nBairro de Ponta Negra, Central do Cidad\u00e3o-Praia Shopping<br \/>\nCEP: 59.090-000<br \/>\nTel: (84) 3232-7244 e 3232-7245<\/p>\n<h4>PALMAS \u2013 TOCANTINS<\/h4>\n<p><b>Promotoria do Idoso<\/b><br \/>\nPra\u00e7a dos Girass\u00f3is, s\/n\u00ba<br \/>\nTel: (63) 3218-3586<br \/>\n<a href=\"http:\/\/www.mp.to.gov.br\/\">http:\/\/www.mp.to.gov.br<\/a><\/p>\n<h4>PORTO ALEGRE \u2013 RIO GRANDE DO SUL<\/h4>\n<p><b>Promotoria de Justi\u00e7a de Defesa dos Direitos Humanos<\/b><br \/>\nRua Santana, 440, 7\u00ba andar \u2013 Santana<br \/>\nCEP: \u2013 90040371<br \/>\nTel: (51) 3288-8916 | 3288- 8912<br \/>\n<a href=\"http:\/\/www.mp.rs.gov.br\/promotorias\">http:\/\/www.mp.rs.gov.br\/promotorias<br \/>\n<\/a><a href=\"mailto:dhumanos@mp.rs.gov.br\">dhumanos@mp.rs.gov.br<\/a><\/p>\n<h4>PORTO VELHO \u2013 ROND\u00d4NIA<\/h4>\n<p><b>Centro de Apoio Operacional C\u00edvel<\/b><br \/>\nRua Jamari, 1555, bairro Olaria<br \/>\nCEP 78903-037 \u2013 Porto Velho \u2013 RO<br \/>\nTel 69 3216-3850 | 3216-3762 | 3216-3989 (fax)<br \/>\n<a href=\"http:\/\/www.mp.ro.gov.br\/web\/caocivel\">http:\/\/www.mp.ro.gov.br\/web\/caocivel<\/a><\/p>\n<h4>RECIFE \u2013 PERNAMBUCO<\/h4>\n<p>Av. Visconde Suassuna, 99 \u2013 Santo Amaro<br \/>\nTel: (81) 318-27417<br \/>\nDisque-idoso: 0800 2812280<br \/>\n<a href=\"http:\/\/www.mp.pe.gov.br\/\">http:\/\/www.mp.pe.gov.br<\/a><\/p>\n<h4>RIO BRANCO \u2013 ACRE<\/h4>\n<p><b>Promotoria Especilizada de Defesa da Cidadania e da Sa\u00fade<\/b><br \/>\nAv. Get\u00falio Vargas, 2061 \u2013 Bosque<br \/>\nTel: (89) 3212-2088<br \/>\n<a href=\"http:\/\/www.mp.ac.gov.br\/\">http:\/\/www.mp.ac.gov.br<\/a><\/p>\n<h4>RIO DE JANEIRO \u2013 RIO DE JANEIRO<\/h4>\n<p><b>Promotorias de Justi\u00e7a de Prote\u00e7\u00e3o ao Idoso e \u00e0 Pessoa Portadora de Defici\u00eancia<\/b><br \/>\nAv. Marechal C\u00e2mara, 186, 4\u00ba andar \u2013 Centro<br \/>\nTel: (21) 2550-9050<br \/>\nLigue-idoso: (21) 2299-5700<br \/>\n<a href=\"http:\/\/www.mp.rj.gov.br\/\">http:\/\/www.mp.rj.gov.br<\/a><br \/>\n<a href=\"mailto:cao3@mp.rj.gov.br\">cao3@mp.rj.gov.br<\/a><\/p>\n<h4>SALVADOR \u2013 BAHIA<\/h4>\n<p><b>Promotoria de Justi\u00e7a da Cidadania<\/b><br \/>\nAv. Joana Ang\u00e9lica, 1312 \u2013 Nazar\u00e9<br \/>\nTel: (71) 3324-6406 | 3324-6408<br \/>\n<a href=\"http:\/\/www.mp.ba.gov.br\/\">http:\/\/www.mp.ba.gov.br<br \/>\n<\/a><a href=\"mailto:caoci@mp.ba.gov.gr\">caoci@mp.ba.gov.gr<br \/>\n<\/a><a href=\"mailto:cidadania@mp.ba.gov.br\">cidadania@mp.ba.gov.br<\/a><\/p>\n<h4>S\u00c3O LU\u00cdS \u2013 MARANH\u00c3O<\/h4>\n<p><b>11<sup>a.<\/sup>\u00a0e 18<sup>a.<\/sup>\u00a0Promotoria Especializada dos Direitos da Pessoa com Defici\u00eancia<\/b><br \/>\nAv. Daniel de La Touche, 2800, Elevado da Cohama (Garden Shopping), salas 78 e 79<br \/>\nCEP: 65061-022<br \/>\nTel: (98) 3219-1904 | 3219-1836 e 3219-1816 | 3219-1314<br \/>\nFax: (98) 3219-1880<br \/>\nDisque-den\u00fancia: 0800-981600<br \/>\n<a href=\"http:\/\/www.mp.ma.gov.br\/pid\/index.htm\">http:\/\/www.mp.ma.gov.br\/pid\/index.htm<\/a><br \/>\n<a href=\"mailto:pid@pgj.ma.gov.br\">pid@pgj.ma.gov.br<\/a><\/p>\n<h4>S\u00c3O PAULO \u2013 S\u00c3O PAULO<\/h4>\n<p><b>N\u00facleo de Aten\u00e7\u00e3o ao Idoso<\/b><br \/>\nCentro de Apoio Operacional das Promotorias de Justi\u00e7a C\u00edveis e de Tutela Coletiva<br \/>\nRua Riachuelo, 115, 7\u00ba andar, sala 720, Centro<br \/>\nCEP 01007-904 \u2013 S\u00e3o Paulo-SP<br \/>\nTel: 11 3119-9844 | 3119-9525 | 3119-9590 (fax)<br \/>\n<a href=\"http:\/\/www.mp.sp.gov.br\/\">http:\/\/www.mp.sp.gov.br<\/a><br \/>\n<a href=\"mailto:caocivel@mp.sp.gov.br\">caocivel@mp.sp.gov.br<\/a><\/p>\n<p><b>Promotoria de Justi\u00e7a da Pessoa com Defici\u00eancia de Presidente Prudente<\/b><br \/>\nAv. Cel. Jos\u00e9 Marcondes, 2.201 \u2013 Vila S\u00e3o Jorge<br \/>\nPresidente Prudente \u2013 SP<br \/>\nTel\/Fax: (018) 3221-3144 ramal: 207<br \/>\nSite:\u00a0<a href=\"http:\/\/www.pjpp.sp.gov.br\/\">www.pjpp.sp.gov.br<\/a><br \/>\nE-mail:\u00a0<a href=\"mailto:luiz.ferreira@mp.sp.gov.br\">luiz.ferreira@mp.sp.gov.br<\/a><\/p>\n<h4>TERESINA \u2013 PIAU\u00cd<\/h4>\n<p><b>Promotoria do Idoso<\/b><br \/>\nRua \u00c1lvares Mendes, 2294 \u2013 Centro<br \/>\nCEP: 64.000-060<br \/>\nTel: (86) 3216-4550<br \/>\nCentro de Apoio Operacional de Defesa dos Direitos das Pessoas Portadoras de Defici\u00eancia \u2013 CADD<br \/>\nTel: (86) 3216-4550<br \/>\n<a href=\"http:\/\/site.mp.pi.gov.br\/\">http:\/\/www.mp.pi.gov.br<\/a><br \/>\n<a href=\"mailto:cadd@mp.pi.gov.br\">cadd@mp.pi.gov.br<\/a><\/p>\n<h4>VIT\u00d3RIA \u2013 ESP\u00cdRITO SANTO<\/h4>\n<p><b>Centro de Apoio Operacional C\u00edvel e de Defesa da Cidadania<\/b><br \/>\n<span style=\"font-weight: 400;\">Rua Raulino Gon\u00e7alves, n\u00ba 200, Salas 16 a 19, Enseada do Su\u00e1 \u2013 Vit\u00f3ria\/ES\u00a0&#8211; CEP: 29050-405<\/span><br \/>\n<span style=\"font-weight: 400;\">\u00a0Tel: <\/span><span style=\"font-weight: 400;\">(27) 3194-4722 \/ 4723 \/ 4724 \/ 4759<\/span><br \/>\n<a href=\"https:\/\/www.mpes.mp.br\/\" target=\"_blank\" rel=\"noopener noreferrer\">https:\/\/www.mpes.mp.br\/<\/a><br \/>\n<a href=\"mailto:cacc@mpes.gov.br\">cacc@mpes.gov.br<\/a><\/p>\n<\/div>\n<\/div><\/div><div class=\"w-separator size_small\"><\/div><\/div><\/div><\/div><div class=\"vc_col-sm-4 vc_hidden-xs wpb_column vc_column_container has_bg_color\"><div class=\"vc_column-inner us_custom_0d15be52 type_sticky\"><div class=\"wpb_wrapper\"><div class=\"w-image align_center\"><div class=\"w-image-h\"><img decoding=\"async\" width=\"960\" height=\"960\" src=\"https:\/\/ampid.org.br\/site2020\/wp-content\/uploads\/2020\/07\/img-promotorias.jpg\" class=\"attachment-full size-full\" alt=\"\" loading=\"lazy\" srcset=\"https:\/\/ampid.org.br\/site2020\/wp-content\/uploads\/2020\/07\/img-promotorias.jpg 960w, https:\/\/ampid.org.br\/site2020\/wp-content\/uploads\/2020\/07\/img-promotorias-300x300.jpg 300w, https:\/\/ampid.org.br\/site2020\/wp-content\/uploads\/2020\/07\/img-promotorias-150x150.jpg 150w, https:\/\/ampid.org.br\/site2020\/wp-content\/uploads\/2020\/07\/img-promotorias-600x600.jpg 600w\" sizes=\"auto, (max-width: 960px) 100vw, 960px\" \/><\/div><\/div><div class=\"w-separator size_medium\"><\/div><div class=\"wpb_text_column\"><div class=\"wpb_wrapper\"><h3>\u00daltimas Not\u00edcias<\/h3>\n<\/div><\/div><div class=\"w-separator size_small\"><\/div><div class=\"w-grid type_grid layout_blog_4\" id=\"us_grid_1\" style=\"--gap:1.5rem;\" data-filterable=\"true\"><style>@media (min-width:1024px){#us_grid_1 .w-post-elm.post_title{font-size:1rem!important}}.layout_blog_4 .w-grid-item-h{}.layout_blog_4 .usg_post_image_1{margin-bottom:0.6rem!important}.layout_blog_4 .usg_post_title_1{font-size:1.2rem!important;margin-bottom:0.3rem!important}.layout_blog_4 .usg_post_date_1{color:var(--color-content-faded)!important;font-size:0.8rem!important;line-height:1.6!important}<\/style><div class=\"w-grid-list\">\t<article class=\"w-grid-item size_1x1 post-11574 post type-post status-publish format-standard has-post-thumbnail hentry category-190 category-noticias category-pessoas-com-deficiencia category-publicacoes-em-destaque tag-191 tag-bpc tag-pessoas-com-deficiencia-2\" data-id=\"11574\">\r\n\t\t<div class=\"w-grid-item-h\">\r\n\t\t\t\t\t\t<div class=\"w-post-elm post_image usg_post_image_1 stretched\"><a href=\"https:\/\/ampid.org.br\/site2020\/?p=11574\" aria-label=\"\u201cCarta ao Governo Lula\u201d pede a revers\u00e3o do PL 4614\/2024 sobre a altera\u00e7\u00e3o de BPC para pessoas com defici\u00eancia\"><img loading=\"lazy\" decoding=\"async\" width=\"600\" height=\"295\" src=\"https:\/\/ampid.org.br\/site2020\/wp-content\/uploads\/2024\/12\/Sem-titulologo-600x295.png\" class=\"attachment-us_600_337_crop size-us_600_337_crop wp-post-image\" alt=\"\" \/><\/a><\/div><h2 class=\"w-post-elm post_title usg_post_title_1 entry-title color_link_inherit\"><a href=\"https:\/\/ampid.org.br\/site2020\/?p=11574\">\u201cCarta ao Governo Lula\u201d pede a revers\u00e3o do PL 4614\/2024 sobre a altera\u00e7\u00e3o de BPC para pessoas com defici\u00eancia<\/a><\/h2><time class=\"w-post-elm post_date usg_post_date_1 has_text_color entry-date published\" datetime=\"2024-12-17T18:12:35-03:00\" title=\"17 dezembro 2024 \u00e0s 18:12:35 America\/Sao_Paulo\">1 ano atr\u00e1s<\/time>\t\t<\/div>\r\n\t\t\t<\/article>\r\n\t<article class=\"w-grid-item size_1x1 post-10925 post type-post status-publish format-standard has-post-thumbnail hentry category-175 category-notas category-noticias category-pessoas-com-deficiencia category-publicacoes-em-destaque tag-154 tag-ampid tag-avaliacao-biopsicossocial tag-direitos-das-pessoas-com-deficiencia\" data-id=\"10925\">\r\n\t\t<div class=\"w-grid-item-h\">\r\n\t\t\t\t\t\t<div class=\"w-post-elm post_image usg_post_image_1 stretched\"><a href=\"https:\/\/ampid.org.br\/site2020\/?p=10925\" aria-label=\"Nota de Preocupa\u00e7\u00e3o com Concurso P\u00fablico do INSS e Rep\u00fadio ao Manual\u00a0do\u00a0Cebraspe\"><img loading=\"lazy\" decoding=\"async\" width=\"600\" height=\"337\" src=\"https:\/\/ampid.org.br\/site2020\/wp-content\/uploads\/2020\/07\/rep-600x337.jpg\" class=\"attachment-us_600_337_crop size-us_600_337_crop wp-post-image\" alt=\"\" \/><\/a><\/div><h2 class=\"w-post-elm post_title usg_post_title_1 entry-title color_link_inherit\"><a href=\"https:\/\/ampid.org.br\/site2020\/?p=10925\">Nota de Preocupa\u00e7\u00e3o com Concurso P\u00fablico do INSS e Rep\u00fadio ao Manual\u00a0do\u00a0Cebraspe<\/a><\/h2><time class=\"w-post-elm post_date usg_post_date_1 has_text_color entry-date published\" datetime=\"2023-01-18T09:58:17-03:00\" title=\"18 janeiro 2023 \u00e0s 09:58:17 America\/Sao_Paulo\">3 anos atr\u00e1s<\/time>\t\t<\/div>\r\n\t\t\t<\/article>\r\n\t<article class=\"w-grid-item size_1x1 post-10918 post type-post status-publish format-standard has-post-thumbnail hentry category-175 category-notas category-noticias category-publicacoes-em-destaque tag-154 tag-capacitismo tag-direitos-das-pessoas-com-deficiencia tag-rede-in\" data-id=\"10918\">\r\n\t\t<div class=\"w-grid-item-h\">\r\n\t\t\t\t\t\t<div class=\"w-post-elm post_image usg_post_image_1 stretched\"><a href=\"https:\/\/ampid.org.br\/site2020\/?p=10918\" aria-label=\"Carta Aberta ao Presidente Lula sobre a redu\u00e7\u00e3o da estrutura de cargos da Secretaria Nacional dos Direitos da Pessoa com Defici\u00eancia\"><img loading=\"lazy\" decoding=\"async\" width=\"600\" height=\"337\" src=\"https:\/\/ampid.org.br\/site2020\/wp-content\/uploads\/2023\/01\/secretaria_das_cidades_df_widelg-600x337.jpg\" class=\"attachment-us_600_337_crop size-us_600_337_crop wp-post-image\" alt=\"\" srcset=\"https:\/\/ampid.org.br\/site2020\/wp-content\/uploads\/2023\/01\/secretaria_das_cidades_df_widelg-600x337.jpg 600w, https:\/\/ampid.org.br\/site2020\/wp-content\/uploads\/2023\/01\/secretaria_das_cidades_df_widelg-300x169.jpg 300w, https:\/\/ampid.org.br\/site2020\/wp-content\/uploads\/2023\/01\/secretaria_das_cidades_df_widelg-1024x576.jpg 1024w, https:\/\/ampid.org.br\/site2020\/wp-content\/uploads\/2023\/01\/secretaria_das_cidades_df_widelg.jpg 1200w\" sizes=\"auto, (max-width: 600px) 100vw, 600px\" \/><\/a><\/div><h2 class=\"w-post-elm post_title usg_post_title_1 entry-title color_link_inherit\"><a href=\"https:\/\/ampid.org.br\/site2020\/?p=10918\">Carta Aberta ao Presidente Lula sobre a redu\u00e7\u00e3o da estrutura de cargos da Secretaria Nacional dos Direitos da Pessoa com Defici\u00eancia<\/a><\/h2><time class=\"w-post-elm post_date usg_post_date_1 has_text_color entry-date published\" datetime=\"2023-01-13T18:28:58-03:00\" title=\"13 janeiro 2023 \u00e0s 18:28:58 America\/Sao_Paulo\">3 anos atr\u00e1s<\/time>\t\t<\/div>\r\n\t\t\t<\/article>\r\n<\/div><div class=\"w-grid-preloader\">\t<div class=\"g-preloader type_custom\">\r\n\t\t<div><img loading=\"lazy\" decoding=\"async\" width=\"300\" height=\"300\" src=\"https:\/\/ampid.org.br\/site2020\/wp-content\/uploads\/2020\/06\/icon-300x300.png\" class=\"attachment-medium size-medium\" alt=\"\" srcset=\"https:\/\/ampid.org.br\/site2020\/wp-content\/uploads\/2020\/06\/icon-300x300.png 300w, https:\/\/ampid.org.br\/site2020\/wp-content\/uploads\/2020\/06\/icon-150x150.png 150w, https:\/\/ampid.org.br\/site2020\/wp-content\/uploads\/2020\/06\/icon.png 512w\" sizes=\"auto, (max-width: 300px) 100vw, 300px\" \/><\/div>\r\n\t<\/div>\r\n\t<\/div>\t<div class=\"w-grid-json hidden\" onclick='return {&quot;action&quot;:&quot;us_ajax_grid&quot;,&quot;infinite_scroll&quot;:0,&quot;max_num_pages&quot;:9,&quot;pagination&quot;:&quot;none&quot;,&quot;template_vars&quot;:{&quot;columns&quot;:&quot;1&quot;,&quot;exclude_items&quot;:&quot;none&quot;,&quot;img_size&quot;:&quot;us_600_337_crop&quot;,&quot;ignore_items_size&quot;:0,&quot;items_layout&quot;:&quot;blog_4&quot;,&quot;items_offset&quot;:&quot;1&quot;,&quot;load_animation&quot;:&quot;none&quot;,&quot;overriding_link&quot;:&quot;{\\&quot;url\\&quot;:\\&quot;\\&quot;}&quot;,&quot;post_id&quot;:0,&quot;query_args&quot;:{&quot;post_type&quot;:[&quot;post&quot;],&quot;tax_query&quot;:[{&quot;taxonomy&quot;:&quot;category&quot;,&quot;field&quot;:&quot;slug&quot;,&quot;terms&quot;:[&quot;noticias&quot;]}],&quot;post_status&quot;:[&quot;publish&quot;,&quot;acf-disabled&quot;],&quot;ignore_sticky_posts&quot;:1,&quot;posts_per_page&quot;:&quot;3&quot;},&quot;orderby_query_args&quot;:{&quot;orderby&quot;:{&quot;date&quot;:&quot;DESC&quot;}},&quot;type&quot;:&quot;grid&quot;,&quot;us_grid_ajax_index&quot;:1,&quot;us_grid_filter_params&quot;:[],&quot;us_grid_index&quot;:1,&quot;_us_grid_post_type&quot;:&quot;post&quot;,&quot;page_args&quot;:[]}}'><\/div>\r\n\t<\/div><\/div><\/div><\/div><\/div><\/div><\/section>\n","protected":false},"excerpt":{"rendered":"&nbsp; 13 de janeiro de 2023 &nbsp; Carta Aberta ao Presidente Lula sobre a inaceit\u00e1vel redu\u00e7\u00e3o da estrutura de cargos da Secretaria Nac. dos Direitos da Pessoa com Defici\u00eancia A Rede-In (Rede Brasileira de Inclus\u00e3o da Pessoa com Defici\u00eancia) manifesta sua\u00a0preocupa\u00e7\u00e3o com a incompreens\u00edvel redu\u00e7\u00e3o da estrutura da Secretaria Nacional dos Direitos da Pessoa com...","protected":false},"author":1,"featured_media":0,"parent":0,"menu_order":0,"comment_status":"closed","ping_status":"open","template":"","meta":{"_acf_changed":false,"inline_featured_image":false,"footnotes":""},"class_list":["post-9127","page","type-page","status-publish","hentry"],"acf":[],"_links":{"self":[{"href":"https:\/\/ampid.org.br\/site2020\/index.php?rest_route=\/wp\/v2\/pages\/9127","targetHints":{"allow":["GET"]}}],"collection":[{"href":"https:\/\/ampid.org.br\/site2020\/index.php?rest_route=\/wp\/v2\/pages"}],"about":[{"href":"https:\/\/ampid.org.br\/site2020\/index.php?rest_route=\/wp\/v2\/types\/page"}],"author":[{"embeddable":true,"href":"https:\/\/ampid.org.br\/site2020\/index.php?rest_route=\/wp\/v2\/users\/1"}],"replies":[{"embeddable":true,"href":"https:\/\/ampid.org.br\/site2020\/index.php?rest_route=%2Fwp%2Fv2%2Fcomments&post=9127"}],"version-history":[{"count":1,"href":"https:\/\/ampid.org.br\/site2020\/index.php?rest_route=\/wp\/v2\/pages\/9127\/revisions"}],"predecessor-version":[{"id":9610,"href":"https:\/\/ampid.org.br\/site2020\/index.php?rest_route=\/wp\/v2\/pages\/9127\/revisions\/9610"}],"wp:attachment":[{"href":"https:\/\/ampid.org.br\/site2020\/index.php?rest_route=%2Fwp%2Fv2%2Fmedia&parent=9127"}],"curies":[{"name":"wp","href":"https:\/\/api.w.org\/{rel}","templated":true}]}}