{"id":2,"date":"2020-06-05T17:13:50","date_gmt":"2020-06-05T17:13:50","guid":{"rendered":"http:\/\/ampid.org.br\/site2020\/?page_id=2"},"modified":"2022-07-14T17:43:47","modified_gmt":"2022-07-14T20:43:47","slug":"conheca-a-ampid","status":"publish","type":"page","link":"https:\/\/ampid.org.br\/site2020\/?page_id=2","title":{"rendered":"Conhe\u00e7a a AMPID"},"content":{"rendered":"<section class=\"l-section wpb_row height_small\"><div class=\"l-section-h i-cf\"><div class=\"g-cols vc_row via_flex valign_top type_default stacking_default\"><div class=\"vc_col-sm-8 wpb_column vc_column_container\"><div class=\"vc_column-inner\"><div class=\"wpb_wrapper\"><div class=\"wpb_text_column\"><div class=\"wpb_wrapper\"><h1>O que \u00e9 a AMPID<\/h1>\n<p>A Associa\u00e7\u00e3o Nacional dos(as) Membros(as) do Minist\u00e9rio P\u00fablico de Defesa dos Direitos das Pessoas Idosas e Pessoas com Defici\u00eancia \u2013 AMPID tem atua\u00e7\u00e3o em \u00e2mbito nacional desde o ano de 2004 e contribui para o di\u00e1logo social e a promo\u00e7\u00e3o dos interesses dos idosos e pessoas com defici\u00eancia:<\/p>\n<p>Protagonizando a edi\u00e7\u00e3o de livros voltados para a pessoa com defici\u00eancia e pessoa idosa, aproveitando-se das possibilidades do rec\u00e9m criado SELO INCLUSIVO;<\/p>\n<p>Atuando junto ao Congresso Nacional nas quest\u00f5es voltadas para a pessoa com defici\u00eancia e pessoa idosa, em audi\u00eancias com os parlamentares, em notas circunstanciadas sobre os projetos de lei em curso;<\/p>\n<p>Atuando junto a Organismos Internacionais (OEA, ONU) e encaminhando den\u00fancias;<\/p>\n<p>Promovendo parcerias com associa\u00e7\u00f5es e entidades voltadas aos temas afetos;<\/p>\n<p>Atualizando a p\u00e1gina eletr\u00f4nica e criando ve\u00edculo oficial de comunica\u00e7\u00e3o nacional;<\/p>\n<p>Dialogando permanentemente com os \u00f3rg\u00e3os institucionais (PGJ, PGR, PGT, CNJ, CNMP, Promotorias, Grupos de Trabalho e Coordenadorias);<\/p>\n<p>Intensificando a participa\u00e7\u00e3o representativa nos Conselhos Nacional de Direitos (CONADE, CNDI); e<\/p>\n<p>Buscando representatividade tamb\u00e9m nos conselhos de direitos similares em \u00e2mbito estadual e municipal, com a participa\u00e7\u00e3o direta do associado local.<\/p>\n<\/div><\/div><div class=\"w-separator size_medium\"><\/div><div class=\"g-cols wpb_row us_custom_32cd4954 has_text_color via_flex valign_top type_boxes stacking_default\"><div class=\"vc_col-sm-12 wpb_column vc_column_container\"><div class=\"vc_column-inner\"><div class=\"wpb_wrapper\"><div class=\"wpb_text_column\"><div class=\"wpb_wrapper\"><h2>Vis\u00e3o<\/h2>\n<p>Ser reconhecido como espa\u00e7o de articula\u00e7\u00e3o pol\u00edtica e de excel\u00eancia em quest\u00f5es relativas ao desenvolvimento cient\u00edfico nas \u00e1reas de interesse das pessoas com defici\u00eancia e pessoas idosas.<\/p>\n<\/div><\/div><\/div><\/div><\/div><\/div><div class=\"w-separator size_small\"><\/div><div class=\"g-cols wpb_row us_custom_d0fd7ffc has_text_color via_flex valign_top type_boxes stacking_default\"><div class=\"vc_col-sm-12 wpb_column vc_column_container\"><div class=\"vc_column-inner\"><div class=\"wpb_wrapper\"><div class=\"wpb_text_column\"><div class=\"wpb_wrapper\"><h2>Miss\u00e3o<\/h2>\n<p>A Associa\u00e7\u00e3o Nacional do Minist\u00e9rio P\u00fablico de Defesa dos Direitos dos Idosos e Pessoas com Defici\u00eancia \u2013 AMPID \u2013 foi criada para promover e defender aos direitos das pessoas idosas e pessoas com defici\u00eancia.<\/p>\n<p>De abrang\u00eancia nacional, a AMPID contribui para o di\u00e1logo social e a promo\u00e7\u00e3o dos interesses dos idosos e pessoas com defici\u00eancia, sendo seus objetivos:<\/p>\n<p>Desenvolver, em \u00e2mbito nacional, pol\u00edticas e a\u00e7\u00f5es de integra\u00e7\u00e3o com \u00f3rg\u00e3os e entidades, forma\u00e7\u00e3o e aperfei\u00e7oamento profissional dos Associados e, promo\u00e7\u00e3o da cultura jur\u00eddica, relacionados aos direitos das pessoas com defici\u00eancia e das pessoas idosas.<\/p>\n<ul>\n<li>o respeito absoluto e incondicional aos valores pol\u00edticos e jur\u00eddicos de um Estado Democr\u00e1tico de Direito;<\/li>\n<li>a democratiza\u00e7\u00e3o do acesso \u00e0 justi\u00e7a, pressuposto b\u00e1sico do pleno exerc\u00edcio da cidadania;<\/li>\n<li>a proclama\u00e7\u00e3o e defesa dos direitos das pessoas idosas e pessoas com defici\u00eancia;<\/li>\n<li>a manuten\u00e7\u00e3o de interc\u00e2mbio entre associados, entidades e pessoas que prestam ou tenham prestado servi\u00e7os visando concretiza\u00e7\u00e3o dos direitos das pessoas idosas e pessoas com defici\u00eancia;<\/li>\n<li>a cria\u00e7\u00e3o, desenvolvimento e manuten\u00e7\u00e3o de v\u00ednculos de corpora\u00e7\u00e3o, apoio e solidariedade m\u00fatuos entre os associados, entidades e pessoas que prestem ou tenham prestado servi\u00e7os visando a materializa\u00e7\u00e3o dos direitos das pessoas idosas e pessoas com defici\u00eancia;<\/li>\n<li>a promo\u00e7\u00e3o da cultura jur\u00eddica cr\u00edtica e democr\u00e1tica, com base na forma\u00e7\u00e3o dos Membros do Minist\u00e9rio P\u00fablico de defesa das pessoas idosas e pessoas com defici\u00eancia;<\/li>\n<li>a realiza\u00e7\u00e3o de congressos, semin\u00e1rios, pain\u00e9is, confer\u00eancias, debates, cursos e estudos sobre quest\u00f5es referentes ao envelhecimento e \u00e0s defici\u00eancias;<\/li>\n<li>o estudo das normas internacionais relativas ao envelhecimento e \u00e0s defici\u00eancias, de maneira a contribuir para o aperfei\u00e7oamento das institui\u00e7\u00f5es;<\/li>\n<li>a difus\u00e3o dos estudos jur\u00eddicos e sociais, mediante a elabora\u00e7\u00e3o de boletins, revistas e jornais;<\/li>\n<li>a promo\u00e7\u00e3o de campanhas visando mobiliza\u00e7\u00e3o da opini\u00e3o p\u00fablica no sentido de participa\u00e7\u00e3o dos diversos segmentos na promo\u00e7\u00e3o dos direitos das pessoas idosas e das pessoas com defici\u00eancia;<\/li>\n<li>a manuten\u00e7\u00e3o de interc\u00e2mbio permanente com institui\u00e7\u00f5es nacionais e internacionais que desenvolvam atividades semelhantes as da AMPID;<\/li>\n<li>aplicar integralmente suas rendas, recursos e eventual resultado operacional na manuten\u00e7\u00e3o e desenvolvimento dos objetivos institucionais no territ\u00f3rio nacional;<\/li>\n<li>n\u00e3o remunerar nem conceder vantagens ou benef\u00edcios por qualquer forma ou t\u00edtulo, a seus diretores, conselheiros, s\u00f3cios, instituidores, benfeitores ou equivalentes;<\/li>\n<li>n\u00e3o distribuir resultados, dividendos, bonifica\u00e7\u00f5es, participa\u00e7\u00f5es ou parcelas do seu patrim\u00f4nio, sob nenhuma forma ou pretexto.<\/li>\n<\/ul>\n<\/div><\/div><\/div><\/div><\/div><\/div><\/div><\/div><\/div><div class=\"vc_col-sm-4 vc_hidden-xs wpb_column vc_column_container has_bg_color\"><div class=\"vc_column-inner us_custom_0d15be52 type_sticky\"><div class=\"wpb_wrapper\"><div class=\"w-image align_center\"><div class=\"w-image-h\"><img decoding=\"async\" width=\"700\" height=\"700\" src=\"https:\/\/ampid.org.br\/site2020\/wp-content\/uploads\/2020\/06\/img-conheca.jpg\" class=\"attachment-full size-full\" alt=\"\" loading=\"lazy\" srcset=\"https:\/\/ampid.org.br\/site2020\/wp-content\/uploads\/2020\/06\/img-conheca.jpg 700w, https:\/\/ampid.org.br\/site2020\/wp-content\/uploads\/2020\/06\/img-conheca-300x300.jpg 300w, https:\/\/ampid.org.br\/site2020\/wp-content\/uploads\/2020\/06\/img-conheca-150x150.jpg 150w, https:\/\/ampid.org.br\/site2020\/wp-content\/uploads\/2020\/06\/img-conheca-600x600.jpg 600w\" sizes=\"auto, (max-width: 700px) 100vw, 700px\" \/><\/div><\/div><div class=\"w-separator size_medium\"><\/div><div class=\"wpb_text_column\"><div class=\"wpb_wrapper\"><h3>\u00daltimas Not\u00edcias<\/h3>\n<\/div><\/div><div class=\"w-separator size_small\"><\/div><div class=\"w-grid type_grid layout_blog_4\" id=\"us_grid_1\" style=\"--gap:1.5rem;\" data-filterable=\"true\"><style>@media (min-width:1024px){#us_grid_1 .w-post-elm.post_title{font-size:1rem!important}}.layout_blog_4 .w-grid-item-h{}.layout_blog_4 .usg_post_image_1{margin-bottom:0.6rem!important}.layout_blog_4 .usg_post_title_1{font-size:1.2rem!important;margin-bottom:0.3rem!important}.layout_blog_4 .usg_post_date_1{color:var(--color-content-faded)!important;font-size:0.8rem!important;line-height:1.6!important}<\/style><div class=\"w-grid-list\">\t<article class=\"w-grid-item size_1x1 post-11574 post type-post status-publish format-standard has-post-thumbnail hentry category-190 category-noticias category-pessoas-com-deficiencia category-publicacoes-em-destaque tag-191 tag-bpc tag-pessoas-com-deficiencia-2\" data-id=\"11574\">\r\n\t\t<div class=\"w-grid-item-h\">\r\n\t\t\t\t\t\t<div class=\"w-post-elm post_image usg_post_image_1 stretched\"><a href=\"https:\/\/ampid.org.br\/site2020\/?p=11574\" aria-label=\"\u201cCarta ao Governo Lula\u201d pede a revers\u00e3o do PL 4614\/2024 sobre a altera\u00e7\u00e3o de BPC para pessoas com defici\u00eancia\"><img loading=\"lazy\" decoding=\"async\" width=\"600\" height=\"295\" src=\"https:\/\/ampid.org.br\/site2020\/wp-content\/uploads\/2024\/12\/Sem-titulologo-600x295.png\" class=\"attachment-us_600_337_crop size-us_600_337_crop wp-post-image\" alt=\"\" \/><\/a><\/div><h2 class=\"w-post-elm post_title usg_post_title_1 entry-title color_link_inherit\"><a href=\"https:\/\/ampid.org.br\/site2020\/?p=11574\">\u201cCarta ao Governo Lula\u201d pede a revers\u00e3o do PL 4614\/2024 sobre a altera\u00e7\u00e3o de BPC para pessoas com defici\u00eancia<\/a><\/h2><time class=\"w-post-elm post_date usg_post_date_1 has_text_color entry-date published\" datetime=\"2024-12-17T18:12:35-03:00\" title=\"17 dezembro 2024 \u00e0s 18:12:35 America\/Sao_Paulo\">1 ano atr\u00e1s<\/time>\t\t<\/div>\r\n\t\t\t<\/article>\r\n\t<article class=\"w-grid-item size_1x1 post-10925 post type-post status-publish format-standard has-post-thumbnail hentry category-175 category-notas category-noticias category-pessoas-com-deficiencia category-publicacoes-em-destaque tag-154 tag-ampid tag-avaliacao-biopsicossocial tag-direitos-das-pessoas-com-deficiencia\" data-id=\"10925\">\r\n\t\t<div class=\"w-grid-item-h\">\r\n\t\t\t\t\t\t<div class=\"w-post-elm post_image usg_post_image_1 stretched\"><a href=\"https:\/\/ampid.org.br\/site2020\/?p=10925\" aria-label=\"Nota de Preocupa\u00e7\u00e3o com Concurso P\u00fablico do INSS e Rep\u00fadio ao Manual\u00a0do\u00a0Cebraspe\"><img loading=\"lazy\" decoding=\"async\" width=\"600\" height=\"337\" src=\"https:\/\/ampid.org.br\/site2020\/wp-content\/uploads\/2020\/07\/rep-600x337.jpg\" class=\"attachment-us_600_337_crop size-us_600_337_crop wp-post-image\" alt=\"\" \/><\/a><\/div><h2 class=\"w-post-elm post_title usg_post_title_1 entry-title color_link_inherit\"><a href=\"https:\/\/ampid.org.br\/site2020\/?p=10925\">Nota de Preocupa\u00e7\u00e3o com Concurso P\u00fablico do INSS e Rep\u00fadio ao Manual\u00a0do\u00a0Cebraspe<\/a><\/h2><time class=\"w-post-elm post_date usg_post_date_1 has_text_color entry-date published\" datetime=\"2023-01-18T09:58:17-03:00\" title=\"18 janeiro 2023 \u00e0s 09:58:17 America\/Sao_Paulo\">3 anos atr\u00e1s<\/time>\t\t<\/div>\r\n\t\t\t<\/article>\r\n\t<article class=\"w-grid-item size_1x1 post-10918 post type-post status-publish format-standard has-post-thumbnail hentry category-175 category-notas category-noticias category-publicacoes-em-destaque tag-154 tag-capacitismo tag-direitos-das-pessoas-com-deficiencia tag-rede-in\" data-id=\"10918\">\r\n\t\t<div class=\"w-grid-item-h\">\r\n\t\t\t\t\t\t<div class=\"w-post-elm post_image usg_post_image_1 stretched\"><a href=\"https:\/\/ampid.org.br\/site2020\/?p=10918\" aria-label=\"Carta Aberta ao Presidente Lula sobre a redu\u00e7\u00e3o da estrutura de cargos da Secretaria Nacional dos Direitos da Pessoa com Defici\u00eancia\"><img loading=\"lazy\" decoding=\"async\" width=\"600\" height=\"337\" src=\"https:\/\/ampid.org.br\/site2020\/wp-content\/uploads\/2023\/01\/secretaria_das_cidades_df_widelg-600x337.jpg\" class=\"attachment-us_600_337_crop size-us_600_337_crop wp-post-image\" alt=\"\" srcset=\"https:\/\/ampid.org.br\/site2020\/wp-content\/uploads\/2023\/01\/secretaria_das_cidades_df_widelg-600x337.jpg 600w, https:\/\/ampid.org.br\/site2020\/wp-content\/uploads\/2023\/01\/secretaria_das_cidades_df_widelg-300x169.jpg 300w, https:\/\/ampid.org.br\/site2020\/wp-content\/uploads\/2023\/01\/secretaria_das_cidades_df_widelg-1024x576.jpg 1024w, https:\/\/ampid.org.br\/site2020\/wp-content\/uploads\/2023\/01\/secretaria_das_cidades_df_widelg.jpg 1200w\" sizes=\"auto, (max-width: 600px) 100vw, 600px\" \/><\/a><\/div><h2 class=\"w-post-elm post_title usg_post_title_1 entry-title color_link_inherit\"><a href=\"https:\/\/ampid.org.br\/site2020\/?p=10918\">Carta Aberta ao Presidente Lula sobre a redu\u00e7\u00e3o da estrutura de cargos da Secretaria Nacional dos Direitos da Pessoa com Defici\u00eancia<\/a><\/h2><time class=\"w-post-elm post_date usg_post_date_1 has_text_color entry-date published\" datetime=\"2023-01-13T18:28:58-03:00\" title=\"13 janeiro 2023 \u00e0s 18:28:58 America\/Sao_Paulo\">3 anos atr\u00e1s<\/time>\t\t<\/div>\r\n\t\t\t<\/article>\r\n<\/div><div class=\"w-grid-preloader\">\t<div class=\"g-preloader type_custom\">\r\n\t\t<div><img loading=\"lazy\" decoding=\"async\" width=\"300\" height=\"300\" src=\"https:\/\/ampid.org.br\/site2020\/wp-content\/uploads\/2020\/06\/icon-300x300.png\" class=\"attachment-medium size-medium\" alt=\"\" srcset=\"https:\/\/ampid.org.br\/site2020\/wp-content\/uploads\/2020\/06\/icon-300x300.png 300w, https:\/\/ampid.org.br\/site2020\/wp-content\/uploads\/2020\/06\/icon-150x150.png 150w, https:\/\/ampid.org.br\/site2020\/wp-content\/uploads\/2020\/06\/icon.png 512w\" sizes=\"auto, (max-width: 300px) 100vw, 300px\" \/><\/div>\r\n\t<\/div>\r\n\t<\/div>\t<div class=\"w-grid-json hidden\" onclick='return {&quot;action&quot;:&quot;us_ajax_grid&quot;,&quot;infinite_scroll&quot;:0,&quot;max_num_pages&quot;:9,&quot;pagination&quot;:&quot;none&quot;,&quot;template_vars&quot;:{&quot;columns&quot;:&quot;1&quot;,&quot;exclude_items&quot;:&quot;none&quot;,&quot;img_size&quot;:&quot;us_600_337_crop&quot;,&quot;ignore_items_size&quot;:0,&quot;items_layout&quot;:&quot;blog_4&quot;,&quot;items_offset&quot;:&quot;1&quot;,&quot;load_animation&quot;:&quot;none&quot;,&quot;overriding_link&quot;:&quot;{\\&quot;url\\&quot;:\\&quot;\\&quot;}&quot;,&quot;post_id&quot;:0,&quot;query_args&quot;:{&quot;post_type&quot;:[&quot;post&quot;],&quot;tax_query&quot;:[{&quot;taxonomy&quot;:&quot;category&quot;,&quot;field&quot;:&quot;slug&quot;,&quot;terms&quot;:[&quot;noticias&quot;]}],&quot;post_status&quot;:[&quot;publish&quot;,&quot;acf-disabled&quot;],&quot;ignore_sticky_posts&quot;:1,&quot;posts_per_page&quot;:&quot;3&quot;},&quot;orderby_query_args&quot;:{&quot;orderby&quot;:{&quot;date&quot;:&quot;DESC&quot;}},&quot;type&quot;:&quot;grid&quot;,&quot;us_grid_ajax_index&quot;:1,&quot;us_grid_filter_params&quot;:[],&quot;us_grid_index&quot;:1,&quot;_us_grid_post_type&quot;:&quot;post&quot;,&quot;page_args&quot;:[]}}'><\/div>\r\n\t<\/div><\/div><\/div><\/div><\/div><\/div><\/section>\n","protected":false},"excerpt":{"rendered":"&nbsp; 13 de janeiro de 2023 &nbsp; Carta Aberta ao Presidente Lula sobre a inaceit\u00e1vel redu\u00e7\u00e3o da estrutura de cargos da Secretaria Nac. dos Direitos da Pessoa com Defici\u00eancia A Rede-In (Rede Brasileira de Inclus\u00e3o da Pessoa com Defici\u00eancia) manifesta sua\u00a0preocupa\u00e7\u00e3o com a incompreens\u00edvel redu\u00e7\u00e3o da estrutura da Secretaria Nacional dos Direitos da Pessoa com...","protected":false},"author":1,"featured_media":0,"parent":0,"menu_order":0,"comment_status":"closed","ping_status":"open","template":"","meta":{"_acf_changed":false,"inline_featured_image":false,"footnotes":""},"class_list":["post-2","page","type-page","status-publish","hentry"],"acf":[],"_links":{"self":[{"href":"https:\/\/ampid.org.br\/site2020\/index.php?rest_route=\/wp\/v2\/pages\/2","targetHints":{"allow":["GET"]}}],"collection":[{"href":"https:\/\/ampid.org.br\/site2020\/index.php?rest_route=\/wp\/v2\/pages"}],"about":[{"href":"https:\/\/ampid.org.br\/site2020\/index.php?rest_route=\/wp\/v2\/types\/page"}],"author":[{"embeddable":true,"href":"https:\/\/ampid.org.br\/site2020\/index.php?rest_route=\/wp\/v2\/users\/1"}],"replies":[{"embeddable":true,"href":"https:\/\/ampid.org.br\/site2020\/index.php?rest_route=%2Fwp%2Fv2%2Fcomments&post=2"}],"version-history":[{"count":2,"href":"https:\/\/ampid.org.br\/site2020\/index.php?rest_route=\/wp\/v2\/pages\/2\/revisions"}],"predecessor-version":[{"id":10661,"href":"https:\/\/ampid.org.br\/site2020\/index.php?rest_route=\/wp\/v2\/pages\/2\/revisions\/10661"}],"wp:attachment":[{"href":"https:\/\/ampid.org.br\/site2020\/index.php?rest_route=%2Fwp%2Fv2%2Fmedia&parent=2"}],"curies":[{"name":"wp","href":"https:\/\/api.w.org\/{rel}","templated":true}]}}