{"id":9583,"date":"2020-08-27T15:14:48","date_gmt":"2020-08-27T18:14:48","guid":{"rendered":"https:\/\/ampid.org.br\/site2020\/?page_id=9583"},"modified":"2022-03-21T17:21:48","modified_gmt":"2022-03-21T20:21:48","slug":"2017-notas-e-mocoes","status":"publish","type":"page","link":"http:\/\/ampid.org.br\/site2020\/?page_id=9583","title":{"rendered":"2017 &#8211; Notas e Mo\u00e7\u00f5es"},"content":{"rendered":"<section class=\"l-section wpb_row height_small\"><div class=\"l-section-h i-cf\"><div class=\"g-cols vc_row via_flex valign_top type_default stacking_default\"><div class=\"vc_col-sm-12 wpb_column vc_column_container\"><div class=\"vc_column-inner\"><div class=\"wpb_wrapper\"><div class=\"wpb_text_column\"><div class=\"wpb_wrapper\"><h1>Notas e Mo\u00e7\u00f5es<\/h1>\n<\/div><\/div><div class=\"wpb_text_column\"><div class=\"wpb_wrapper\"><h3>2017<\/h3>\n<\/div><\/div><div class=\"w-separator size_large\"><\/div><div class=\"w-grid type_grid layout_blog_14\" id=\"us_grid_1\" style=\"--gap:1.5rem;\" data-filterable=\"true\"><style>.layout_blog_14 .w-grid-item-h{}@media(max-width:479px){.layout_blog_14 .usg_post_image_1{display:none!important}}.layout_blog_14 .usg_hwrapper_1{color:var(--color-content-text)!important;margin-left:10%!important;padding-top:6%!important;padding-bottom:6%!important;background:var(--color-content-bg-alt)!important}.layout_blog_14 .usg_post_image_1{width:50%!important;margin-left:-11%!important;margin-right:0!important}.layout_blog_14 .usg_vwrapper_1{width:48%!important;margin-left:7%!important}.layout_blog_14 .usg_post_date_1{font-size:0.9rem!important}.layout_blog_14 .usg_post_title_1{font-weight:700!important;line-height:1.2!important}.layout_blog_14 .usg_post_content_1{font-size:0.9rem!important}@media (max-width:600px){.layout_blog_14 .usg_hwrapper_1{margin-left:0!important;margin-right:0!important;padding-top:0!important;padding-bottom:0!important}.layout_blog_14 .usg_post_image_1{width:100%!important;margin-left:0!important;margin-right:0!important}.layout_blog_14 .usg_vwrapper_1{width:86%!important;margin:5% 7% 7% 7%!important}}<\/style><div class=\"w-grid-list\">\t<article class=\"w-grid-item size_1x1 post-2932 post type-post status-publish format-standard has-post-thumbnail hentry category-notas tag-99\" data-id=\"2932\">\r\n\t\t<div class=\"w-grid-item-h\">\r\n\t\t\t\t\t\t<div class=\"w-hwrapper usg_hwrapper_1 has_text_color align_none valign_center wrap\"><div class=\"w-post-elm post_image usg_post_image_1 has_width stretched\"><a href=\"http:\/\/ampid.org.br\/site2020\/?p=2932\" aria-label=\"SBGG e AMPID externam preocupa\u00e7\u00e3o com PL que pode modificar cobran\u00e7a abusiva dos planos de sa\u00fade para idosos\"><img loading=\"lazy\" decoding=\"async\" width=\"1024\" height=\"427\" src=\"http:\/\/ampid.org.br\/site2020\/wp-content\/uploads\/2020\/07\/preo-1024x427.jpg\" class=\"attachment-large size-large wp-post-image\" alt=\"\" srcset=\"http:\/\/ampid.org.br\/site2020\/wp-content\/uploads\/2020\/07\/preo-1024x427.jpg 1024w, http:\/\/ampid.org.br\/site2020\/wp-content\/uploads\/2020\/07\/preo-300x125.jpg 300w, http:\/\/ampid.org.br\/site2020\/wp-content\/uploads\/2020\/07\/preo.jpg 1920w\" sizes=\"auto, (max-width: 1024px) 100vw, 1024px\" \/><\/a><\/div><div class=\"w-vwrapper usg_vwrapper_1 align_none valign_top\"><time class=\"w-post-elm post_date usg_post_date_1 entry-date published\" datetime=\"2017-11-03T19:54:25-02:00\" title=\"3 novembro 2017 \u00e0s 19:54:25 America\/Sao_Paulo\">8 anos atr\u00e1s<\/time><h2 class=\"w-post-elm post_title usg_post_title_1 entry-title color_link_inherit\"><a href=\"http:\/\/ampid.org.br\/site2020\/?p=2932\">SBGG e AMPID externam preocupa\u00e7\u00e3o com PL que pode modificar cobran\u00e7a abusiva dos planos de sa\u00fade para idosos<\/a><\/h2><div class=\"w-post-elm post_content usg_post_content_1\">A Sociedade Brasileira de Geriatria e Gerontologia, em conjunto com Associa\u00e7\u00e3o Nacional dos Membros do Minist\u00e9rio P\u00fablico de Defesa dos Direitos dos Idosos e Pessoas com Defici\u00eancia \u2013 AMPID, vem&hellip;<\/div><\/div><\/div>\t\t<\/div>\r\n\t\t\t<\/article>\r\n\t<article class=\"w-grid-item size_1x1 post-9699 post type-post status-publish format-standard has-post-thumbnail hentry category-notas tag-99 tag-direitos-das-pessoas-com-deficiencia tag-direitos-dos-idosos tag-idosos-2 tag-nota-publica tag-pessoa-com-deficiencia tag-pessoa-idosa\" data-id=\"9699\">\r\n\t\t<div class=\"w-grid-item-h\">\r\n\t\t\t\t\t\t<div class=\"w-hwrapper usg_hwrapper_1 has_text_color align_none valign_center wrap\"><div class=\"w-post-elm post_image usg_post_image_1 has_width stretched\"><a href=\"http:\/\/ampid.org.br\/site2020\/?p=9699\" aria-label=\"Nota P\u00fablica a respeito da Conven\u00e7\u00e3o Interamericana sobre os Direitos das Pessoas Idosas\"><img loading=\"lazy\" decoding=\"async\" width=\"1024\" height=\"427\" src=\"http:\/\/ampid.org.br\/site2020\/wp-content\/uploads\/2020\/07\/pub-1-1024x427.jpg\" class=\"attachment-large size-large wp-post-image\" alt=\"\" srcset=\"http:\/\/ampid.org.br\/site2020\/wp-content\/uploads\/2020\/07\/pub-1-1024x427.jpg 1024w, http:\/\/ampid.org.br\/site2020\/wp-content\/uploads\/2020\/07\/pub-1-300x125.jpg 300w, http:\/\/ampid.org.br\/site2020\/wp-content\/uploads\/2020\/07\/pub-1.jpg 1920w\" sizes=\"auto, (max-width: 1024px) 100vw, 1024px\" \/><\/a><\/div><div class=\"w-vwrapper usg_vwrapper_1 align_none valign_top\"><time class=\"w-post-elm post_date usg_post_date_1 entry-date published\" datetime=\"2017-10-14T15:29:28-03:00\" title=\"14 outubro 2017 \u00e0s 15:29:28 America\/Sao_Paulo\">9 anos atr\u00e1s<\/time><h2 class=\"w-post-elm post_title usg_post_title_1 entry-title color_link_inherit\"><a href=\"http:\/\/ampid.org.br\/site2020\/?p=9699\">Nota P\u00fablica a respeito da Conven\u00e7\u00e3o Interamericana sobre os Direitos das Pessoas Idosas<\/a><\/h2><div class=\"w-post-elm post_content usg_post_content_1\">A Associa\u00e7\u00e3o Nacional dos Membros do Minist\u00e9rio P\u00fablico de Defesa dos Direitos das Pessoas com Defici\u00eancia e Idosos \u2013 AMPID regozija-se com a sociedade brasileira com o ato de encaminhamento&hellip;<\/div><\/div><\/div>\t\t<\/div>\r\n\t\t\t<\/article>\r\n\t<article class=\"w-grid-item size_1x1 post-2807 post type-post status-publish format-standard has-post-thumbnail hentry category-notas category-pessoas-com-deficiencia category-publicacoes-em-destaque category-sem-categoria tag-99 tag-ampid tag-emprego tag-jovem-aprendiz-com-deficiencia tag-pessoas-com-deficiencia-2\" data-id=\"2807\">\r\n\t\t<div class=\"w-grid-item-h\">\r\n\t\t\t\t\t\t<div class=\"w-hwrapper usg_hwrapper_1 has_text_color align_none valign_center wrap\"><div class=\"w-post-elm post_image usg_post_image_1 has_width stretched\"><a href=\"http:\/\/ampid.org.br\/site2020\/?p=2807\" aria-label=\"Nota P\u00fablica de Rep\u00fadio aos PLS 5260\/2016 e 6707\/2016\"><img loading=\"lazy\" decoding=\"async\" width=\"1024\" height=\"427\" src=\"http:\/\/ampid.org.br\/site2020\/wp-content\/uploads\/2020\/07\/rep-1024x427.jpg\" class=\"attachment-large size-large wp-post-image\" alt=\"\" srcset=\"http:\/\/ampid.org.br\/site2020\/wp-content\/uploads\/2020\/07\/rep-1024x427.jpg 1024w, http:\/\/ampid.org.br\/site2020\/wp-content\/uploads\/2020\/07\/rep-300x125.jpg 300w, http:\/\/ampid.org.br\/site2020\/wp-content\/uploads\/2020\/07\/rep.jpg 1920w\" sizes=\"auto, (max-width: 1024px) 100vw, 1024px\" \/><\/a><\/div><div class=\"w-vwrapper usg_vwrapper_1 align_none valign_top\"><time class=\"w-post-elm post_date usg_post_date_1 entry-date published\" datetime=\"2017-08-21T15:15:01-03:00\" title=\"21 agosto 2017 \u00e0s 15:15:01 America\/Sao_Paulo\">9 anos atr\u00e1s<\/time><h2 class=\"w-post-elm post_title usg_post_title_1 entry-title color_link_inherit\"><a href=\"http:\/\/ampid.org.br\/site2020\/?p=2807\">Nota P\u00fablica de Rep\u00fadio aos PLS 5260\/2016 e 6707\/2016<\/a><\/h2><div class=\"w-post-elm post_content usg_post_content_1\">A ASSOCIA\u00c7\u00c3O NACIONAL DE MEMBROS DO MINIST\u00c9RIO P\u00daBLICO \u2013 AMPID tendo tomado conhecimento dos projetos de lei 5260\/2016, do Deputado Carlos Bezerra do PMDB\/MT, e 6707\/2016 do Deputado Laercio Oliveira&hellip;<\/div><\/div><\/div>\t\t<\/div>\r\n\t\t\t<\/article>\r\n\t<article class=\"w-grid-item size_1x1 post-2680 post type-post status-publish format-standard has-post-thumbnail hentry category-idosos category-notas category-pessoas-com-deficiencia tag-99 tag-ampid tag-aposentadoria tag-idosos-2 tag-pessoas-com-deficiencia-2 tag-previdencia tag-reforma-da-previdencia\" data-id=\"2680\">\r\n\t\t<div class=\"w-grid-item-h\">\r\n\t\t\t\t\t\t<div class=\"w-hwrapper usg_hwrapper_1 has_text_color align_none valign_center wrap\"><div class=\"w-post-elm post_image usg_post_image_1 has_width stretched\"><a href=\"http:\/\/ampid.org.br\/site2020\/?p=2680\" aria-label=\"Nota sobre a Reforma da Previd\u00eancia\"><img loading=\"lazy\" decoding=\"async\" width=\"1024\" height=\"427\" src=\"http:\/\/ampid.org.br\/site2020\/wp-content\/uploads\/2020\/07\/rep-1024x427.jpg\" class=\"attachment-large size-large wp-post-image\" alt=\"\" srcset=\"http:\/\/ampid.org.br\/site2020\/wp-content\/uploads\/2020\/07\/rep-1024x427.jpg 1024w, http:\/\/ampid.org.br\/site2020\/wp-content\/uploads\/2020\/07\/rep-300x125.jpg 300w, http:\/\/ampid.org.br\/site2020\/wp-content\/uploads\/2020\/07\/rep.jpg 1920w\" sizes=\"auto, (max-width: 1024px) 100vw, 1024px\" \/><\/a><\/div><div class=\"w-vwrapper usg_vwrapper_1 align_none valign_top\"><time class=\"w-post-elm post_date usg_post_date_1 entry-date published\" datetime=\"2017-05-10T01:01:06-03:00\" title=\"10 maio 2017 \u00e0s 01:01:06 America\/Sao_Paulo\">9 anos atr\u00e1s<\/time><h2 class=\"w-post-elm post_title usg_post_title_1 entry-title color_link_inherit\"><a href=\"http:\/\/ampid.org.br\/site2020\/?p=2680\">Nota sobre a Reforma da Previd\u00eancia<\/a><\/h2><div class=\"w-post-elm post_content usg_post_content_1\">A Federa\u00e7\u00e3o Brasileira das Associa\u00e7\u00f5es de S\u00edndrome de Down elaborou a Nota abaixo para elencar os destaques necess\u00e1rios a impedir a aprova\u00e7\u00e3o do SUBSTITUTIVO \u00c0 PEC 287\/16 tal como est\u00e1,&hellip;<\/div><\/div><\/div>\t\t<\/div>\r\n\t\t\t<\/article>\r\n\t<article class=\"w-grid-item size_1x1 post-2633 post type-post status-publish format-standard has-post-thumbnail hentry category-idosos category-notas category-pessoas-com-deficiencia category-publicacoes-em-destaque tag-99 tag-ampid tag-aposentadoria-especial tag-idosos-2 tag-pessoas-com-deficiencia-2 tag-reforma-da-previdencia\" data-id=\"2633\">\r\n\t\t<div class=\"w-grid-item-h\">\r\n\t\t\t\t\t\t<div class=\"w-hwrapper usg_hwrapper_1 has_text_color align_none valign_center wrap\"><div class=\"w-post-elm post_image usg_post_image_1 has_width stretched\"><a href=\"http:\/\/ampid.org.br\/site2020\/?p=2633\" aria-label=\"Manifesto P\u00fablico contra a Reforma da Previd\u00eancia nos pontos em que se refere \u00e0s pessoas com defici\u00eancia\"><img loading=\"lazy\" decoding=\"async\" width=\"1024\" height=\"427\" src=\"http:\/\/ampid.org.br\/site2020\/wp-content\/uploads\/2020\/07\/rep-1024x427.jpg\" class=\"attachment-large size-large wp-post-image\" alt=\"\" srcset=\"http:\/\/ampid.org.br\/site2020\/wp-content\/uploads\/2020\/07\/rep-1024x427.jpg 1024w, http:\/\/ampid.org.br\/site2020\/wp-content\/uploads\/2020\/07\/rep-300x125.jpg 300w, http:\/\/ampid.org.br\/site2020\/wp-content\/uploads\/2020\/07\/rep.jpg 1920w\" sizes=\"auto, (max-width: 1024px) 100vw, 1024px\" \/><\/a><\/div><div class=\"w-vwrapper usg_vwrapper_1 align_none valign_top\"><time class=\"w-post-elm post_date usg_post_date_1 entry-date published\" datetime=\"2017-03-20T22:56:26-03:00\" title=\"20 mar\u00e7o 2017 \u00e0s 22:56:26 America\/Sao_Paulo\">9 anos atr\u00e1s<\/time><h2 class=\"w-post-elm post_title usg_post_title_1 entry-title color_link_inherit\"><a href=\"http:\/\/ampid.org.br\/site2020\/?p=2633\">Manifesto P\u00fablico contra a Reforma da Previd\u00eancia nos pontos em que se refere \u00e0s pessoas com defici\u00eancia<\/a><\/h2><div class=\"w-post-elm post_content usg_post_content_1\">Manifesto da Federa\u00e7\u00e3o Brasileira das Associa\u00e7\u00f5es de S\u00edndrome de Down FDASD com o apoio da AMPID &#8211; Associa\u00e7\u00e3o Nacional dos Membros do Minist\u00e9rio P\u00fablico de Defesa dos Direitos dos Idosos&hellip;<\/div><\/div><\/div>\t\t<\/div>\r\n\t\t\t<\/article>\r\n<\/div><div class=\"w-grid-preloader\">\t<div class=\"g-preloader type_custom\">\r\n\t\t<div><img loading=\"lazy\" decoding=\"async\" width=\"300\" height=\"300\" src=\"http:\/\/ampid.org.br\/site2020\/wp-content\/uploads\/2020\/06\/icon-300x300.png\" class=\"attachment-medium size-medium\" alt=\"\" srcset=\"http:\/\/ampid.org.br\/site2020\/wp-content\/uploads\/2020\/06\/icon-300x300.png 300w, http:\/\/ampid.org.br\/site2020\/wp-content\/uploads\/2020\/06\/icon-150x150.png 150w, http:\/\/ampid.org.br\/site2020\/wp-content\/uploads\/2020\/06\/icon.png 512w\" sizes=\"auto, (max-width: 300px) 100vw, 300px\" \/><\/div>\r\n\t<\/div>\r\n\t<\/div>\t<div class=\"w-grid-json hidden\" onclick='return {&quot;action&quot;:&quot;us_ajax_grid&quot;,&quot;infinite_scroll&quot;:0,&quot;max_num_pages&quot;:1,&quot;pagination&quot;:&quot;infinite&quot;,&quot;template_vars&quot;:{&quot;columns&quot;:&quot;1&quot;,&quot;exclude_items&quot;:&quot;none&quot;,&quot;img_size&quot;:&quot;default&quot;,&quot;ignore_items_size&quot;:0,&quot;items_layout&quot;:&quot;blog_14&quot;,&quot;items_offset&quot;:&quot;1&quot;,&quot;load_animation&quot;:&quot;none&quot;,&quot;overriding_link&quot;:&quot;{\\&quot;url\\&quot;:\\&quot;\\&quot;}&quot;,&quot;post_id&quot;:0,&quot;query_args&quot;:{&quot;post_type&quot;:[&quot;post&quot;],&quot;tax_query&quot;:[{&quot;taxonomy&quot;:&quot;category&quot;,&quot;field&quot;:&quot;slug&quot;,&quot;terms&quot;:[&quot;notas&quot;]},{&quot;taxonomy&quot;:&quot;post_tag&quot;,&quot;field&quot;:&quot;slug&quot;,&quot;terms&quot;:[&quot;2017&quot;]}],&quot;post_status&quot;:[&quot;publish&quot;,&quot;acf-disabled&quot;],&quot;posts_per_page&quot;:999},&quot;orderby_query_args&quot;:{&quot;orderby&quot;:{&quot;date&quot;:&quot;DESC&quot;}},&quot;type&quot;:&quot;grid&quot;,&quot;us_grid_ajax_index&quot;:1,&quot;us_grid_filter_params&quot;:[],&quot;us_grid_index&quot;:1,&quot;_us_grid_post_type&quot;:&quot;post&quot;,&quot;page_args&quot;:[]}}'><\/div>\r\n\t<\/div><\/div><\/div><\/div><\/div><\/div><\/section>\n","protected":false},"excerpt":{"rendered":"Manifesto da Federa\u00e7\u00e3o Brasileira das Associa\u00e7\u00f5es de S\u00edndrome de Down FDASD com o apoio da AMPID - Associa\u00e7\u00e3o Nacional dos Membros do Minist\u00e9rio P\u00fablico de Defesa dos Direitos dos Idosos e Pessoas com Defici\u00eancia e de v\u00e1rias outras entidades. &nbsp; A reforma da previd\u00eancia social, nos pontos em que afeta as pessoas com defici\u00eancia, trabalhadoras...","protected":false},"author":1,"featured_media":0,"parent":0,"menu_order":0,"comment_status":"closed","ping_status":"closed","template":"","meta":{"_acf_changed":false,"inline_featured_image":false,"footnotes":""},"class_list":["post-9583","page","type-page","status-publish","hentry"],"acf":[],"_links":{"self":[{"href":"http:\/\/ampid.org.br\/site2020\/index.php?rest_route=\/wp\/v2\/pages\/9583","targetHints":{"allow":["GET"]}}],"collection":[{"href":"http:\/\/ampid.org.br\/site2020\/index.php?rest_route=\/wp\/v2\/pages"}],"about":[{"href":"http:\/\/ampid.org.br\/site2020\/index.php?rest_route=\/wp\/v2\/types\/page"}],"author":[{"embeddable":true,"href":"http:\/\/ampid.org.br\/site2020\/index.php?rest_route=\/wp\/v2\/users\/1"}],"replies":[{"embeddable":true,"href":"http:\/\/ampid.org.br\/site2020\/index.php?rest_route=%2Fwp%2Fv2%2Fcomments&post=9583"}],"version-history":[{"count":3,"href":"http:\/\/ampid.org.br\/site2020\/index.php?rest_route=\/wp\/v2\/pages\/9583\/revisions"}],"predecessor-version":[{"id":10569,"href":"http:\/\/ampid.org.br\/site2020\/index.php?rest_route=\/wp\/v2\/pages\/9583\/revisions\/10569"}],"wp:attachment":[{"href":"http:\/\/ampid.org.br\/site2020\/index.php?rest_route=%2Fwp%2Fv2%2Fmedia&parent=9583"}],"curies":[{"name":"wp","href":"https:\/\/api.w.org\/{rel}","templated":true}]}}