{"id":9132,"date":"2020-07-14T08:14:51","date_gmt":"2020-07-14T11:14:51","guid":{"rendered":"https:\/\/ampid.org.br\/site2020\/?page_id=9132"},"modified":"2020-08-27T16:03:52","modified_gmt":"2020-08-27T19:03:52","slug":"legislacao","status":"publish","type":"page","link":"http:\/\/ampid.org.br\/site2020\/?page_id=9132","title":{"rendered":"Legisla\u00e7\u00e3o"},"content":{"rendered":"<section class=\"l-section wpb_row height_small\"><div class=\"l-section-h i-cf\"><div class=\"g-cols vc_row via_flex valign_top type_default stacking_default\"><div class=\"vc_col-sm-8 wpb_column vc_column_container\"><div class=\"vc_column-inner\"><div class=\"wpb_wrapper\"><div class=\"wpb_text_column\"><div class=\"wpb_wrapper\"><h1>Legisla\u00e7\u00e3o<\/h1>\n<h3>Conven\u00e7\u00f5es e Declara\u00e7\u00f5es da ONU<\/h3>\n<\/div><\/div><div class=\"w-separator size_medium\"><\/div><div class=\"wpb_text_column\"><div class=\"wpb_wrapper\"><p>Conven\u00e7\u00f5es e Declara\u00e7\u00f5es da ONU sobre\u00a0<a href=\"https:\/\/ampid.org.br\/site2020\/?page_id=9504\">Pessoas com Defici\u00eancia.<\/a><\/p>\n<p class=\"lista\">Proposta de Conven\u00e7\u00e3o para a ONU sobre <a href=\"https:\/\/ampid.org.br\/site2020\/?page_id=9491\">Direitos da Pessoa Idosa.<\/a><\/p>\n<\/div><\/div><div class=\"w-separator size_medium\"><\/div><div class=\"wpb_text_column\"><div class=\"wpb_wrapper\"><h3>Legisla\u00e7\u00e3o Nacional: Sobre o Idoso<\/h3>\n<\/div><\/div><div class=\"w-separator size_medium\"><\/div><div class=\"wpb_text_column\"><div class=\"wpb_wrapper\"><h4><a href=\"https:\/\/ampid.org.br\/site2020\/?page_id=9150\">Constitui\u00e7\u00e3o da Rep\u00fablica sobre a Pessoa Idosa<\/a><\/h4>\n<\/div><\/div><div class=\"w-separator size_medium\"><\/div><div class=\"w-image align_left\"><a title=\"Constitui\u00e7\u00e3o Idoso\" href=\"https:\/\/ampid.org.br\/site2020\/constituicao-idoso\/\" aria-label=\"Link\" class=\"w-image-h\"><img decoding=\"async\" width=\"700\" height=\"453\" src=\"http:\/\/ampid.org.br\/site2020\/wp-content\/uploads\/2020\/07\/idoso.jpg\" class=\"attachment-full size-full\" alt=\"\" loading=\"lazy\" srcset=\"http:\/\/ampid.org.br\/site2020\/wp-content\/uploads\/2020\/07\/idoso.jpg 700w, http:\/\/ampid.org.br\/site2020\/wp-content\/uploads\/2020\/07\/idoso-300x194.jpg 300w\" sizes=\"auto, (max-width: 700px) 100vw, 700px\" \/><\/a><\/div><div class=\"w-separator size_medium\"><\/div><div class=\"g-cols wpb_row us_custom_fda0bbd7 has_text_color via_flex valign_top type_boxes stacking_default\"><div class=\"vc_col-sm-12 wpb_column vc_column_container\"><div class=\"vc_column-inner\"><div class=\"wpb_wrapper\"><div class=\"wpb_text_column\"><div class=\"wpb_wrapper\"><h1>Decretos<\/h1>\n<\/div><\/div><div class=\"w-separator size_medium\"><\/div><div class=\"wpb_text_column\"><div class=\"wpb_wrapper\"><p class=\"lista\"><a href=\"http:\/\/www.planalto.gov.br\/ccivil_03\/decreto\/D1904.htm\" target=\"_blank\" rel=\"noopener noreferrer\">Decreto n\u00ba 1.904\/96<\/a><\/p>\n<p class=\"lista\"><a href=\"http:\/\/www.planalto.gov.br\/ccivil_03\/decreto\/D1948.htm\" target=\"_blank\" rel=\"noopener noreferrer\">Decreto n\u00ba 1.948\/96<\/a><\/p>\n<p class=\"lista\"><a href=\"http:\/\/www.planalto.gov.br\/ccivil_03\/decreto\/2002\/D4247.htm\" target=\"_blank\" rel=\"noopener noreferrer\">Decreto n\u00ba 4.227\/02<\/a><\/p>\n<p class=\"lista\"><a href=\"http:\/\/www.planalto.gov.br\/ccivil_03\/decreto\/2002\/D4249.htm\" target=\"_blank\" rel=\"noopener noreferrer\">Decreto n\u00ba 4.229\/02<\/a><\/p>\n<p class=\"lista\"><a href=\"http:\/\/www.planalto.gov.br\/ccivil\/_ato2004-2006\/2004\/decreto\/d5109.htm\" target=\"_blank\" rel=\"noopener noreferrer\">Decreto n\u00ba 5.109\/04<\/a><\/p>\n<p class=\"lista\"><a href=\"http:\/\/www.planalto.gov.br\/ccivil_03\/_Ato2004-2006\/2006\/Decreto\/D5934.htm\" target=\"_blank\" rel=\"noopener noreferrer\">Decreto n\u00ba 5.934\/04<\/a><\/p>\n<\/div><\/div><div class=\"w-separator size_medium\"><\/div><div class=\"wpb_text_column\"><div class=\"wpb_wrapper\"><h1>Informa\u00e7\u00f5es Normativas<\/h1>\n<\/div><\/div><div class=\"w-separator size_medium\"><\/div><div class=\"wpb_text_column\"><div class=\"wpb_wrapper\"><p class=\"lista\"><a href=\"https:\/\/ampid.org.br\/site2020\/?page_id=9154\">Instru\u00e7\u00e3o Normativa n\u00ba 28, de 16 de maio de 2008<\/a><\/p>\n<div>Procure o Minist\u00e9rio P\u00fablico toda vez em que for v\u00edtima ou tiver conhecimento de viol\u00eancias praticadas contra as pessoas idosas.<\/div>\n<\/div><\/div><div class=\"w-separator size_medium\"><\/div><div class=\"wpb_text_column\"><div class=\"wpb_wrapper\"><h1>Leis<\/h1>\n<\/div><\/div><div class=\"w-separator size_medium\"><\/div><div class=\"wpb_text_column\"><div class=\"wpb_wrapper\"><p class=\"lista\"><a href=\"http:\/\/www.planalto.gov.br\/ccivil_03\/leis\/l8080.htm\" target=\"_blank\" rel=\"noopener noreferrer\">Lei n\u00ba 8.080\/90<\/a><\/p>\n<p class=\"lista\"><a href=\"http:\/\/www.planalto.gov.br\/ccivil_03\/Leis\/L8742.htm\" target=\"_blank\" rel=\"noopener noreferrer\">Lei\u00a0<\/a><a href=\"http:\/\/www.planalto.gov.br\/ccivil\/leis\/L8080.htm\">n\u00ba<\/a><a href=\"http:\/\/www.planalto.gov.br\/ccivil_03\/Leis\/L8742.htm\">\u00a08.742\/93<\/a><\/p>\n<p class=\"lista\"><a href=\"http:\/\/www.planalto.gov.br\/ccivil_03\/Leis\/L8842.htm\" target=\"_blank\" rel=\"noopener noreferrer\">Lei\u00a0<\/a><a href=\"http:\/\/www.planalto.gov.br\/ccivil\/leis\/L8080.htm\">n\u00ba<\/a><a href=\"http:\/\/www.planalto.gov.br\/ccivil_03\/Leis\/L8842.htm\">\u00a08.842\/94<\/a><\/p>\n<p class=\"lista\"><a href=\"http:\/\/www.planalto.gov.br\/ccivil_03\/Leis\/2002\/L10445.htm\" target=\"_blank\" rel=\"noopener noreferrer\">Lei n\u00ba 10.445\/02<\/a><\/p>\n<p class=\"lista\"><a href=\"http:\/\/www.planalto.gov.br\/ccivil_03\/Leis\/2002\/L10456.htm\" target=\"_blank\" rel=\"noopener noreferrer\">Lei n\u00ba 10.456\/02<\/a><\/p>\n<p class=\"lista\"><a href=\"http:\/\/www.planalto.gov.br\/ccivil_03\/Leis\/2003\/L10.741.htm\" target=\"_blank\" rel=\"noopener noreferrer\">Lei n\u00ba 10.741\/03<\/a><\/p>\n<p class=\"lista\"><a href=\"https:\/\/ampid.org.br\/site2020\/?page_id=9526\">Lei n\u00ba 11.737\/08<\/a>\u00a0(Altera a Lei 10.741\/03)<\/p>\n<p class=\"lista\"><a href=\"http:\/\/www.planalto.gov.br\/ccivil_03\/_Ato2007-2010\/2008\/Lei\/L11765.htm\" target=\"_blank\" rel=\"noopener noreferrer\">Lei n\u00ba 11.765<\/a>\u00a0de 6.8.2008 acrescenta inciso ao par\u00e1grafo \u00fanico do art. 3\u00b0 do Estatuto do Idoso para dar prioridade ao idoso no recebimento da restitui\u00e7\u00e3o do Imposto de Renda.<\/p>\n<p class=\"lista\"><a href=\"https:\/\/ampid.org.br\/site2020\/?page_id=9530\">Lei 11 551\/2009<\/a>\u00a0Institui o Programa Disque Idoso<\/p>\n<p class=\"lista\"><a href=\"https:\/\/ampid.org.br\/site2020\/?page_id=9520\">Lei 12.008\/2009<\/a>\u00a0Pessoa Portadora de Defici\u00eancia e Idoso: Prioridade na Tramita\u00e7\u00e3o de Processos Judiciais e Administrativos<\/p>\n<p class=\"lista\"><a href=\"https:\/\/ampid.org.br\/site2020\/?page_id=9522\">Lei 12.033\/2009<\/a>\u00a0Torna P\u00fablica Condicionada a A\u00e7\u00e3o Penal em Raz\u00e3o da Inj\u00faria Consistente na Utiliza\u00e7\u00e3o de Elementos Referentes a Ra\u00e7a, Cor, Etnia, Religi\u00e3o, Origem ou a Condi\u00e7\u00e3o de Pessoa Idosa ou Portadora de Defici\u00eancia.<\/p>\n<p class=\"lista\"><a href=\"https:\/\/ampid.org.br\/site2020\/?page_id=9532\">Lei 12.213\/2010<\/a>\u00a0Institui o Fundo Nacional do Idoso e autoriza deduzir do imposto de renda devido pelas pessoas f\u00edsicas e jur\u00eddicas as doa\u00e7\u00f5es efetuadas aos Fundos Municipais, Estaduais e Nacional do Idoso; e altera a Lei no 9.250, de 26 de dezembro de 1995.<\/p>\n<\/div><\/div><\/div><\/div><\/div><\/div><div class=\"w-separator size_medium\"><\/div><div class=\"g-cols wpb_row via_flex valign_top type_default stacking_default\"><div class=\"vc_col-sm-12 wpb_column vc_column_container\"><div class=\"vc_column-inner\"><div class=\"wpb_wrapper\"><div class=\"wpb_text_column\"><div class=\"wpb_wrapper\"><h3>Legisla\u00e7\u00e3o Nacional: Sobre Pessoas com Defici\u00eancia<\/h3>\n<\/div><\/div><div class=\"w-separator size_medium\"><\/div><\/div><\/div><\/div><\/div><div class=\"g-cols wpb_row via_flex valign_bottom type_default stacking_default\"><div class=\"vc_col-sm-6 wpb_column vc_column_container\"><div class=\"vc_column-inner\"><div class=\"wpb_wrapper\"><div class=\"w-image align_center\"><div class=\"w-image-h\"><img decoding=\"async\" width=\"634\" height=\"743\" src=\"http:\/\/ampid.org.br\/site2020\/wp-content\/uploads\/2020\/07\/capa-livro.jpg\" class=\"attachment-large size-large\" alt=\"\" loading=\"lazy\" srcset=\"http:\/\/ampid.org.br\/site2020\/wp-content\/uploads\/2020\/07\/capa-livro.jpg 634w, http:\/\/ampid.org.br\/site2020\/wp-content\/uploads\/2020\/07\/capa-livro-256x300.jpg 256w\" sizes=\"auto, (max-width: 634px) 100vw, 634px\" \/><\/div><\/div><\/div><\/div><\/div><div class=\"vc_col-sm-6 wpb_column vc_column_container\"><div class=\"vc_column-inner\"><div class=\"wpb_wrapper\"><div class=\"wpb_text_column\"><div class=\"wpb_wrapper\"><p><strong>Colet\u00e2nea da Legisla\u00e7\u00e3o Federal B\u00e1sica na \u00e1rea da pessoa com defici\u00eancia<\/strong><br \/>\n<strong>realizado pela Secretaria Especial dos Direitos Humanos por meio da Coordenadoria Nacional para Integra\u00e7\u00e3o da Pessoa Portadora de Defici\u00eancia \u2013 CORDE.<\/strong><\/p>\n<p>Em formato <a href=\"http:\/\/www.ampid.org.br\/docs\/Coletanea_Leis_PD.pdf\" target=\"_blank\" rel=\"noopener noreferrer\">pdf<\/a>.<\/p>\n<\/div><\/div><\/div><\/div><\/div><\/div><div class=\"g-cols wpb_row via_flex valign_top type_default stacking_default\"><div class=\"vc_col-sm-12 wpb_column vc_column_container\"><div class=\"vc_column-inner\"><div class=\"wpb_wrapper\"><div class=\"w-separator size_medium\"><\/div><div class=\"wpb_text_column\"><div class=\"wpb_wrapper\"><h3>Legisla\u00e7\u00e3o Nacional: Sobre Pessoas com Defici\u00eancia<\/h3>\n<\/div><\/div><div class=\"w-separator size_medium\"><\/div><div class=\"wpb_text_column\"><div class=\"wpb_wrapper\"><h4>Constitui\u00e7\u00e3o da Rep\u00fablica sobre a Pessoas com Defici\u00eancia<\/h4>\n<\/div><\/div><div class=\"w-separator size_medium\"><\/div><div class=\"w-image align_left\"><div class=\"w-image-h\"><img decoding=\"async\" width=\"700\" height=\"453\" src=\"http:\/\/ampid.org.br\/site2020\/wp-content\/uploads\/2020\/07\/def.jpg\" class=\"attachment-full size-full\" alt=\"\" loading=\"lazy\" srcset=\"http:\/\/ampid.org.br\/site2020\/wp-content\/uploads\/2020\/07\/def.jpg 700w, http:\/\/ampid.org.br\/site2020\/wp-content\/uploads\/2020\/07\/def-300x194.jpg 300w\" sizes=\"auto, (max-width: 700px) 100vw, 700px\" \/><\/div><\/div><div class=\"w-separator size_medium\"><\/div><\/div><\/div><\/div><\/div><div class=\"wpb_text_column\"><div class=\"wpb_wrapper\"><p class=\"lista\">Normas T\u00e9cnicas da\u00a0<a href=\"http:\/\/www.mj.gov.br\/sedh\/ct\/corde\/dpdh\/corde\/normas_abnt.asp\" target=\"_blank\" rel=\"noopener noreferrer\">ABNT<\/a>\u00a0sobre Pessoas com Defici\u00eancia.<\/p>\n<p class=\"lista\"><a href=\"https:\/\/ampid.org.br\/site2020\/?page_id=9515\">Portaria n\u00ba 460\/2008<\/a>\u00a0contendo normas editadas pelo INMETRO com os requisitos t\u00e9cnicos que dever\u00e3o ser atendidos pelos centros de treinamento, treinadores, instrutores e instrutores aut\u00f4nomos de c\u00e3es-guia.<\/p>\n<p class=\"lista\"><a href=\"https:\/\/ampid.org.br\/site2020\/?page_id=9517\">Lei 11.982\/2009<\/a>\u00a0Determina a adapta\u00e7\u00e3o de brinquedos e equipamentos em parques de divers\u00e3o para pessoas com defici\u00eancia ou mobilidade reduzida.<\/p>\n<p class=\"lista\"><a href=\"https:\/\/ampid.org.br\/site2020\/?page_id=9522\">Lei 12.033\/2009<\/a>\u00a0Torna P\u00fablica Condicionada a A\u00e7\u00e3o Penal em Raz\u00e3o da Inj\u00faria Consistente na Utiliza\u00e7\u00e3o de Elementos Referentes a Ra\u00e7a, Cor, Etnia, Religi\u00e3o, Origem ou a Condi\u00e7\u00e3o de Pessoa Idosa ou Portadora de Defici\u00eancia.<\/p>\n<p class=\"lista\"><a href=\"https:\/\/ampid.org.br\/site2020\/?page_id=9524\">Lei 12.101\/2009<\/a>\u00a0Disp\u00f5e sobre a certifica\u00e7\u00e3o das entidades beneficentes de assist\u00eancia social; regula os procedimentos de isen\u00e7\u00e3o de contribui\u00e7\u00f5es para a seguridade social; altera a Lei no 8.742, de 7 de dezembro de 1993; revoga dispositivos das Leis nos 8.212, de 24 de julho de 1991, 9.429, de 26 de dezembro de 1996, 9.732, de 11 de dezembro de 1998, 10.684, de 30 de maio de 2003, e da Medida Provis\u00f3ria no 2.187-13, de 24 de agosto de 2001; e d\u00e1 outras provid\u00eancias.<\/p>\n<p class=\"lista\">Conven\u00e7\u00e3o da ONU sobre Diretos da pessoa com defici\u00eancia;\u00a0<a href=\"https:\/\/ampid.org.br\/site2020\/?page_id=9534\">Decreto 6.949 de 2009<\/a><\/p>\n<\/div><\/div><div class=\"w-separator size_medium\"><\/div><\/div><\/div><\/div><div class=\"vc_col-sm-4 vc_hidden-xs wpb_column vc_column_container has_bg_color\"><div class=\"vc_column-inner us_custom_0d15be52 type_sticky\"><div class=\"wpb_wrapper\"><div class=\"w-image align_center\"><div class=\"w-image-h\"><img decoding=\"async\" width=\"960\" height=\"960\" src=\"http:\/\/ampid.org.br\/site2020\/wp-content\/uploads\/2020\/07\/img-leg.jpg\" class=\"attachment-full size-full\" alt=\"\" loading=\"lazy\" srcset=\"http:\/\/ampid.org.br\/site2020\/wp-content\/uploads\/2020\/07\/img-leg.jpg 960w, http:\/\/ampid.org.br\/site2020\/wp-content\/uploads\/2020\/07\/img-leg-300x300.jpg 300w, http:\/\/ampid.org.br\/site2020\/wp-content\/uploads\/2020\/07\/img-leg-150x150.jpg 150w, http:\/\/ampid.org.br\/site2020\/wp-content\/uploads\/2020\/07\/img-leg-600x600.jpg 600w\" sizes=\"auto, (max-width: 960px) 100vw, 960px\" \/><\/div><\/div><div class=\"w-separator size_medium\"><\/div><div class=\"wpb_text_column\"><div class=\"wpb_wrapper\"><h3>\u00daltimas Not\u00edcias<\/h3>\n<\/div><\/div><div class=\"w-separator size_small\"><\/div><div class=\"w-grid type_grid layout_blog_4\" id=\"us_grid_1\" style=\"--gap:1.5rem;\" data-filterable=\"true\"><style>@media (min-width:1024px){#us_grid_1 .w-post-elm.post_title{font-size:1rem!important}}.layout_blog_4 .w-grid-item-h{}.layout_blog_4 .usg_post_image_1{margin-bottom:0.6rem!important}.layout_blog_4 .usg_post_title_1{font-size:1.2rem!important;margin-bottom:0.3rem!important}.layout_blog_4 .usg_post_date_1{color:var(--color-content-faded)!important;font-size:0.8rem!important;line-height:1.6!important}<\/style><div class=\"w-grid-list\">\t<article class=\"w-grid-item size_1x1 post-11574 post type-post status-publish format-standard has-post-thumbnail hentry category-190 category-noticias category-pessoas-com-deficiencia category-publicacoes-em-destaque tag-191 tag-bpc tag-pessoas-com-deficiencia-2\" data-id=\"11574\">\r\n\t\t<div class=\"w-grid-item-h\">\r\n\t\t\t\t\t\t<div class=\"w-post-elm post_image usg_post_image_1 stretched\"><a href=\"http:\/\/ampid.org.br\/site2020\/?p=11574\" aria-label=\"\u201cCarta ao Governo Lula\u201d pede a revers\u00e3o do PL 4614\/2024 sobre a altera\u00e7\u00e3o de BPC para pessoas com defici\u00eancia\"><img loading=\"lazy\" decoding=\"async\" width=\"600\" height=\"295\" src=\"http:\/\/ampid.org.br\/site2020\/wp-content\/uploads\/2024\/12\/Sem-titulologo-600x295.png\" class=\"attachment-us_600_337_crop size-us_600_337_crop wp-post-image\" alt=\"\" \/><\/a><\/div><h2 class=\"w-post-elm post_title usg_post_title_1 entry-title color_link_inherit\"><a href=\"http:\/\/ampid.org.br\/site2020\/?p=11574\">\u201cCarta ao Governo Lula\u201d pede a revers\u00e3o do PL 4614\/2024 sobre a altera\u00e7\u00e3o de BPC para pessoas com defici\u00eancia<\/a><\/h2><time class=\"w-post-elm post_date usg_post_date_1 has_text_color entry-date published\" datetime=\"2024-12-17T18:12:35-03:00\" title=\"17 dezembro 2024 \u00e0s 18:12:35 America\/Sao_Paulo\">1 ano atr\u00e1s<\/time>\t\t<\/div>\r\n\t\t\t<\/article>\r\n\t<article class=\"w-grid-item size_1x1 post-10925 post type-post status-publish format-standard has-post-thumbnail hentry category-175 category-notas category-noticias category-pessoas-com-deficiencia category-publicacoes-em-destaque tag-154 tag-ampid tag-avaliacao-biopsicossocial tag-direitos-das-pessoas-com-deficiencia\" data-id=\"10925\">\r\n\t\t<div class=\"w-grid-item-h\">\r\n\t\t\t\t\t\t<div class=\"w-post-elm post_image usg_post_image_1 stretched\"><a href=\"http:\/\/ampid.org.br\/site2020\/?p=10925\" aria-label=\"Nota de Preocupa\u00e7\u00e3o com Concurso P\u00fablico do INSS e Rep\u00fadio ao Manual\u00a0do\u00a0Cebraspe\"><img loading=\"lazy\" decoding=\"async\" width=\"600\" height=\"337\" src=\"http:\/\/ampid.org.br\/site2020\/wp-content\/uploads\/2020\/07\/rep-600x337.jpg\" class=\"attachment-us_600_337_crop size-us_600_337_crop wp-post-image\" alt=\"\" \/><\/a><\/div><h2 class=\"w-post-elm post_title usg_post_title_1 entry-title color_link_inherit\"><a href=\"http:\/\/ampid.org.br\/site2020\/?p=10925\">Nota de Preocupa\u00e7\u00e3o com Concurso P\u00fablico do INSS e Rep\u00fadio ao Manual\u00a0do\u00a0Cebraspe<\/a><\/h2><time class=\"w-post-elm post_date usg_post_date_1 has_text_color entry-date published\" datetime=\"2023-01-18T09:58:17-03:00\" title=\"18 janeiro 2023 \u00e0s 09:58:17 America\/Sao_Paulo\">3 anos atr\u00e1s<\/time>\t\t<\/div>\r\n\t\t\t<\/article>\r\n\t<article class=\"w-grid-item size_1x1 post-10918 post type-post status-publish format-standard has-post-thumbnail hentry category-175 category-notas category-noticias category-publicacoes-em-destaque tag-154 tag-capacitismo tag-direitos-das-pessoas-com-deficiencia tag-rede-in\" data-id=\"10918\">\r\n\t\t<div class=\"w-grid-item-h\">\r\n\t\t\t\t\t\t<div class=\"w-post-elm post_image usg_post_image_1 stretched\"><a href=\"http:\/\/ampid.org.br\/site2020\/?p=10918\" aria-label=\"Carta Aberta ao Presidente Lula sobre a redu\u00e7\u00e3o da estrutura de cargos da Secretaria Nacional dos Direitos da Pessoa com Defici\u00eancia\"><img loading=\"lazy\" decoding=\"async\" width=\"600\" height=\"337\" src=\"http:\/\/ampid.org.br\/site2020\/wp-content\/uploads\/2023\/01\/secretaria_das_cidades_df_widelg-600x337.jpg\" class=\"attachment-us_600_337_crop size-us_600_337_crop wp-post-image\" alt=\"\" srcset=\"http:\/\/ampid.org.br\/site2020\/wp-content\/uploads\/2023\/01\/secretaria_das_cidades_df_widelg-600x337.jpg 600w, http:\/\/ampid.org.br\/site2020\/wp-content\/uploads\/2023\/01\/secretaria_das_cidades_df_widelg-300x169.jpg 300w, http:\/\/ampid.org.br\/site2020\/wp-content\/uploads\/2023\/01\/secretaria_das_cidades_df_widelg-1024x576.jpg 1024w, http:\/\/ampid.org.br\/site2020\/wp-content\/uploads\/2023\/01\/secretaria_das_cidades_df_widelg.jpg 1200w\" sizes=\"auto, (max-width: 600px) 100vw, 600px\" \/><\/a><\/div><h2 class=\"w-post-elm post_title usg_post_title_1 entry-title color_link_inherit\"><a href=\"http:\/\/ampid.org.br\/site2020\/?p=10918\">Carta Aberta ao Presidente Lula sobre a redu\u00e7\u00e3o da estrutura de cargos da Secretaria Nacional dos Direitos da Pessoa com Defici\u00eancia<\/a><\/h2><time class=\"w-post-elm post_date usg_post_date_1 has_text_color entry-date published\" datetime=\"2023-01-13T18:28:58-03:00\" title=\"13 janeiro 2023 \u00e0s 18:28:58 America\/Sao_Paulo\">3 anos atr\u00e1s<\/time>\t\t<\/div>\r\n\t\t\t<\/article>\r\n<\/div><div class=\"w-grid-preloader\">\t<div class=\"g-preloader type_custom\">\r\n\t\t<div><img loading=\"lazy\" decoding=\"async\" width=\"300\" height=\"300\" src=\"http:\/\/ampid.org.br\/site2020\/wp-content\/uploads\/2020\/06\/icon-300x300.png\" class=\"attachment-medium size-medium\" alt=\"\" srcset=\"http:\/\/ampid.org.br\/site2020\/wp-content\/uploads\/2020\/06\/icon-300x300.png 300w, http:\/\/ampid.org.br\/site2020\/wp-content\/uploads\/2020\/06\/icon-150x150.png 150w, http:\/\/ampid.org.br\/site2020\/wp-content\/uploads\/2020\/06\/icon.png 512w\" sizes=\"auto, (max-width: 300px) 100vw, 300px\" \/><\/div>\r\n\t<\/div>\r\n\t<\/div>\t<div class=\"w-grid-json hidden\" onclick='return {&quot;action&quot;:&quot;us_ajax_grid&quot;,&quot;infinite_scroll&quot;:0,&quot;max_num_pages&quot;:9,&quot;pagination&quot;:&quot;none&quot;,&quot;template_vars&quot;:{&quot;columns&quot;:&quot;1&quot;,&quot;exclude_items&quot;:&quot;none&quot;,&quot;img_size&quot;:&quot;us_600_337_crop&quot;,&quot;ignore_items_size&quot;:0,&quot;items_layout&quot;:&quot;blog_4&quot;,&quot;items_offset&quot;:&quot;1&quot;,&quot;load_animation&quot;:&quot;none&quot;,&quot;overriding_link&quot;:&quot;{\\&quot;url\\&quot;:\\&quot;\\&quot;}&quot;,&quot;post_id&quot;:0,&quot;query_args&quot;:{&quot;post_type&quot;:[&quot;post&quot;],&quot;tax_query&quot;:[{&quot;taxonomy&quot;:&quot;category&quot;,&quot;field&quot;:&quot;slug&quot;,&quot;terms&quot;:[&quot;noticias&quot;]}],&quot;post_status&quot;:[&quot;publish&quot;,&quot;acf-disabled&quot;],&quot;ignore_sticky_posts&quot;:1,&quot;posts_per_page&quot;:&quot;3&quot;},&quot;orderby_query_args&quot;:{&quot;orderby&quot;:{&quot;date&quot;:&quot;DESC&quot;}},&quot;type&quot;:&quot;grid&quot;,&quot;us_grid_ajax_index&quot;:1,&quot;us_grid_filter_params&quot;:[],&quot;us_grid_index&quot;:1,&quot;_us_grid_post_type&quot;:&quot;post&quot;,&quot;page_args&quot;:[]}}'><\/div>\r\n\t<\/div><\/div><\/div><\/div><\/div><\/div><\/section>\n","protected":false},"excerpt":{"rendered":"&nbsp; 13 de janeiro de 2023 &nbsp; Carta Aberta ao Presidente Lula sobre a inaceit\u00e1vel redu\u00e7\u00e3o da estrutura de cargos da Secretaria Nac. dos Direitos da Pessoa com Defici\u00eancia A Rede-In (Rede Brasileira de Inclus\u00e3o da Pessoa com Defici\u00eancia) manifesta sua\u00a0preocupa\u00e7\u00e3o com a incompreens\u00edvel redu\u00e7\u00e3o da estrutura da Secretaria Nacional dos Direitos da Pessoa com...","protected":false},"author":1,"featured_media":0,"parent":0,"menu_order":0,"comment_status":"closed","ping_status":"open","template":"","meta":{"_acf_changed":false,"inline_featured_image":false,"footnotes":""},"class_list":["post-9132","page","type-page","status-publish","hentry"],"acf":[],"_links":{"self":[{"href":"http:\/\/ampid.org.br\/site2020\/index.php?rest_route=\/wp\/v2\/pages\/9132","targetHints":{"allow":["GET"]}}],"collection":[{"href":"http:\/\/ampid.org.br\/site2020\/index.php?rest_route=\/wp\/v2\/pages"}],"about":[{"href":"http:\/\/ampid.org.br\/site2020\/index.php?rest_route=\/wp\/v2\/types\/page"}],"author":[{"embeddable":true,"href":"http:\/\/ampid.org.br\/site2020\/index.php?rest_route=\/wp\/v2\/users\/1"}],"replies":[{"embeddable":true,"href":"http:\/\/ampid.org.br\/site2020\/index.php?rest_route=%2Fwp%2Fv2%2Fcomments&post=9132"}],"version-history":[{"count":4,"href":"http:\/\/ampid.org.br\/site2020\/index.php?rest_route=\/wp\/v2\/pages\/9132\/revisions"}],"predecessor-version":[{"id":9607,"href":"http:\/\/ampid.org.br\/site2020\/index.php?rest_route=\/wp\/v2\/pages\/9132\/revisions\/9607"}],"wp:attachment":[{"href":"http:\/\/ampid.org.br\/site2020\/index.php?rest_route=%2Fwp%2Fv2%2Fmedia&parent=9132"}],"curies":[{"name":"wp","href":"https:\/\/api.w.org\/{rel}","templated":true}]}}