{"id":11763,"date":"2025-09-03T18:13:44","date_gmt":"2025-09-03T21:13:44","guid":{"rendered":"https:\/\/ampid.org.br\/site2020\/?page_id=11763"},"modified":"2025-09-03T18:23:08","modified_gmt":"2025-09-03T21:23:08","slug":"campanha-ratificacao","status":"publish","type":"page","link":"http:\/\/ampid.org.br\/site2020\/?page_id=11763","title":{"rendered":"Campanha Ratifica\u00e7\u00e3o"},"content":{"rendered":"<p>A Conven\u00e7\u00e3o Interamericana sobre a Prote\u00e7\u00e3o dos Direitos Humanos dos Idosos \u00e9 um tratado internacional em mat\u00e9ria de Direitos Humanos, aprovado pela Assembleia Geral da Organiza\u00e7\u00e3o dos Estados Americanos nos dias 15 e 16 de junho de 2015. O instrumento entrou em vigor internacional no dia 13 de dezembro de 2016.<\/p>\n<p>O Brasil foi o primeiro pa\u00eds a assinar o documento, na reuni\u00e3o da OEA- Organiza\u00e7\u00e3o dos Estados Americanos, em junho de 2015, mas para que ele passe a valer em todo o pa\u00eds \u00e9 preciso uma Ratifica\u00e7\u00e3o, que implica numa sequ\u00eancia de atos pol\u00edticos.<\/p>\n<p>A AMPID- Associa\u00e7\u00e3o Nacional do Minist\u00e9rio P\u00fablico de Defesa dos Direitos dos Idosos e Pessoas com Defici\u00eancia realizou duas campanhas virtuais pela ratifica\u00e7\u00e3o disponibilizadas em seu site e nas redes sociais.<\/p>\n<p>Veja abaixo as vers\u00f5es da Campanha de esclarecimento visando conscientizar a sociedade brasileira para a necessidade da ratifica\u00e7\u00e3o (vers\u00f5es 2021 e 2024 abaixo):<\/p>\n<p>&nbsp;<\/p>\n<p><img loading=\"lazy\" decoding=\"async\" class=\"alignnone size-medium wp-image-11746\" src=\"http:\/\/ampid.org.br\/site2020\/wp-content\/uploads\/2021\/02\/15665456_1178511192204073_5689466196507486485_n-300x225.png\" alt=\"\" width=\"300\" height=\"225\" srcset=\"http:\/\/ampid.org.br\/site2020\/wp-content\/uploads\/2021\/02\/15665456_1178511192204073_5689466196507486485_n-300x225.png 300w, http:\/\/ampid.org.br\/site2020\/wp-content\/uploads\/2021\/02\/15665456_1178511192204073_5689466196507486485_n.png 960w\" sizes=\"auto, (max-width: 300px) 100vw, 300px\" \/><img loading=\"lazy\" decoding=\"async\" class=\"alignnone size-medium wp-image-11745\" src=\"http:\/\/ampid.org.br\/site2020\/wp-content\/uploads\/2021\/02\/15541922_1172663892788803_5573999074016885743_n-300x225.png\" alt=\"\" width=\"300\" height=\"225\" srcset=\"http:\/\/ampid.org.br\/site2020\/wp-content\/uploads\/2021\/02\/15541922_1172663892788803_5573999074016885743_n-300x225.png 300w, http:\/\/ampid.org.br\/site2020\/wp-content\/uploads\/2021\/02\/15541922_1172663892788803_5573999074016885743_n.png 960w\" sizes=\"auto, (max-width: 300px) 100vw, 300px\" \/><img loading=\"lazy\" decoding=\"async\" class=\"alignnone size-medium wp-image-11744\" src=\"http:\/\/ampid.org.br\/site2020\/wp-content\/uploads\/2021\/02\/15400328_1164269400294919_1430976924879037647_n-300x225.png\" alt=\"\" width=\"300\" height=\"225\" srcset=\"http:\/\/ampid.org.br\/site2020\/wp-content\/uploads\/2021\/02\/15400328_1164269400294919_1430976924879037647_n-300x225.png 300w, http:\/\/ampid.org.br\/site2020\/wp-content\/uploads\/2021\/02\/15400328_1164269400294919_1430976924879037647_n.png 960w\" sizes=\"auto, (max-width: 300px) 100vw, 300px\" \/><img loading=\"lazy\" decoding=\"async\" class=\"alignnone size-medium wp-image-11743\" src=\"http:\/\/ampid.org.br\/site2020\/wp-content\/uploads\/2021\/02\/15319076_1167653526623173_6582047431932652860_n-300x225.png\" alt=\"\" width=\"300\" height=\"225\" srcset=\"http:\/\/ampid.org.br\/site2020\/wp-content\/uploads\/2021\/02\/15319076_1167653526623173_6582047431932652860_n-300x225.png 300w, http:\/\/ampid.org.br\/site2020\/wp-content\/uploads\/2021\/02\/15319076_1167653526623173_6582047431932652860_n.png 960w\" sizes=\"auto, (max-width: 300px) 100vw, 300px\" \/><img loading=\"lazy\" decoding=\"async\" class=\"alignnone size-medium wp-image-11742\" src=\"http:\/\/ampid.org.br\/site2020\/wp-content\/uploads\/2021\/02\/15284060_1158016504253542_5336036620974994927_n-1-300x225.png\" alt=\"\" width=\"300\" height=\"225\" srcset=\"http:\/\/ampid.org.br\/site2020\/wp-content\/uploads\/2021\/02\/15284060_1158016504253542_5336036620974994927_n-1-300x225.png 300w, http:\/\/ampid.org.br\/site2020\/wp-content\/uploads\/2021\/02\/15284060_1158016504253542_5336036620974994927_n-1.png 960w\" sizes=\"auto, (max-width: 300px) 100vw, 300px\" \/><img loading=\"lazy\" decoding=\"async\" class=\"alignnone size-medium wp-image-11741\" src=\"http:\/\/ampid.org.br\/site2020\/wp-content\/uploads\/2021\/02\/15181385_1148356175219575_2545521697383168744_n-300x225.png\" alt=\"\" width=\"300\" height=\"225\" srcset=\"http:\/\/ampid.org.br\/site2020\/wp-content\/uploads\/2021\/02\/15181385_1148356175219575_2545521697383168744_n-300x225.png 300w, http:\/\/ampid.org.br\/site2020\/wp-content\/uploads\/2021\/02\/15181385_1148356175219575_2545521697383168744_n.png 960w\" sizes=\"auto, (max-width: 300px) 100vw, 300px\" \/><img loading=\"lazy\" decoding=\"async\" class=\"alignnone size-medium wp-image-11740\" src=\"http:\/\/ampid.org.br\/site2020\/wp-content\/uploads\/2021\/02\/15085729_1144980515557141_4368613416114610180_n-300x225.png\" alt=\"\" width=\"300\" height=\"225\" srcset=\"http:\/\/ampid.org.br\/site2020\/wp-content\/uploads\/2021\/02\/15085729_1144980515557141_4368613416114610180_n-300x225.png 300w, http:\/\/ampid.org.br\/site2020\/wp-content\/uploads\/2021\/02\/15085729_1144980515557141_4368613416114610180_n.png 960w\" sizes=\"auto, (max-width: 300px) 100vw, 300px\" \/><img loading=\"lazy\" decoding=\"async\" class=\"alignnone size-medium wp-image-11739\" src=\"http:\/\/ampid.org.br\/site2020\/wp-content\/uploads\/2021\/02\/15085671_1152879884767204_5701020250684921418_n-300x225.png\" alt=\"\" width=\"300\" height=\"225\" srcset=\"http:\/\/ampid.org.br\/site2020\/wp-content\/uploads\/2021\/02\/15085671_1152879884767204_5701020250684921418_n-300x225.png 300w, http:\/\/ampid.org.br\/site2020\/wp-content\/uploads\/2021\/02\/15085671_1152879884767204_5701020250684921418_n.png 960w\" sizes=\"auto, (max-width: 300px) 100vw, 300px\" \/><img loading=\"lazy\" decoding=\"async\" class=\"alignnone size-medium wp-image-11738\" src=\"http:\/\/ampid.org.br\/site2020\/wp-content\/uploads\/2021\/02\/15078589_1150520318336494_5328537670896225538_n-300x225.jpg\" alt=\"\" width=\"300\" height=\"225\" srcset=\"http:\/\/ampid.org.br\/site2020\/wp-content\/uploads\/2021\/02\/15078589_1150520318336494_5328537670896225538_n-300x225.jpg 300w, http:\/\/ampid.org.br\/site2020\/wp-content\/uploads\/2021\/02\/15078589_1150520318336494_5328537670896225538_n.jpg 960w\" sizes=\"auto, (max-width: 300px) 100vw, 300px\" \/><img loading=\"lazy\" decoding=\"async\" class=\"alignnone size-medium wp-image-11737\" src=\"http:\/\/ampid.org.br\/site2020\/wp-content\/uploads\/2021\/02\/15027837_1142655052456354_6427512145511516524_n-300x225.png\" alt=\"\" width=\"300\" height=\"225\" srcset=\"http:\/\/ampid.org.br\/site2020\/wp-content\/uploads\/2021\/02\/15027837_1142655052456354_6427512145511516524_n-300x225.png 300w, http:\/\/ampid.org.br\/site2020\/wp-content\/uploads\/2021\/02\/15027837_1142655052456354_6427512145511516524_n.png 960w\" sizes=\"auto, (max-width: 300px) 100vw, 300px\" \/><img loading=\"lazy\" decoding=\"async\" class=\"alignnone size-medium wp-image-11736\" src=\"http:\/\/ampid.org.br\/site2020\/wp-content\/uploads\/2021\/02\/14992065_1136623319726194_4639706005546282974_n-300x225.jpg\" alt=\"\" width=\"300\" height=\"225\" srcset=\"http:\/\/ampid.org.br\/site2020\/wp-content\/uploads\/2021\/02\/14992065_1136623319726194_4639706005546282974_n-300x225.jpg 300w, http:\/\/ampid.org.br\/site2020\/wp-content\/uploads\/2021\/02\/14992065_1136623319726194_4639706005546282974_n.jpg 960w\" sizes=\"auto, (max-width: 300px) 100vw, 300px\" \/><img loading=\"lazy\" decoding=\"async\" class=\"alignnone size-medium wp-image-11735\" src=\"http:\/\/ampid.org.br\/site2020\/wp-content\/uploads\/2021\/02\/14991986_1139402996114893_479787914018449640_n-300x225.png\" alt=\"\" width=\"300\" height=\"225\" srcset=\"http:\/\/ampid.org.br\/site2020\/wp-content\/uploads\/2021\/02\/14991986_1139402996114893_479787914018449640_n-300x225.png 300w, http:\/\/ampid.org.br\/site2020\/wp-content\/uploads\/2021\/02\/14991986_1139402996114893_479787914018449640_n.png 960w\" sizes=\"auto, (max-width: 300px) 100vw, 300px\" \/><img loading=\"lazy\" decoding=\"async\" class=\"alignnone size-medium wp-image-11734\" src=\"http:\/\/ampid.org.br\/site2020\/wp-content\/uploads\/2021\/02\/14963398_1138225952899264_3227850607349680921_n-300x225.png\" alt=\"\" width=\"300\" height=\"225\" srcset=\"http:\/\/ampid.org.br\/site2020\/wp-content\/uploads\/2021\/02\/14963398_1138225952899264_3227850607349680921_n-300x225.png 300w, http:\/\/ampid.org.br\/site2020\/wp-content\/uploads\/2021\/02\/14963398_1138225952899264_3227850607349680921_n.png 960w\" sizes=\"auto, (max-width: 300px) 100vw, 300px\" \/><img loading=\"lazy\" decoding=\"async\" class=\"alignnone size-medium wp-image-11733\" src=\"http:\/\/ampid.org.br\/site2020\/wp-content\/uploads\/2021\/02\/14962542_1137516962970163_5483773480572889296_n-300x225.jpg\" alt=\"\" width=\"300\" height=\"225\" srcset=\"http:\/\/ampid.org.br\/site2020\/wp-content\/uploads\/2021\/02\/14962542_1137516962970163_5483773480572889296_n-300x225.jpg 300w, http:\/\/ampid.org.br\/site2020\/wp-content\/uploads\/2021\/02\/14962542_1137516962970163_5483773480572889296_n.jpg 960w\" sizes=\"auto, (max-width: 300px) 100vw, 300px\" \/><\/p>\n<p>&nbsp;<\/p>\n<p>Campanha atualizada em 2024:<\/p>\n<p>&nbsp;<\/p>\n<p><img loading=\"lazy\" decoding=\"async\" class=\"alignnone size-medium wp-image-11761\" src=\"http:\/\/ampid.org.br\/site2020\/wp-content\/uploads\/2021\/02\/14-240x300.png\" alt=\"\" width=\"240\" height=\"300\" srcset=\"http:\/\/ampid.org.br\/site2020\/wp-content\/uploads\/2021\/02\/14-240x300.png 240w, http:\/\/ampid.org.br\/site2020\/wp-content\/uploads\/2021\/02\/14-819x1024.png 819w, http:\/\/ampid.org.br\/site2020\/wp-content\/uploads\/2021\/02\/14.png 1080w\" sizes=\"auto, (max-width: 240px) 100vw, 240px\" \/><img loading=\"lazy\" decoding=\"async\" class=\"alignnone size-medium wp-image-11760\" src=\"http:\/\/ampid.org.br\/site2020\/wp-content\/uploads\/2021\/02\/13-240x300.png\" alt=\"\" width=\"240\" height=\"300\" srcset=\"http:\/\/ampid.org.br\/site2020\/wp-content\/uploads\/2021\/02\/13-240x300.png 240w, http:\/\/ampid.org.br\/site2020\/wp-content\/uploads\/2021\/02\/13-819x1024.png 819w, http:\/\/ampid.org.br\/site2020\/wp-content\/uploads\/2021\/02\/13.png 1080w\" sizes=\"auto, (max-width: 240px) 100vw, 240px\" \/><img loading=\"lazy\" decoding=\"async\" class=\"alignnone size-medium wp-image-11759\" src=\"http:\/\/ampid.org.br\/site2020\/wp-content\/uploads\/2021\/02\/12-240x300.png\" alt=\"\" width=\"240\" height=\"300\" srcset=\"http:\/\/ampid.org.br\/site2020\/wp-content\/uploads\/2021\/02\/12-240x300.png 240w, http:\/\/ampid.org.br\/site2020\/wp-content\/uploads\/2021\/02\/12-819x1024.png 819w, http:\/\/ampid.org.br\/site2020\/wp-content\/uploads\/2021\/02\/12.png 1080w\" sizes=\"auto, (max-width: 240px) 100vw, 240px\" \/><img loading=\"lazy\" decoding=\"async\" class=\"alignnone size-medium wp-image-11758\" src=\"http:\/\/ampid.org.br\/site2020\/wp-content\/uploads\/2021\/02\/11-240x300.png\" alt=\"\" width=\"240\" height=\"300\" srcset=\"http:\/\/ampid.org.br\/site2020\/wp-content\/uploads\/2021\/02\/11-240x300.png 240w, http:\/\/ampid.org.br\/site2020\/wp-content\/uploads\/2021\/02\/11-819x1024.png 819w, http:\/\/ampid.org.br\/site2020\/wp-content\/uploads\/2021\/02\/11.png 1080w\" sizes=\"auto, (max-width: 240px) 100vw, 240px\" \/><img loading=\"lazy\" decoding=\"async\" class=\"alignnone size-medium wp-image-11757\" src=\"http:\/\/ampid.org.br\/site2020\/wp-content\/uploads\/2021\/02\/10-240x300.png\" alt=\"\" width=\"240\" height=\"300\" srcset=\"http:\/\/ampid.org.br\/site2020\/wp-content\/uploads\/2021\/02\/10-240x300.png 240w, http:\/\/ampid.org.br\/site2020\/wp-content\/uploads\/2021\/02\/10-819x1024.png 819w, http:\/\/ampid.org.br\/site2020\/wp-content\/uploads\/2021\/02\/10.png 1080w\" sizes=\"auto, (max-width: 240px) 100vw, 240px\" \/><img loading=\"lazy\" decoding=\"async\" class=\"alignnone size-medium wp-image-11756\" src=\"http:\/\/ampid.org.br\/site2020\/wp-content\/uploads\/2021\/02\/9-240x300.png\" alt=\"\" width=\"240\" height=\"300\" srcset=\"http:\/\/ampid.org.br\/site2020\/wp-content\/uploads\/2021\/02\/9-240x300.png 240w, http:\/\/ampid.org.br\/site2020\/wp-content\/uploads\/2021\/02\/9-819x1024.png 819w, http:\/\/ampid.org.br\/site2020\/wp-content\/uploads\/2021\/02\/9.png 1080w\" sizes=\"auto, (max-width: 240px) 100vw, 240px\" \/><img loading=\"lazy\" decoding=\"async\" class=\"alignnone size-medium wp-image-11755\" src=\"http:\/\/ampid.org.br\/site2020\/wp-content\/uploads\/2021\/02\/8-240x300.png\" alt=\"\" width=\"240\" height=\"300\" srcset=\"http:\/\/ampid.org.br\/site2020\/wp-content\/uploads\/2021\/02\/8-240x300.png 240w, http:\/\/ampid.org.br\/site2020\/wp-content\/uploads\/2021\/02\/8-819x1024.png 819w, http:\/\/ampid.org.br\/site2020\/wp-content\/uploads\/2021\/02\/8.png 1080w\" sizes=\"auto, (max-width: 240px) 100vw, 240px\" \/><img loading=\"lazy\" decoding=\"async\" class=\"alignnone size-medium wp-image-11754\" src=\"http:\/\/ampid.org.br\/site2020\/wp-content\/uploads\/2021\/02\/7-240x300.png\" alt=\"\" width=\"240\" height=\"300\" srcset=\"http:\/\/ampid.org.br\/site2020\/wp-content\/uploads\/2021\/02\/7-240x300.png 240w, http:\/\/ampid.org.br\/site2020\/wp-content\/uploads\/2021\/02\/7-819x1024.png 819w, http:\/\/ampid.org.br\/site2020\/wp-content\/uploads\/2021\/02\/7.png 1080w\" sizes=\"auto, (max-width: 240px) 100vw, 240px\" \/><img loading=\"lazy\" decoding=\"async\" class=\"alignnone size-medium wp-image-11753\" src=\"http:\/\/ampid.org.br\/site2020\/wp-content\/uploads\/2021\/02\/6-240x300.png\" alt=\"\" width=\"240\" height=\"300\" srcset=\"http:\/\/ampid.org.br\/site2020\/wp-content\/uploads\/2021\/02\/6-240x300.png 240w, http:\/\/ampid.org.br\/site2020\/wp-content\/uploads\/2021\/02\/6-819x1024.png 819w, http:\/\/ampid.org.br\/site2020\/wp-content\/uploads\/2021\/02\/6.png 1080w\" sizes=\"auto, (max-width: 240px) 100vw, 240px\" \/><img loading=\"lazy\" decoding=\"async\" class=\"alignnone size-medium wp-image-11752\" src=\"http:\/\/ampid.org.br\/site2020\/wp-content\/uploads\/2021\/02\/5-240x300.png\" alt=\"\" width=\"240\" height=\"300\" srcset=\"http:\/\/ampid.org.br\/site2020\/wp-content\/uploads\/2021\/02\/5-240x300.png 240w, http:\/\/ampid.org.br\/site2020\/wp-content\/uploads\/2021\/02\/5-819x1024.png 819w, http:\/\/ampid.org.br\/site2020\/wp-content\/uploads\/2021\/02\/5.png 1080w\" sizes=\"auto, (max-width: 240px) 100vw, 240px\" \/><img loading=\"lazy\" decoding=\"async\" class=\"alignnone size-medium wp-image-11751\" src=\"http:\/\/ampid.org.br\/site2020\/wp-content\/uploads\/2021\/02\/4-240x300.png\" alt=\"\" width=\"240\" height=\"300\" srcset=\"http:\/\/ampid.org.br\/site2020\/wp-content\/uploads\/2021\/02\/4-240x300.png 240w, http:\/\/ampid.org.br\/site2020\/wp-content\/uploads\/2021\/02\/4-819x1024.png 819w, http:\/\/ampid.org.br\/site2020\/wp-content\/uploads\/2021\/02\/4.png 1080w\" sizes=\"auto, (max-width: 240px) 100vw, 240px\" \/><img loading=\"lazy\" decoding=\"async\" class=\"alignnone size-medium wp-image-11750\" src=\"http:\/\/ampid.org.br\/site2020\/wp-content\/uploads\/2021\/02\/3-240x300.png\" alt=\"\" width=\"240\" height=\"300\" srcset=\"http:\/\/ampid.org.br\/site2020\/wp-content\/uploads\/2021\/02\/3-240x300.png 240w, http:\/\/ampid.org.br\/site2020\/wp-content\/uploads\/2021\/02\/3-819x1024.png 819w, http:\/\/ampid.org.br\/site2020\/wp-content\/uploads\/2021\/02\/3.png 1080w\" sizes=\"auto, (max-width: 240px) 100vw, 240px\" \/><img loading=\"lazy\" decoding=\"async\" class=\"alignnone size-medium wp-image-11749\" src=\"http:\/\/ampid.org.br\/site2020\/wp-content\/uploads\/2021\/02\/2-240x300.png\" alt=\"\" width=\"240\" height=\"300\" srcset=\"http:\/\/ampid.org.br\/site2020\/wp-content\/uploads\/2021\/02\/2-240x300.png 240w, http:\/\/ampid.org.br\/site2020\/wp-content\/uploads\/2021\/02\/2-819x1024.png 819w, http:\/\/ampid.org.br\/site2020\/wp-content\/uploads\/2021\/02\/2.png 1080w\" sizes=\"auto, (max-width: 240px) 100vw, 240px\" \/><img loading=\"lazy\" decoding=\"async\" class=\"alignnone size-medium wp-image-11748\" src=\"http:\/\/ampid.org.br\/site2020\/wp-content\/uploads\/2021\/02\/1-1-240x300.png\" alt=\"\" width=\"240\" height=\"300\" srcset=\"http:\/\/ampid.org.br\/site2020\/wp-content\/uploads\/2021\/02\/1-1-240x300.png 240w, http:\/\/ampid.org.br\/site2020\/wp-content\/uploads\/2021\/02\/1-1-819x1024.png 819w, http:\/\/ampid.org.br\/site2020\/wp-content\/uploads\/2021\/02\/1-1.png 1080w\" sizes=\"auto, (max-width: 240px) 100vw, 240px\" \/><img loading=\"lazy\" decoding=\"async\" class=\"alignnone size-medium wp-image-11747\" src=\"http:\/\/ampid.org.br\/site2020\/wp-content\/uploads\/2021\/02\/1-240x300.png\" alt=\"\" width=\"240\" height=\"300\" srcset=\"http:\/\/ampid.org.br\/site2020\/wp-content\/uploads\/2021\/02\/1-240x300.png 240w, http:\/\/ampid.org.br\/site2020\/wp-content\/uploads\/2021\/02\/1-819x1024.png 819w, http:\/\/ampid.org.br\/site2020\/wp-content\/uploads\/2021\/02\/1.png 1080w\" sizes=\"auto, (max-width: 240px) 100vw, 240px\" \/><\/p>\n","protected":false},"excerpt":{"rendered":"<p>A Conven\u00e7\u00e3o Interamericana sobre a Prote\u00e7\u00e3o dos Direitos Humanos dos Idosos \u00e9 um tratado internacional em mat\u00e9ria de Direitos Humanos, aprovado pela Assembleia Geral da Organiza\u00e7\u00e3o dos Estados Americanos nos dias 15 e 16 de junho de 2015. O instrumento entrou em vigor internacional no dia 13 de dezembro de 2016. O Brasil foi o&#8230;<\/p>\n","protected":false},"author":2,"featured_media":0,"parent":0,"menu_order":0,"comment_status":"closed","ping_status":"closed","template":"","meta":{"_acf_changed":false,"inline_featured_image":false,"footnotes":""},"class_list":["post-11763","page","type-page","status-publish","hentry"],"acf":[],"_links":{"self":[{"href":"http:\/\/ampid.org.br\/site2020\/index.php?rest_route=\/wp\/v2\/pages\/11763","targetHints":{"allow":["GET"]}}],"collection":[{"href":"http:\/\/ampid.org.br\/site2020\/index.php?rest_route=\/wp\/v2\/pages"}],"about":[{"href":"http:\/\/ampid.org.br\/site2020\/index.php?rest_route=\/wp\/v2\/types\/page"}],"author":[{"embeddable":true,"href":"http:\/\/ampid.org.br\/site2020\/index.php?rest_route=\/wp\/v2\/users\/2"}],"replies":[{"embeddable":true,"href":"http:\/\/ampid.org.br\/site2020\/index.php?rest_route=%2Fwp%2Fv2%2Fcomments&post=11763"}],"version-history":[{"count":3,"href":"http:\/\/ampid.org.br\/site2020\/index.php?rest_route=\/wp\/v2\/pages\/11763\/revisions"}],"predecessor-version":[{"id":11767,"href":"http:\/\/ampid.org.br\/site2020\/index.php?rest_route=\/wp\/v2\/pages\/11763\/revisions\/11767"}],"wp:attachment":[{"href":"http:\/\/ampid.org.br\/site2020\/index.php?rest_route=%2Fwp%2Fv2%2Fmedia&parent=11763"}],"curies":[{"name":"wp","href":"https:\/\/api.w.org\/{rel}","templated":true}]}}