{"id":10554,"date":"2022-03-03T12:02:52","date_gmt":"2022-03-03T15:02:52","guid":{"rendered":"http:\/\/ampid.org.br\/site2020\/?page_id=10554"},"modified":"2022-03-21T17:22:34","modified_gmt":"2022-03-21T20:22:34","slug":"2022-notas-e-mocoes","status":"publish","type":"page","link":"http:\/\/ampid.org.br\/site2020\/?page_id=10554","title":{"rendered":"2022 &#8211; Notas e Mo\u00e7\u00f5es"},"content":{"rendered":"<section class=\"l-section wpb_row height_small\"><div class=\"l-section-h i-cf\"><div class=\"g-cols vc_row via_flex valign_top type_default stacking_default\"><div class=\"vc_col-sm-12 wpb_column vc_column_container\"><div class=\"vc_column-inner\"><div class=\"wpb_wrapper\"><div class=\"wpb_text_column\"><div class=\"wpb_wrapper\"><h1>Notas e Mo\u00e7\u00f5es<\/h1>\n<\/div><\/div><div class=\"wpb_text_column\"><div class=\"wpb_wrapper\"><h3>2022<\/h3>\n<\/div><\/div><div class=\"w-separator size_large\"><\/div><div class=\"w-grid type_grid layout_blog_14\" id=\"us_grid_1\" style=\"--gap:1.5rem;\" data-filterable=\"true\"><style>.layout_blog_14 .w-grid-item-h{}@media(max-width:479px){.layout_blog_14 .usg_post_image_1{display:none!important}}.layout_blog_14 .usg_hwrapper_1{color:var(--color-content-text)!important;margin-left:10%!important;padding-top:6%!important;padding-bottom:6%!important;background:var(--color-content-bg-alt)!important}.layout_blog_14 .usg_post_image_1{width:50%!important;margin-left:-11%!important;margin-right:0!important}.layout_blog_14 .usg_vwrapper_1{width:48%!important;margin-left:7%!important}.layout_blog_14 .usg_post_date_1{font-size:0.9rem!important}.layout_blog_14 .usg_post_title_1{font-weight:700!important;line-height:1.2!important}.layout_blog_14 .usg_post_content_1{font-size:0.9rem!important}@media (max-width:600px){.layout_blog_14 .usg_hwrapper_1{margin-left:0!important;margin-right:0!important;padding-top:0!important;padding-bottom:0!important}.layout_blog_14 .usg_post_image_1{width:100%!important;margin-left:0!important;margin-right:0!important}.layout_blog_14 .usg_vwrapper_1{width:86%!important;margin:5% 7% 7% 7%!important}}<\/style><div class=\"w-grid-list\">\t<article class=\"w-grid-item size_1x1 post-10600 post type-post status-publish format-standard has-post-thumbnail hentry category-idosos category-notas category-publicacoes-em-destaque tag-138 tag-ampid tag-diretos-da-pessoa-idosa tag-notas tag-pessoas-com-deficiencia-2\" data-id=\"10600\">\r\n\t\t<div class=\"w-grid-item-h\">\r\n\t\t\t\t\t\t<div class=\"w-hwrapper usg_hwrapper_1 has_text_color align_none valign_center wrap\"><div class=\"w-post-elm post_image usg_post_image_1 has_width stretched\"><a href=\"http:\/\/ampid.org.br\/site2020\/?p=10600\" aria-label=\"Nota P\u00fablica de rep\u00fadio \u00e0 n\u00e3o concess\u00e3o da amplia\u00e7\u00e3o de prazo para cadastramento dos fundos de direitos da pessoa idosa pelo MMFDH\"><img loading=\"lazy\" decoding=\"async\" width=\"1024\" height=\"427\" src=\"http:\/\/ampid.org.br\/site2020\/wp-content\/uploads\/2020\/07\/rep-1024x427.jpg\" class=\"attachment-large size-large wp-post-image\" alt=\"\" srcset=\"http:\/\/ampid.org.br\/site2020\/wp-content\/uploads\/2020\/07\/rep-1024x427.jpg 1024w, http:\/\/ampid.org.br\/site2020\/wp-content\/uploads\/2020\/07\/rep-300x125.jpg 300w, http:\/\/ampid.org.br\/site2020\/wp-content\/uploads\/2020\/07\/rep.jpg 1920w\" sizes=\"auto, (max-width: 1024px) 100vw, 1024px\" \/><\/a><\/div><div class=\"w-vwrapper usg_vwrapper_1 align_none valign_top\"><time class=\"w-post-elm post_date usg_post_date_1 entry-date published\" datetime=\"2022-10-26T17:12:05-03:00\" title=\"26 outubro 2022 \u00e0s 17:12:05 America\/Sao_Paulo\">3 anos atr\u00e1s<\/time><h2 class=\"w-post-elm post_title usg_post_title_1 entry-title color_link_inherit\"><a href=\"http:\/\/ampid.org.br\/site2020\/?p=10600\">Nota P\u00fablica de rep\u00fadio \u00e0 n\u00e3o concess\u00e3o da amplia\u00e7\u00e3o de prazo para cadastramento dos fundos de direitos da pessoa idosa pelo MMFDH<\/a><\/h2><div class=\"w-post-elm post_content usg_post_content_1\">&nbsp; 22 outubro de 2022 NOTA P\u00daBLICA DE REP\u00daDIO \u00c0 N\u00c3O CONCESS\u00c3O DA AMPLIA\u00c7\u00c3O DE PRAZO PARA CADASTRAMENTO DOS FUNDOS DE DIREITOS DA PESSOA IDOSA PELO MMFDH A Associa\u00e7\u00e3o Nacional&hellip;<\/div><\/div><\/div>\t\t<\/div>\r\n\t\t\t<\/article>\r\n\t<article class=\"w-grid-item size_1x1 post-10715 post type-post status-publish format-standard hentry category-notas category-pessoas-com-deficiencia category-publicacoes-em-destaque tag-138 tag-abrasco tag-ampid tag-inclusao tag-notas tag-pessoas-com-deficiencia-2 tag-romeu-sassaki\" data-id=\"10715\">\r\n\t\t<div class=\"w-grid-item-h\">\r\n\t\t\t\t\t\t<div class=\"w-hwrapper usg_hwrapper_1 has_text_color align_none valign_center wrap\"><div class=\"w-vwrapper usg_vwrapper_1 align_none valign_top\"><time class=\"w-post-elm post_date usg_post_date_1 entry-date published\" datetime=\"2022-09-19T17:30:56-03:00\" title=\"19 setembro 2022 \u00e0s 17:30:56 America\/Sao_Paulo\">4 anos atr\u00e1s<\/time><h2 class=\"w-post-elm post_title usg_post_title_1 entry-title color_link_inherit\"><a href=\"http:\/\/ampid.org.br\/site2020\/?p=10715\">Nota de Pesar &#8211; Professor Romeu Sassaki<\/a><\/h2><div class=\"w-post-elm post_content usg_post_content_1\">&nbsp; Professor Romeu Sassaki, falecido nesta segunda-feira, 19.09.2022 &nbsp; 19 de setembro de 2022 &nbsp; NOTA DE PESAR\u00a0 \u00a0&#8211; PROFESSOR ROMEU SASSAKI \u00a0 Profissional com mais de 60 anos de&hellip;<\/div><\/div><\/div>\t\t<\/div>\r\n\t\t\t<\/article>\r\n\t<article class=\"w-grid-item size_1x1 post-10639 post type-post status-publish format-standard has-post-thumbnail hentry category-notas category-pessoas-com-deficiencia category-publicacoes-em-destaque tag-138 tag-abrasco tag-ampid tag-notas tag-pessoas-com-deficiencia-2\" data-id=\"10639\">\r\n\t\t<div class=\"w-grid-item-h\">\r\n\t\t\t\t\t\t<div class=\"w-hwrapper usg_hwrapper_1 has_text_color align_none valign_center wrap\"><div class=\"w-post-elm post_image usg_post_image_1 has_width stretched\"><a href=\"http:\/\/ampid.org.br\/site2020\/?p=10639\" aria-label=\"Nota de Apoio \u00e0 Nota de Rep\u00fadio ao veto do nome de Nise da Silveira no livro &#8216;Her\u00f3is e Hero\u00ednas da P\u00e1tria&#8217;\u00a0\"><img loading=\"lazy\" decoding=\"async\" width=\"1024\" height=\"427\" src=\"http:\/\/ampid.org.br\/site2020\/wp-content\/uploads\/2016\/07\/apoio-1024x427.jpg\" class=\"attachment-large size-large wp-post-image\" alt=\"\" srcset=\"http:\/\/ampid.org.br\/site2020\/wp-content\/uploads\/2016\/07\/apoio-1024x427.jpg 1024w, http:\/\/ampid.org.br\/site2020\/wp-content\/uploads\/2016\/07\/apoio-300x125.jpg 300w, http:\/\/ampid.org.br\/site2020\/wp-content\/uploads\/2016\/07\/apoio.jpg 1920w\" sizes=\"auto, (max-width: 1024px) 100vw, 1024px\" \/><\/a><\/div><div class=\"w-vwrapper usg_vwrapper_1 align_none valign_top\"><time class=\"w-post-elm post_date usg_post_date_1 entry-date published\" datetime=\"2022-06-06T10:29:59-03:00\" title=\"6 junho 2022 \u00e0s 10:29:59 America\/Sao_Paulo\">4 anos atr\u00e1s<\/time><h2 class=\"w-post-elm post_title usg_post_title_1 entry-title color_link_inherit\"><a href=\"http:\/\/ampid.org.br\/site2020\/?p=10639\">Nota de Apoio \u00e0 Nota de Rep\u00fadio ao veto do nome de Nise da Silveira no livro &#8216;Her\u00f3is e Hero\u00ednas da P\u00e1tria&#8217;\u00a0<\/a><\/h2><div class=\"w-post-elm post_content usg_post_content_1\">&nbsp; 03 de junho de 2022 &nbsp; NOTA DE APOIO \u00c0 NOTA DE REP\u00daDIO AO VETO DO NOME DE NISE DA SILVEIRA NO LIVRO DOS &#8216;HER\u00d3IS E HERO\u00cdNAS DA P\u00c1TRIA&#8217;\u00a0&hellip;<\/div><\/div><\/div>\t\t<\/div>\r\n\t\t\t<\/article>\r\n\t<article class=\"w-grid-item size_1x1 post-10618 post type-post status-publish format-standard has-post-thumbnail hentry category-notas category-pessoas-com-deficiencia category-publicacoes-em-destaque tag-138 tag-ampid tag-manicomios tag-notas tag-pessoas-com-deficiencia-2\" data-id=\"10618\">\r\n\t\t<div class=\"w-grid-item-h\">\r\n\t\t\t\t\t\t<div class=\"w-hwrapper usg_hwrapper_1 has_text_color align_none valign_center wrap\"><div class=\"w-post-elm post_image usg_post_image_1 has_width stretched\"><a href=\"http:\/\/ampid.org.br\/site2020\/?p=10618\" aria-label=\"Nota de Apoio \u00e0s Notas da PBPD, CONASS e CONASEMS\"><img loading=\"lazy\" decoding=\"async\" width=\"1024\" height=\"427\" src=\"http:\/\/ampid.org.br\/site2020\/wp-content\/uploads\/2016\/07\/apoio-1024x427.jpg\" class=\"attachment-large size-large wp-post-image\" alt=\"\" srcset=\"http:\/\/ampid.org.br\/site2020\/wp-content\/uploads\/2016\/07\/apoio-1024x427.jpg 1024w, http:\/\/ampid.org.br\/site2020\/wp-content\/uploads\/2016\/07\/apoio-300x125.jpg 300w, http:\/\/ampid.org.br\/site2020\/wp-content\/uploads\/2016\/07\/apoio.jpg 1920w\" sizes=\"auto, (max-width: 1024px) 100vw, 1024px\" \/><\/a><\/div><div class=\"w-vwrapper usg_vwrapper_1 align_none valign_top\"><time class=\"w-post-elm post_date usg_post_date_1 entry-date published\" datetime=\"2022-04-18T13:06:22-03:00\" title=\"18 abril 2022 \u00e0s 13:06:22 America\/Sao_Paulo\">4 anos atr\u00e1s<\/time><h2 class=\"w-post-elm post_title usg_post_title_1 entry-title color_link_inherit\"><a href=\"http:\/\/ampid.org.br\/site2020\/?p=10618\">Nota de Apoio \u00e0s Notas da PBPD, CONASS e CONASEMS<\/a><\/h2><div class=\"w-post-elm post_content usg_post_content_1\">&nbsp; 18 abril de 2022 &nbsp; NOTA DE APOIO \u00c0 SUSPENS\u00c3O DE EDITAL E PORTARIA DO MINISTERIO DA CIDADANIA PARA FINANCIAMENTO DE HOSPITAIS PSIQUIATRICOS &#8211;\u00a0APOIO \u00c0S NOTAS DA PBPD, CONASS&hellip;<\/div><\/div><\/div>\t\t<\/div>\r\n\t\t\t<\/article>\r\n\t<article class=\"w-grid-item size_1x1 post-10610 post type-post status-publish format-standard has-post-thumbnail hentry category-notas category-pessoas-com-deficiencia category-publicacoes-em-destaque tag-138 tag-ampid tag-notas tag-pessoas-com-deficiencia-2\" data-id=\"10610\">\r\n\t\t<div class=\"w-grid-item-h\">\r\n\t\t\t\t\t\t<div class=\"w-hwrapper usg_hwrapper_1 has_text_color align_none valign_center wrap\"><div class=\"w-post-elm post_image usg_post_image_1 has_width stretched\"><a href=\"http:\/\/ampid.org.br\/site2020\/?p=10610\" aria-label=\"Nota P\u00fablica sobre o Projeto de Lei n\u00b0 6.461\/2022 que trata do &#8220;Estatuto do Aprendiz&#8221;\"><img loading=\"lazy\" decoding=\"async\" width=\"1024\" height=\"427\" src=\"http:\/\/ampid.org.br\/site2020\/wp-content\/uploads\/2020\/07\/pub-1-1024x427.jpg\" class=\"attachment-large size-large wp-post-image\" alt=\"\" srcset=\"http:\/\/ampid.org.br\/site2020\/wp-content\/uploads\/2020\/07\/pub-1-1024x427.jpg 1024w, http:\/\/ampid.org.br\/site2020\/wp-content\/uploads\/2020\/07\/pub-1-300x125.jpg 300w, http:\/\/ampid.org.br\/site2020\/wp-content\/uploads\/2020\/07\/pub-1.jpg 1920w\" sizes=\"auto, (max-width: 1024px) 100vw, 1024px\" \/><\/a><\/div><div class=\"w-vwrapper usg_vwrapper_1 align_none valign_top\"><time class=\"w-post-elm post_date usg_post_date_1 entry-date published\" datetime=\"2022-04-08T23:37:01-03:00\" title=\"8 abril 2022 \u00e0s 23:37:01 America\/Sao_Paulo\">4 anos atr\u00e1s<\/time><h2 class=\"w-post-elm post_title usg_post_title_1 entry-title color_link_inherit\"><a href=\"http:\/\/ampid.org.br\/site2020\/?p=10610\">Nota P\u00fablica sobre o Projeto de Lei n\u00b0 6.461\/2022 que trata do &#8220;Estatuto do Aprendiz&#8221;<\/a><\/h2><div class=\"w-post-elm post_content usg_post_content_1\">&nbsp; 08 abril de 2022 NOTA P\u00daBLICA SOBRE O PROJETO DE LEI N\u00b0 6.461\/2022 QUE TRATA DO \u201cESTATUTO DO APRENDIZ\u201d A Associa\u00e7\u00e3o Nacional dos Membros do Minist\u00e9rio P\u00fablico de Defesa&hellip;<\/div><\/div><\/div>\t\t<\/div>\r\n\t\t\t<\/article>\r\n\t<article class=\"w-grid-item size_1x1 post-10594 post type-post status-publish format-standard has-post-thumbnail hentry category-notas category-pessoas-com-deficiencia category-publicacoes-em-destaque tag-138 tag-ampid tag-bpc tag-notas tag-pessoas-com-deficiencia-2\" data-id=\"10594\">\r\n\t\t<div class=\"w-grid-item-h\">\r\n\t\t\t\t\t\t<div class=\"w-hwrapper usg_hwrapper_1 has_text_color align_none valign_center wrap\"><div class=\"w-post-elm post_image usg_post_image_1 has_width stretched\"><a href=\"http:\/\/ampid.org.br\/site2020\/?p=10594\" aria-label=\"Nota P\u00fablica sobre o Projeto de Lei n\u00b0 6.494\/2019 que trata de forma\u00e7\u00e3o profissional, aprendizagem e acumula\u00e7\u00e3o do BPC com remunera\u00e7\u00e3o\"><img loading=\"lazy\" decoding=\"async\" width=\"1024\" height=\"427\" src=\"http:\/\/ampid.org.br\/site2020\/wp-content\/uploads\/2020\/07\/pub-1-1024x427.jpg\" class=\"attachment-large size-large wp-post-image\" alt=\"\" srcset=\"http:\/\/ampid.org.br\/site2020\/wp-content\/uploads\/2020\/07\/pub-1-1024x427.jpg 1024w, http:\/\/ampid.org.br\/site2020\/wp-content\/uploads\/2020\/07\/pub-1-300x125.jpg 300w, http:\/\/ampid.org.br\/site2020\/wp-content\/uploads\/2020\/07\/pub-1.jpg 1920w\" sizes=\"auto, (max-width: 1024px) 100vw, 1024px\" \/><\/a><\/div><div class=\"w-vwrapper usg_vwrapper_1 align_none valign_top\"><time class=\"w-post-elm post_date usg_post_date_1 entry-date published\" datetime=\"2022-03-30T15:40:16-03:00\" title=\"30 mar\u00e7o 2022 \u00e0s 15:40:16 America\/Sao_Paulo\">4 anos atr\u00e1s<\/time><h2 class=\"w-post-elm post_title usg_post_title_1 entry-title color_link_inherit\"><a href=\"http:\/\/ampid.org.br\/site2020\/?p=10594\">Nota P\u00fablica sobre o Projeto de Lei n\u00b0 6.494\/2019 que trata de forma\u00e7\u00e3o profissional, aprendizagem e acumula\u00e7\u00e3o do BPC com remunera\u00e7\u00e3o<\/a><\/h2><div class=\"w-post-elm post_content usg_post_content_1\">&nbsp; 30 de mar\u00e7o de 2022 &nbsp; NOTA P\u00daBLICA SOBRE O PROJETO DE LEI N\u00b0 6.494\/2019 QUE TRATA DE FORMA\u00c7\u00c3O PROFISSIONAL, APRENDIZAGEM E ACUMULA\u00c7\u00c3O DO BPC COM REMUNERA\u00c7\u00c3O A Associa\u00e7\u00e3o&hellip;<\/div><\/div><\/div>\t\t<\/div>\r\n\t\t\t<\/article>\r\n\t<article class=\"w-grid-item size_1x1 post-10557 post type-post status-publish format-standard has-post-thumbnail hentry category-notas category-pessoas-com-deficiencia category-publicacoes-em-destaque tag-138 tag-ampid tag-notas tag-pessoas-com-deficiencia-2\" data-id=\"10557\">\r\n\t\t<div class=\"w-grid-item-h\">\r\n\t\t\t\t\t\t<div class=\"w-hwrapper usg_hwrapper_1 has_text_color align_none valign_center wrap\"><div class=\"w-post-elm post_image usg_post_image_1 has_width stretched\"><a href=\"http:\/\/ampid.org.br\/site2020\/?p=10557\" aria-label=\"Nota P\u00fablica de Apoio ao Projeto de Emenda Constitucional n\u00ba 229\/2019\"><img loading=\"lazy\" decoding=\"async\" width=\"1024\" height=\"427\" src=\"http:\/\/ampid.org.br\/site2020\/wp-content\/uploads\/2016\/07\/apoio-1024x427.jpg\" class=\"attachment-large size-large wp-post-image\" alt=\"\" srcset=\"http:\/\/ampid.org.br\/site2020\/wp-content\/uploads\/2016\/07\/apoio-1024x427.jpg 1024w, http:\/\/ampid.org.br\/site2020\/wp-content\/uploads\/2016\/07\/apoio-300x125.jpg 300w, http:\/\/ampid.org.br\/site2020\/wp-content\/uploads\/2016\/07\/apoio.jpg 1920w\" sizes=\"auto, (max-width: 1024px) 100vw, 1024px\" \/><\/a><\/div><div class=\"w-vwrapper usg_vwrapper_1 align_none valign_top\"><time class=\"w-post-elm post_date usg_post_date_1 entry-date published\" datetime=\"2022-03-07T22:36:18-03:00\" title=\"7 mar\u00e7o 2022 \u00e0s 22:36:18 America\/Sao_Paulo\">4 anos atr\u00e1s<\/time><h2 class=\"w-post-elm post_title usg_post_title_1 entry-title color_link_inherit\"><a href=\"http:\/\/ampid.org.br\/site2020\/?p=10557\">Nota P\u00fablica de Apoio ao Projeto de Emenda Constitucional n\u00ba 229\/2019<\/a><\/h2><div class=\"w-post-elm post_content usg_post_content_1\">&nbsp; 07 de mar\u00e7o de 2022 &nbsp; NOTA P\u00daBLICA DE APOIO AO PROJETO DE EMENDA CONSTITUCIONAL N\u00ba 229\/2019 A Associa\u00e7\u00e3o Nacional do Minist\u00e9rio P\u00fablico de Defesa dos Direitos dos Idosos&hellip;<\/div><\/div><\/div>\t\t<\/div>\r\n\t\t\t<\/article>\r\n\t<article class=\"w-grid-item size_1x1 post-10499 post type-post status-publish format-standard has-post-thumbnail hentry category-covid-19 category-notas category-pessoas-com-deficiencia category-publicacoes-em-destaque tag-138 tag-ampid tag-covid-19 tag-covid19 tag-criancas-com-deficiencia tag-imunizacao-infantil tag-vacina tag-vacina-para-criancas tag-vacinacao\" data-id=\"10499\">\r\n\t\t<div class=\"w-grid-item-h\">\r\n\t\t\t\t\t\t<div class=\"w-hwrapper usg_hwrapper_1 has_text_color align_none valign_center wrap\"><div class=\"w-post-elm post_image usg_post_image_1 has_width stretched\"><a href=\"http:\/\/ampid.org.br\/site2020\/?p=10499\" aria-label=\"Nota P\u00fablica sobre o empenho da AMPID na efetiva\u00e7\u00e3o em todo o pa\u00eds do direito \u00e0 prioridade na vacina\u00e7\u00e3o das crian\u00e7as com defici\u00eancia\"><img loading=\"lazy\" decoding=\"async\" width=\"1024\" height=\"427\" src=\"http:\/\/ampid.org.br\/site2020\/wp-content\/uploads\/2020\/07\/rep-1024x427.jpg\" class=\"attachment-large size-large wp-post-image\" alt=\"\" srcset=\"http:\/\/ampid.org.br\/site2020\/wp-content\/uploads\/2020\/07\/rep-1024x427.jpg 1024w, http:\/\/ampid.org.br\/site2020\/wp-content\/uploads\/2020\/07\/rep-300x125.jpg 300w, http:\/\/ampid.org.br\/site2020\/wp-content\/uploads\/2020\/07\/rep.jpg 1920w\" sizes=\"auto, (max-width: 1024px) 100vw, 1024px\" \/><\/a><\/div><div class=\"w-vwrapper usg_vwrapper_1 align_none valign_top\"><time class=\"w-post-elm post_date usg_post_date_1 entry-date published\" datetime=\"2022-02-01T16:31:12-03:00\" title=\"1 fevereiro 2022 \u00e0s 16:31:12 America\/Sao_Paulo\">4 anos atr\u00e1s<\/time><h2 class=\"w-post-elm post_title usg_post_title_1 entry-title color_link_inherit\"><a href=\"http:\/\/ampid.org.br\/site2020\/?p=10499\">Nota P\u00fablica sobre o empenho da AMPID na efetiva\u00e7\u00e3o em todo o pa\u00eds do direito \u00e0 prioridade na vacina\u00e7\u00e3o das crian\u00e7as com defici\u00eancia<\/a><\/h2><div class=\"w-post-elm post_content usg_post_content_1\">&nbsp; 02 de fevereiro de 2022 &nbsp; NOTA P\u00daBLICA SOBRE O EMPENHO DA AMPID NA EFETIVA\u00c7AO EM TODO O PA\u00cdS DO DIREITO \u00c0 PRIORIDADE NA VACINA\u00c7\u00c3O DAS CRIAN\u00c7AS COM DEFICI\u00caNCIA&hellip;<\/div><\/div><\/div>\t\t<\/div>\r\n\t\t\t<\/article>\r\n\t<article class=\"w-grid-item size_1x1 post-10474 post type-post status-publish format-standard has-post-thumbnail hentry category-covid-19 category-notas category-publicacoes-em-destaque tag-138 tag-ampid tag-cid-11 tag-covid-19 tag-direitos-dos-idosos tag-idosos-2 tag-ilpi tag-imunizacao-infantil tag-pessoa-idosa tag-vacina tag-vacina-para-criancas\" data-id=\"10474\">\r\n\t\t<div class=\"w-grid-item-h\">\r\n\t\t\t\t\t\t<div class=\"w-hwrapper usg_hwrapper_1 has_text_color align_none valign_center wrap\"><div class=\"w-post-elm post_image usg_post_image_1 has_width stretched\"><a href=\"http:\/\/ampid.org.br\/site2020\/?p=10474\" aria-label=\"Nota de Rep\u00fadio a manifesta\u00e7\u00f5es que classificam de abusivas as atua\u00e7\u00f5es dos Promotores sobre a imuniza\u00e7\u00e3o de crian\u00e7as\"><img loading=\"lazy\" decoding=\"async\" width=\"1024\" height=\"427\" src=\"http:\/\/ampid.org.br\/site2020\/wp-content\/uploads\/2020\/07\/rep-1024x427.jpg\" class=\"attachment-large size-large wp-post-image\" alt=\"\" srcset=\"http:\/\/ampid.org.br\/site2020\/wp-content\/uploads\/2020\/07\/rep-1024x427.jpg 1024w, http:\/\/ampid.org.br\/site2020\/wp-content\/uploads\/2020\/07\/rep-300x125.jpg 300w, http:\/\/ampid.org.br\/site2020\/wp-content\/uploads\/2020\/07\/rep.jpg 1920w\" sizes=\"auto, (max-width: 1024px) 100vw, 1024px\" \/><\/a><\/div><div class=\"w-vwrapper usg_vwrapper_1 align_none valign_top\"><time class=\"w-post-elm post_date usg_post_date_1 entry-date published\" datetime=\"2022-01-27T08:11:07-03:00\" title=\"27 janeiro 2022 \u00e0s 08:11:07 America\/Sao_Paulo\">4 anos atr\u00e1s<\/time><h2 class=\"w-post-elm post_title usg_post_title_1 entry-title color_link_inherit\"><a href=\"http:\/\/ampid.org.br\/site2020\/?p=10474\">Nota de Rep\u00fadio a manifesta\u00e7\u00f5es que classificam de abusivas as atua\u00e7\u00f5es dos Promotores sobre a imuniza\u00e7\u00e3o de crian\u00e7as<\/a><\/h2><div class=\"w-post-elm post_content usg_post_content_1\">&nbsp; 27 de janeiro de 2022 &nbsp; NOTA DE REP\u00daDIO A MANIFESTA\u00c7\u00d5ES QUE CLASSIFICAM DE ABUSIVAS AS ATUA\u00c7\u00d5ES DOS PROMOTORES SOBRE A IMUNIZA\u00c7\u00c3O DE CRIAN\u00c7AS &nbsp; A ASSOCIA\u00c7\u00c3O NACIONAL DOS&hellip;<\/div><\/div><\/div>\t\t<\/div>\r\n\t\t\t<\/article>\r\n<\/div><div class=\"w-grid-preloader\">\t<div class=\"g-preloader type_custom\">\r\n\t\t<div><img loading=\"lazy\" decoding=\"async\" width=\"300\" height=\"300\" src=\"http:\/\/ampid.org.br\/site2020\/wp-content\/uploads\/2020\/06\/icon-300x300.png\" class=\"attachment-medium size-medium\" alt=\"\" srcset=\"http:\/\/ampid.org.br\/site2020\/wp-content\/uploads\/2020\/06\/icon-300x300.png 300w, http:\/\/ampid.org.br\/site2020\/wp-content\/uploads\/2020\/06\/icon-150x150.png 150w, http:\/\/ampid.org.br\/site2020\/wp-content\/uploads\/2020\/06\/icon.png 512w\" sizes=\"auto, (max-width: 300px) 100vw, 300px\" \/><\/div>\r\n\t<\/div>\r\n\t<\/div>\t<div class=\"w-grid-json hidden\" onclick='return {&quot;action&quot;:&quot;us_ajax_grid&quot;,&quot;infinite_scroll&quot;:0,&quot;max_num_pages&quot;:1,&quot;pagination&quot;:&quot;none&quot;,&quot;template_vars&quot;:{&quot;columns&quot;:&quot;1&quot;,&quot;exclude_items&quot;:&quot;none&quot;,&quot;img_size&quot;:&quot;default&quot;,&quot;ignore_items_size&quot;:0,&quot;items_layout&quot;:&quot;blog_14&quot;,&quot;items_offset&quot;:&quot;1&quot;,&quot;load_animation&quot;:&quot;none&quot;,&quot;overriding_link&quot;:&quot;{\\&quot;url\\&quot;:\\&quot;\\&quot;}&quot;,&quot;post_id&quot;:0,&quot;query_args&quot;:{&quot;post_type&quot;:[&quot;post&quot;],&quot;tax_query&quot;:[{&quot;taxonomy&quot;:&quot;category&quot;,&quot;field&quot;:&quot;slug&quot;,&quot;terms&quot;:[&quot;notas&quot;]},{&quot;taxonomy&quot;:&quot;post_tag&quot;,&quot;field&quot;:&quot;slug&quot;,&quot;terms&quot;:[&quot;2022&quot;]}],&quot;post_status&quot;:[&quot;publish&quot;,&quot;acf-disabled&quot;],&quot;posts_per_page&quot;:999},&quot;orderby_query_args&quot;:{&quot;orderby&quot;:{&quot;date&quot;:&quot;DESC&quot;}},&quot;type&quot;:&quot;grid&quot;,&quot;us_grid_ajax_index&quot;:1,&quot;us_grid_filter_params&quot;:[],&quot;us_grid_index&quot;:1,&quot;_us_grid_post_type&quot;:&quot;post&quot;,&quot;page_args&quot;:[]}}'><\/div>\r\n\t<\/div><\/div><\/div><\/div><\/div><\/div><\/section>\n","protected":false},"excerpt":{"rendered":"&nbsp; 27 de janeiro de 2022 &nbsp; NOTA DE REP\u00daDIO A MANIFESTA\u00c7\u00d5ES QUE CLASSIFICAM DE ABUSIVAS AS ATUA\u00c7\u00d5ES DOS PROMOTORES SOBRE A IMUNIZA\u00c7\u00c3O DE CRIAN\u00c7AS &nbsp; A ASSOCIA\u00c7\u00c3O NACIONAL DOS MEMBROS DO MINIST\u00c9RIO P\u00daBLICO DE DEFESA DOS DIREITOS DAS PESSOAS COM DEFICI\u00caNCIA E IDOSOS \u2013 AMPID vem a p\u00fablico, por meio da presente nota, externar...","protected":false},"author":1,"featured_media":0,"parent":0,"menu_order":0,"comment_status":"closed","ping_status":"closed","template":"","meta":{"_acf_changed":false,"inline_featured_image":false,"footnotes":""},"class_list":["post-10554","page","type-page","status-publish","hentry"],"acf":[],"_links":{"self":[{"href":"http:\/\/ampid.org.br\/site2020\/index.php?rest_route=\/wp\/v2\/pages\/10554","targetHints":{"allow":["GET"]}}],"collection":[{"href":"http:\/\/ampid.org.br\/site2020\/index.php?rest_route=\/wp\/v2\/pages"}],"about":[{"href":"http:\/\/ampid.org.br\/site2020\/index.php?rest_route=\/wp\/v2\/types\/page"}],"author":[{"embeddable":true,"href":"http:\/\/ampid.org.br\/site2020\/index.php?rest_route=\/wp\/v2\/users\/1"}],"replies":[{"embeddable":true,"href":"http:\/\/ampid.org.br\/site2020\/index.php?rest_route=%2Fwp%2Fv2%2Fcomments&post=10554"}],"version-history":[{"count":2,"href":"http:\/\/ampid.org.br\/site2020\/index.php?rest_route=\/wp\/v2\/pages\/10554\/revisions"}],"predecessor-version":[{"id":10573,"href":"http:\/\/ampid.org.br\/site2020\/index.php?rest_route=\/wp\/v2\/pages\/10554\/revisions\/10573"}],"wp:attachment":[{"href":"http:\/\/ampid.org.br\/site2020\/index.php?rest_route=%2Fwp%2Fv2%2Fmedia&parent=10554"}],"curies":[{"name":"wp","href":"https:\/\/api.w.org\/{rel}","templated":true}]}}